{"id":23961,"date":"2022-11-02T21:02:55","date_gmt":"2022-11-02T20:02:55","guid":{"rendered":"https:\/\/www.evang-friedhof.at\/simmering\/?page_id=23961"},"modified":"2022-11-02T21:02:55","modified_gmt":"2022-11-02T20:02:55","slug":"dr-otto-zsigmondy","status":"publish","type":"page","link":"https:\/\/www.evang-friedhof.at\/simmering\/dr-otto-zsigmondy\/","title":{"rendered":"Dr. Otto ZSIGMONDY"},"content":{"rendered":"<p><a href=\"http:\/\/www.evang-friedhof.at\/simmering\/wp-content\/uploads\/2022\/11\/G-101-Zsigmondy.jpg\"><img loading=\"lazy\" decoding=\"async\" class=\"alignleft size-medium wp-image-23955\" src=\"http:\/\/www.evang-friedhof.at\/simmering\/wp-content\/uploads\/2022\/11\/G-101-Zsigmondy-225x300.jpg\" alt=\"\" width=\"225\" height=\"300\" srcset=\"https:\/\/www.evang-friedhof.at\/simmering\/wp-content\/uploads\/2022\/11\/G-101-Zsigmondy-225x300.jpg 225w, https:\/\/www.evang-friedhof.at\/simmering\/wp-content\/uploads\/2022\/11\/G-101-Zsigmondy-768x1024.jpg 768w, https:\/\/www.evang-friedhof.at\/simmering\/wp-content\/uploads\/2022\/11\/G-101-Zsigmondy-350x467.jpg 350w, https:\/\/www.evang-friedhof.at\/simmering\/wp-content\/uploads\/2022\/11\/G-101-Zsigmondy.jpg 1080w\" sizes=\"auto, (max-width: 225px) 100vw, 225px\" \/><\/a>Bergsteiger, Zahnarzt<\/p>\n<p>geb.: 6. 01. 1860, Wien<br \/>\ngest.: 30. 06. 1917, Wien<\/p>\n<p>Der Sohn von Adolf Zsigmondy, der wie der Vater das Studium der Medizin gew\u00e4hlt und sich auf Zahnheilkunde spezialisiert hatte, bildete zusammen mit seinem Bruder Emil eine erfolgreiche Seilschaft, die zahlreiche Erstbesteigungen und Begehungen, wie die Gro\u00dfe M\u00f6seler Nordwand, das \u201eFirndreieck\u201c in den Zillertaler Alpen oder 1885 die Gesamt\u00fcberschreitung des Meije (Dauphin\u00e9) verzeichnen konnte. Im selben Jahr st\u00fcrzte sein Bruder Emil bei dem Versuch der gemeinsamen Erstbegehung der Meije S\u00fcdwand ab. Das Erlebnis des Todessturzes eines Bruders hatte ihn so tief bewegt, dass er seine Habilitationsschrift nicht vollendete und seine wissenschaftliche Karriere, abbrach.<\/p>\n<p>1894 wurde Otto Zsigmondy Pr\u00e4sident des \u00d6sterreichischen Alpenclubs.<\/p>\n<p>Lit.:<br \/>\nCzeike Felix: Historisches Lexikon Wien, Bd. 5, Wien 1997, S. 712 Mecenseffy Grete: Evangelische Lehrer an der Wiener Universit\u00e4t, Wien 1967, S. 84<\/p>\n","protected":false},"excerpt":{"rendered":"<p>Bergsteiger, Zahnarzt geb.: 6. 01. 1860, Wien gest.: 30. 06. 1917, Wien Der Sohn von Adolf Zsigmondy, der wie der Vater das Studium der Medizin gew\u00e4hlt und sich auf Zahnheilkunde spezialisiert hatte, bildete zusammen mit seinem Bruder Emil eine erfolgreiche Seilschaft, die zahlreiche Erstbesteigungen und Begehungen, wie die Gro\u00dfe M\u00f6seler Nordwand, das \u201eFirndreieck\u201c in den &hellip; <\/p>\n<p class=\"link-more\"><a href=\"https:\/\/www.evang-friedhof.at\/simmering\/dr-otto-zsigmondy\/\" class=\"more-link\"><span class=\"screen-reader-text\">\u201eDr. Otto ZSIGMONDY\u201c <\/span>weiterlesen<\/a><\/p>\n","protected":false},"author":1,"featured_media":0,"parent":0,"menu_order":0,"comment_status":"closed","ping_status":"closed","template":"","meta":{"ngg_post_thumbnail":0,"footnotes":""},"class_list":["post-23961","page","type-page","status-publish","hentry"],"_links":{"self":[{"href":"https:\/\/www.evang-friedhof.at\/simmering\/wp-json\/wp\/v2\/pages\/23961","targetHints":{"allow":["GET"]}}],"collection":[{"href":"https:\/\/www.evang-friedhof.at\/simmering\/wp-json\/wp\/v2\/pages"}],"about":[{"href":"https:\/\/www.evang-friedhof.at\/simmering\/wp-json\/wp\/v2\/types\/page"}],"author":[{"embeddable":true,"href":"https:\/\/www.evang-friedhof.at\/simmering\/wp-json\/wp\/v2\/users\/1"}],"replies":[{"embeddable":true,"href":"https:\/\/www.evang-friedhof.at\/simmering\/wp-json\/wp\/v2\/comments?post=23961"}],"version-history":[{"count":1,"href":"https:\/\/www.evang-friedhof.at\/simmering\/wp-json\/wp\/v2\/pages\/23961\/revisions"}],"predecessor-version":[{"id":23962,"href":"https:\/\/www.evang-friedhof.at\/simmering\/wp-json\/wp\/v2\/pages\/23961\/revisions\/23962"}],"wp:attachment":[{"href":"https:\/\/www.evang-friedhof.at\/simmering\/wp-json\/wp\/v2\/media?parent=23961"}],"curies":[{"name":"wp","href":"https:\/\/api.w.org\/{rel}","templated":true}]}}