{"id":23959,"date":"2022-11-02T21:02:37","date_gmt":"2022-11-02T20:02:37","guid":{"rendered":"https:\/\/www.evang-friedhof.at\/simmering\/?page_id=23959"},"modified":"2022-11-02T21:02:37","modified_gmt":"2022-11-02T20:02:37","slug":"dr-karl-zsigmondy","status":"publish","type":"page","link":"https:\/\/www.evang-friedhof.at\/simmering\/dr-karl-zsigmondy\/","title":{"rendered":"Dr. Karl ZSIGMONDY"},"content":{"rendered":"<p><a href=\"http:\/\/www.evang-friedhof.at\/simmering\/wp-content\/uploads\/2022\/11\/G-101-Zsigmondy.jpg\"><img loading=\"lazy\" decoding=\"async\" class=\"alignleft size-medium wp-image-23955\" src=\"http:\/\/www.evang-friedhof.at\/simmering\/wp-content\/uploads\/2022\/11\/G-101-Zsigmondy-225x300.jpg\" alt=\"\" width=\"225\" height=\"300\" srcset=\"https:\/\/www.evang-friedhof.at\/simmering\/wp-content\/uploads\/2022\/11\/G-101-Zsigmondy-225x300.jpg 225w, https:\/\/www.evang-friedhof.at\/simmering\/wp-content\/uploads\/2022\/11\/G-101-Zsigmondy-768x1024.jpg 768w, https:\/\/www.evang-friedhof.at\/simmering\/wp-content\/uploads\/2022\/11\/G-101-Zsigmondy-350x467.jpg 350w, https:\/\/www.evang-friedhof.at\/simmering\/wp-content\/uploads\/2022\/11\/G-101-Zsigmondy.jpg 1080w\" sizes=\"auto, (max-width: 225px) 100vw, 225px\" \/><\/a>Mathematiker<\/p>\n<p>geb.: 17. 03. 1867,<br \/>\ngest.: 15. 10. 1925, Wien<\/p>\n<p>Der Sohn von Adolf Zsigmondy besuchte das Gymnasium in Hernals und studierte anschlie\u00dfend Mathematik und theoretische Physik an der Wiener Universit\u00e4t. Zu seinen Lehrern z\u00e4hlten Gustav von Escherich, Emil Weyr und Josef Stefan. Nach seiner Promotion zum Doktor der Philosophie im Jahr 1890 verlie\u00df er Wien, um seine Studien in Berlin zu vertiefen.<\/p>\n<p>Bereits seine Dissertation \u201e\u00dcber die Eigenschaften der Binominal &#8211; Reihe und einige Auswirkungen derselben\u201c, zeigte schon seine zuk\u00fcnftigen Interessen. In Berlin widmete sich Karl Zsigmondy 1891\/92 dem Studium der Zahlentheorie bei den Professoren Kronecker, Helmholtz und Fuchs. Nach dem Tod von Professor Kronecker verlie\u00df er Berlin um sich bei Professor F. Klein in G\u00f6ttingen weiter zu bilden. Da G\u00f6ttingen nicht seinen Erwartungen entsprach, setzte er seine Studien in Paris an der Sorbonne und am Coll\u00e8ge de France fort.<\/p>\n<p>1893 kehrte er nach Wien zur\u00fcck, um sich zu habilitieren. Nebenbei besuchte er Vorlesungen bei Professor Leopold Gegenbauer. Als Dozent hielt er Vorlesungen \u00fcber die Theorie der Kettenbr\u00fcche, Kugelfunktionen, die n\u00e4herungsweise Berechnung von Funktionswerten, arithmetisch &#8211; algebraische Analysen sowie \u00fcber Differential &#8211; und Integralrechnung. Gleichzeitig arbeitete Karl Zsigmondy als Assistent an der Wiener Technischen Hochschule. 1899 war er bereits Honorarprofessor und 1902 Extraordinarius und schlie\u00dflich erhielt er 1905 eine Berufung als ordentlicher Professor an die Deutsche Technische Hochschule in Prag. Doch schon ein Jahr sp\u00e4ter kehrte er als Ordinarius an die Wiener Technische Hochschule zur\u00fcck, wo er Vorstand der Lehrkanzel f\u00fcr Mathematik I und ab 1921 bis zu seinem Tod 1925 f\u00fcr Mathematik II war.<\/p>\n<p>F\u00fcr die Studienjahre 1916\/17 bzw. 1920\/21 w\u00e4hlte ihn das Professorenkollegium zum Dekan sowie 1918\/19 zum Rektor der Hochschule. 1921 erhielt er f\u00fcr seine Verdienste den Titel Hofrat verliehen.<\/p>\n<p>Lit.:<br \/>\nMecenseffy Grete: Evangelische Lehrer an der Wiener Universit\u00e4t, Wien 1967, S. 221f<\/p>\n","protected":false},"excerpt":{"rendered":"<p>Mathematiker geb.: 17. 03. 1867, gest.: 15. 10. 1925, Wien Der Sohn von Adolf Zsigmondy besuchte das Gymnasium in Hernals und studierte anschlie\u00dfend Mathematik und theoretische Physik an der Wiener Universit\u00e4t. Zu seinen Lehrern z\u00e4hlten Gustav von Escherich, Emil Weyr und Josef Stefan. Nach seiner Promotion zum Doktor der Philosophie im Jahr 1890 verlie\u00df er &hellip; <\/p>\n<p class=\"link-more\"><a href=\"https:\/\/www.evang-friedhof.at\/simmering\/dr-karl-zsigmondy\/\" class=\"more-link\"><span class=\"screen-reader-text\">\u201eDr. Karl ZSIGMONDY\u201c <\/span>weiterlesen<\/a><\/p>\n","protected":false},"author":1,"featured_media":0,"parent":0,"menu_order":0,"comment_status":"closed","ping_status":"closed","template":"","meta":{"ngg_post_thumbnail":0,"footnotes":""},"class_list":["post-23959","page","type-page","status-publish","hentry"],"_links":{"self":[{"href":"https:\/\/www.evang-friedhof.at\/simmering\/wp-json\/wp\/v2\/pages\/23959","targetHints":{"allow":["GET"]}}],"collection":[{"href":"https:\/\/www.evang-friedhof.at\/simmering\/wp-json\/wp\/v2\/pages"}],"about":[{"href":"https:\/\/www.evang-friedhof.at\/simmering\/wp-json\/wp\/v2\/types\/page"}],"author":[{"embeddable":true,"href":"https:\/\/www.evang-friedhof.at\/simmering\/wp-json\/wp\/v2\/users\/1"}],"replies":[{"embeddable":true,"href":"https:\/\/www.evang-friedhof.at\/simmering\/wp-json\/wp\/v2\/comments?post=23959"}],"version-history":[{"count":1,"href":"https:\/\/www.evang-friedhof.at\/simmering\/wp-json\/wp\/v2\/pages\/23959\/revisions"}],"predecessor-version":[{"id":23960,"href":"https:\/\/www.evang-friedhof.at\/simmering\/wp-json\/wp\/v2\/pages\/23959\/revisions\/23960"}],"wp:attachment":[{"href":"https:\/\/www.evang-friedhof.at\/simmering\/wp-json\/wp\/v2\/media?parent=23959"}],"curies":[{"name":"wp","href":"https:\/\/api.w.org\/{rel}","templated":true}]}}