{"id":23954,"date":"2022-11-02T21:01:39","date_gmt":"2022-11-02T20:01:39","guid":{"rendered":"https:\/\/www.evang-friedhof.at\/simmering\/?page_id=23954"},"modified":"2022-11-02T21:01:39","modified_gmt":"2022-11-02T20:01:39","slug":"dr-adolf-zsigmondy","status":"publish","type":"page","link":"https:\/\/www.evang-friedhof.at\/simmering\/dr-adolf-zsigmondy\/","title":{"rendered":"Dr. Adolf ZSIGMONDY"},"content":{"rendered":"<p><a href=\"http:\/\/www.evang-friedhof.at\/simmering\/wp-content\/uploads\/2022\/11\/G-101-Zsigmondy.jpg\"><img loading=\"lazy\" decoding=\"async\" class=\"alignleft size-medium wp-image-23955\" src=\"http:\/\/www.evang-friedhof.at\/simmering\/wp-content\/uploads\/2022\/11\/G-101-Zsigmondy-225x300.jpg\" alt=\"\" width=\"225\" height=\"300\" srcset=\"https:\/\/www.evang-friedhof.at\/simmering\/wp-content\/uploads\/2022\/11\/G-101-Zsigmondy-225x300.jpg 225w, https:\/\/www.evang-friedhof.at\/simmering\/wp-content\/uploads\/2022\/11\/G-101-Zsigmondy-768x1024.jpg 768w, https:\/\/www.evang-friedhof.at\/simmering\/wp-content\/uploads\/2022\/11\/G-101-Zsigmondy-350x467.jpg 350w, https:\/\/www.evang-friedhof.at\/simmering\/wp-content\/uploads\/2022\/11\/G-101-Zsigmondy.jpg 1080w\" sizes=\"auto, (max-width: 225px) 100vw, 225px\" \/><\/a>Arzt<\/p>\n<p>geb.: 26. 09. 1816, Pre\u00dfburg (Pozsoni) (Bratislava) heute Slowakei<br \/>\ngest.: 24. 06. 1880, Wien<\/p>\n<p>Die Familie Zsigmondy stammte aus Budapest und war nach Pressburg \u00fcbersiedelt, wo der Vater am evangelischen Lyzeum unterrichtete. Nach Studien in Pest und Wien promovierte Adolf Zsigmondy 1840 zum Doktor der Medizin und erhielt seine Spezialausbildung als Operationsz\u00f6gling an der chirurgischen Abteilung von Franz Schuh im Allgemeinen Krankenhaus.<\/p>\n<p>1848 wurde er Primararzt im Leopoldst\u00e4dter Strafhaus und leitete w\u00e4hrend der Belagerung von Wien ein Notspital f\u00fcr Verwundete. Als das Strafhaus nach Stein verlegt werden sollte wandte sich Zsigmondy von der Chirurgie ab und beschloss Zahnarzt zu werden. Nachdem er zuerst bei Georg Carabelli die franz\u00f6sische Methode der Zahnkonservierung erlernt hatte, sie aber als unbefriedigend empfand, weil die im \u00e4u\u00dferst mangelhaft gereinigten Zahn eingef\u00fcllte Regnard\u00b4sche Masse diesen nicht wirklich sch\u00fctzte. Erst als Sch\u00fcler des Pioniers der wissenschaftlichen Zahnheilkunde Moriz Heider erhielt er eine hervorragende Ausbildung und erlangte 1853 das Magisterium der Zahnheilkunde.<\/p>\n<p>Als schlie\u00dflich die Strafanstalt 1856 tats\u00e4chlich nach Stein verlegt wurde, erfolgte 1857 seine Ernennung zum Primar der Zweiten chirurgischen Klinik im Allgemeinen Krankenhaus. Er kam dieser Berufung nach, widmete sich aber parallel dazu der Zahnheilkunde, f\u00fcr die er sich 1868 in Wien habilitierte. Er fertigte eine Sammlung k\u00fcnstlicher Gebisse an, die auf der Pariser Weltausstellung von 1878 preisgekr\u00f6nt wurden. Die noch heute gebr\u00e4uchliche Bezeichnung der Z\u00e4hne gem\u00e4\u00df der Federation Dentaire Internationale geht auf ihn zur\u00fcck.<\/p>\n<p>Nachdem Adolf Zsigmondy urspr\u00fcnglich auf dem Matzleinsdorfer Friedhof bestattet worden war, erfolgte 1918 seine Umbettung in ein Grab auf dem evangelischen Friedhof Simmering.<\/p>\n<p>Lit.:<br \/>\nCzeike Felix: Historisches Lexikon Wien, Bd. 5, Wien 1997, S. 711f Mecenseffy Grete: Evangelische Lehrer an der Wiener Universit\u00e4t, Wien 1967, S. 83ff<\/p>\n","protected":false},"excerpt":{"rendered":"<p>Arzt geb.: 26. 09. 1816, Pre\u00dfburg (Pozsoni) (Bratislava) heute Slowakei gest.: 24. 06. 1880, Wien Die Familie Zsigmondy stammte aus Budapest und war nach Pressburg \u00fcbersiedelt, wo der Vater am evangelischen Lyzeum unterrichtete. Nach Studien in Pest und Wien promovierte Adolf Zsigmondy 1840 zum Doktor der Medizin und erhielt seine Spezialausbildung als Operationsz\u00f6gling an der &hellip; <\/p>\n<p class=\"link-more\"><a href=\"https:\/\/www.evang-friedhof.at\/simmering\/dr-adolf-zsigmondy\/\" class=\"more-link\"><span class=\"screen-reader-text\">\u201eDr. Adolf ZSIGMONDY\u201c <\/span>weiterlesen<\/a><\/p>\n","protected":false},"author":1,"featured_media":0,"parent":0,"menu_order":0,"comment_status":"closed","ping_status":"closed","template":"","meta":{"ngg_post_thumbnail":0,"footnotes":""},"class_list":["post-23954","page","type-page","status-publish","hentry"],"_links":{"self":[{"href":"https:\/\/www.evang-friedhof.at\/simmering\/wp-json\/wp\/v2\/pages\/23954","targetHints":{"allow":["GET"]}}],"collection":[{"href":"https:\/\/www.evang-friedhof.at\/simmering\/wp-json\/wp\/v2\/pages"}],"about":[{"href":"https:\/\/www.evang-friedhof.at\/simmering\/wp-json\/wp\/v2\/types\/page"}],"author":[{"embeddable":true,"href":"https:\/\/www.evang-friedhof.at\/simmering\/wp-json\/wp\/v2\/users\/1"}],"replies":[{"embeddable":true,"href":"https:\/\/www.evang-friedhof.at\/simmering\/wp-json\/wp\/v2\/comments?post=23954"}],"version-history":[{"count":1,"href":"https:\/\/www.evang-friedhof.at\/simmering\/wp-json\/wp\/v2\/pages\/23954\/revisions"}],"predecessor-version":[{"id":23956,"href":"https:\/\/www.evang-friedhof.at\/simmering\/wp-json\/wp\/v2\/pages\/23954\/revisions\/23956"}],"wp:attachment":[{"href":"https:\/\/www.evang-friedhof.at\/simmering\/wp-json\/wp\/v2\/media?parent=23954"}],"curies":[{"name":"wp","href":"https:\/\/api.w.org\/{rel}","templated":true}]}}