{"id":23951,"date":"2022-11-02T21:01:04","date_gmt":"2022-11-02T20:01:04","guid":{"rendered":"https:\/\/www.evang-friedhof.at\/simmering\/?page_id=23951"},"modified":"2022-11-02T21:01:04","modified_gmt":"2022-11-02T20:01:04","slug":"ddr-paul-von-zimmermann","status":"publish","type":"page","link":"https:\/\/www.evang-friedhof.at\/simmering\/ddr-paul-von-zimmermann\/","title":{"rendered":"DDr. Paul von ZIMMERMANN"},"content":{"rendered":"<div class=\"description\"><a href=\"http:\/\/www.evang-friedhof.at\/simmering\/wp-content\/uploads\/2022\/11\/P-9-Zimmermann-2.jpg\"><img loading=\"lazy\" decoding=\"async\" class=\"alignleft size-medium wp-image-23952\" src=\"http:\/\/www.evang-friedhof.at\/simmering\/wp-content\/uploads\/2022\/11\/P-9-Zimmermann-2-225x300.jpg\" alt=\"\" width=\"225\" height=\"300\" srcset=\"https:\/\/www.evang-friedhof.at\/simmering\/wp-content\/uploads\/2022\/11\/P-9-Zimmermann-2-225x300.jpg 225w, https:\/\/www.evang-friedhof.at\/simmering\/wp-content\/uploads\/2022\/11\/P-9-Zimmermann-2-350x467.jpg 350w, https:\/\/www.evang-friedhof.at\/simmering\/wp-content\/uploads\/2022\/11\/P-9-Zimmermann-2.jpg 768w\" sizes=\"auto, (max-width: 225px) 100vw, 225px\" \/><\/a>Universit\u00e4tsprofessor<\/p>\n<p>geb.: 3. 09. 1843<br \/>\ngest.: 6. 03. 1927, Wien<\/p>\n<p>Paul Zimmermann wurde 1874 Pfarrer in Wien Innere Stadt und \u00fcbte dies Amt bis 1925 aus. Daneben las er als au\u00dferordentlicher Universit\u00e4tsprofessor Religionsphilosophie an der Wiener Universit\u00e4t.<\/p>\n<p>Beim Begr\u00e4bnisgottesdienst von Theodor Billroth in der Dorotheerkirche hielt er die Grabrede \u00fcber das Thema \u201eDer Menschen Sohn ist nicht gekommen der Menschen Seele zu verderben, sondern zu erhalten.\u201c<\/p>\n<p>Lit.:<br \/>\nNeuer Krakauer Schreib &#8211; Kalender f\u00fcr das Schaltjahr nach der Geburt Jesu Christi 1912, Wien 1912, S. 38, 85 Mecenseffy Grete: Evangelische Lehrer an der Wiener Universit\u00e4t, Wien 1967, S. 90<\/p><\/div>\n","protected":false},"excerpt":{"rendered":"<p>Universit\u00e4tsprofessor geb.: 3. 09. 1843 gest.: 6. 03. 1927, Wien Paul Zimmermann wurde 1874 Pfarrer in Wien Innere Stadt und \u00fcbte dies Amt bis 1925 aus. Daneben las er als au\u00dferordentlicher Universit\u00e4tsprofessor Religionsphilosophie an der Wiener Universit\u00e4t. Beim Begr\u00e4bnisgottesdienst von Theodor Billroth in der Dorotheerkirche hielt er die Grabrede \u00fcber das Thema \u201eDer Menschen Sohn &hellip; <\/p>\n<p class=\"link-more\"><a href=\"https:\/\/www.evang-friedhof.at\/simmering\/ddr-paul-von-zimmermann\/\" class=\"more-link\"><span class=\"screen-reader-text\">\u201eDDr. Paul von ZIMMERMANN\u201c <\/span>weiterlesen<\/a><\/p>\n","protected":false},"author":1,"featured_media":0,"parent":0,"menu_order":0,"comment_status":"closed","ping_status":"closed","template":"","meta":{"ngg_post_thumbnail":0,"footnotes":""},"class_list":["post-23951","page","type-page","status-publish","hentry"],"_links":{"self":[{"href":"https:\/\/www.evang-friedhof.at\/simmering\/wp-json\/wp\/v2\/pages\/23951","targetHints":{"allow":["GET"]}}],"collection":[{"href":"https:\/\/www.evang-friedhof.at\/simmering\/wp-json\/wp\/v2\/pages"}],"about":[{"href":"https:\/\/www.evang-friedhof.at\/simmering\/wp-json\/wp\/v2\/types\/page"}],"author":[{"embeddable":true,"href":"https:\/\/www.evang-friedhof.at\/simmering\/wp-json\/wp\/v2\/users\/1"}],"replies":[{"embeddable":true,"href":"https:\/\/www.evang-friedhof.at\/simmering\/wp-json\/wp\/v2\/comments?post=23951"}],"version-history":[{"count":1,"href":"https:\/\/www.evang-friedhof.at\/simmering\/wp-json\/wp\/v2\/pages\/23951\/revisions"}],"predecessor-version":[{"id":23953,"href":"https:\/\/www.evang-friedhof.at\/simmering\/wp-json\/wp\/v2\/pages\/23951\/revisions\/23953"}],"wp:attachment":[{"href":"https:\/\/www.evang-friedhof.at\/simmering\/wp-json\/wp\/v2\/media?parent=23951"}],"curies":[{"name":"wp","href":"https:\/\/api.w.org\/{rel}","templated":true}]}}