{"id":23948,"date":"2022-11-02T21:00:44","date_gmt":"2022-11-02T20:00:44","guid":{"rendered":"https:\/\/www.evang-friedhof.at\/simmering\/?page_id=23948"},"modified":"2022-11-02T21:00:44","modified_gmt":"2022-11-02T20:00:44","slug":"jakob-wolfer","status":"publish","type":"page","link":"https:\/\/www.evang-friedhof.at\/simmering\/jakob-wolfer\/","title":{"rendered":"Jakob WOLFER"},"content":{"rendered":"<div class=\"description\"><a href=\"http:\/\/www.evang-friedhof.at\/simmering\/wp-content\/uploads\/2022\/11\/P-2-Wolfer-1.jpg\"><img loading=\"lazy\" decoding=\"async\" class=\"alignleft size-medium wp-image-23949\" src=\"http:\/\/www.evang-friedhof.at\/simmering\/wp-content\/uploads\/2022\/11\/P-2-Wolfer-1-225x300.jpg\" alt=\"\" width=\"225\" height=\"300\" srcset=\"https:\/\/www.evang-friedhof.at\/simmering\/wp-content\/uploads\/2022\/11\/P-2-Wolfer-1-225x300.jpg 225w, https:\/\/www.evang-friedhof.at\/simmering\/wp-content\/uploads\/2022\/11\/P-2-Wolfer-1-350x467.jpg 350w, https:\/\/www.evang-friedhof.at\/simmering\/wp-content\/uploads\/2022\/11\/P-2-Wolfer-1.jpg 768w\" sizes=\"auto, (max-width: 225px) 100vw, 225px\" \/><\/a>Pfarrer<\/p>\n<p>geb.: 17. 01. 1917, Drohobycz (Drohobytsch) Galizien, heute Ukraine<br \/>\ngest.: 6. 05. 1984, Wien<\/p>\n<p>Jakob Wolfer kam 1938 nach \u00d6sterreich und bekam bald die Verantwortung f\u00fcr die Gemeinde Wien &#8211; W\u00e4hring \u00fcbertragen. Nach dem ende des Zweiten Weltkriegs wirkte er vor\u00fcbergehend in Vorarlberg, kehrte aber schlie\u00dflich nach Wien &#8211; W\u00e4hring zur\u00fcck. Hier widmete er sich dem Wiederaufbau der zerst\u00f6rten Lutherkirche, der Wiederer\u00f6ffnung der Lutherschule und f\u00f6rderte die Verselbst\u00e4ndigung der Gemeinden Ottakring und D\u00f6bling.<\/p>\n<p>Au\u00dferdem war er \u00fcbergemeindlich t\u00e4tig, so \u00fcbte er unter anderem das Amt des Obmanns des Friedhofsausschusses der Wiener Pfarrgemeinden A.B. und H.B. aus. 1965 wurde er zum Senior gew\u00e4hlt und 1972 zum au\u00dferordentlichen geistlichen Oberkirchenrat.<\/p><\/div>\n","protected":false},"excerpt":{"rendered":"<p>Pfarrer geb.: 17. 01. 1917, Drohobycz (Drohobytsch) Galizien, heute Ukraine gest.: 6. 05. 1984, Wien Jakob Wolfer kam 1938 nach \u00d6sterreich und bekam bald die Verantwortung f\u00fcr die Gemeinde Wien &#8211; W\u00e4hring \u00fcbertragen. Nach dem ende des Zweiten Weltkriegs wirkte er vor\u00fcbergehend in Vorarlberg, kehrte aber schlie\u00dflich nach Wien &#8211; W\u00e4hring zur\u00fcck. Hier widmete er &hellip; <\/p>\n<p class=\"link-more\"><a href=\"https:\/\/www.evang-friedhof.at\/simmering\/jakob-wolfer\/\" class=\"more-link\"><span class=\"screen-reader-text\">\u201eJakob WOLFER\u201c <\/span>weiterlesen<\/a><\/p>\n","protected":false},"author":1,"featured_media":0,"parent":0,"menu_order":0,"comment_status":"closed","ping_status":"closed","template":"","meta":{"ngg_post_thumbnail":0,"footnotes":""},"class_list":["post-23948","page","type-page","status-publish","hentry"],"_links":{"self":[{"href":"https:\/\/www.evang-friedhof.at\/simmering\/wp-json\/wp\/v2\/pages\/23948","targetHints":{"allow":["GET"]}}],"collection":[{"href":"https:\/\/www.evang-friedhof.at\/simmering\/wp-json\/wp\/v2\/pages"}],"about":[{"href":"https:\/\/www.evang-friedhof.at\/simmering\/wp-json\/wp\/v2\/types\/page"}],"author":[{"embeddable":true,"href":"https:\/\/www.evang-friedhof.at\/simmering\/wp-json\/wp\/v2\/users\/1"}],"replies":[{"embeddable":true,"href":"https:\/\/www.evang-friedhof.at\/simmering\/wp-json\/wp\/v2\/comments?post=23948"}],"version-history":[{"count":1,"href":"https:\/\/www.evang-friedhof.at\/simmering\/wp-json\/wp\/v2\/pages\/23948\/revisions"}],"predecessor-version":[{"id":23950,"href":"https:\/\/www.evang-friedhof.at\/simmering\/wp-json\/wp\/v2\/pages\/23948\/revisions\/23950"}],"wp:attachment":[{"href":"https:\/\/www.evang-friedhof.at\/simmering\/wp-json\/wp\/v2\/media?parent=23948"}],"curies":[{"name":"wp","href":"https:\/\/api.w.org\/{rel}","templated":true}]}}