{"id":23943,"date":"2022-11-02T21:00:04","date_gmt":"2022-11-02T20:00:04","guid":{"rendered":"https:\/\/www.evang-friedhof.at\/simmering\/?page_id=23943"},"modified":"2022-11-02T21:00:04","modified_gmt":"2022-11-02T20:00:04","slug":"dr-edgar-witz-oberlin","status":"publish","type":"page","link":"https:\/\/www.evang-friedhof.at\/simmering\/dr-edgar-witz-oberlin\/","title":{"rendered":"Dr. Edgar WITZ &#8211; OBERLIN"},"content":{"rendered":"<div class=\"description\"><a href=\"http:\/\/www.evang-friedhof.at\/simmering\/wp-content\/uploads\/2022\/11\/P-11-Oberlin.jpg\"><img loading=\"lazy\" decoding=\"async\" class=\"alignleft size-medium wp-image-23944\" src=\"http:\/\/www.evang-friedhof.at\/simmering\/wp-content\/uploads\/2022\/11\/P-11-Oberlin-225x300.jpg\" alt=\"\" width=\"225\" height=\"300\" srcset=\"https:\/\/www.evang-friedhof.at\/simmering\/wp-content\/uploads\/2022\/11\/P-11-Oberlin-225x300.jpg 225w, https:\/\/www.evang-friedhof.at\/simmering\/wp-content\/uploads\/2022\/11\/P-11-Oberlin-768x1024.jpg 768w, https:\/\/www.evang-friedhof.at\/simmering\/wp-content\/uploads\/2022\/11\/P-11-Oberlin-350x467.jpg 350w, https:\/\/www.evang-friedhof.at\/simmering\/wp-content\/uploads\/2022\/11\/P-11-Oberlin.jpg 1080w\" sizes=\"auto, (max-width: 225px) 100vw, 225px\" \/><\/a>Kammeramtsdirektor<\/p>\n<p>geb.: 3. 10. 1873<br \/>\ngest.: 26. 09. 1953, Wien<\/p>\n<p>Der Sohn des Wiener Pfarrers und Oberkirchenrats Carl Alphons Witz &#8211; Oberlin studierte an der Universit\u00e4t Rechtswissenschaften. Nach seiner Promotion trat er in den \u00f6ffentlichen Dienst ein. Er begann als Konzipist in der Finanzprokuratur und kam dann in die Handels &#8211; und Gewerbekammer f\u00fcr \u00d6sterreich unter der Enns. Dort stieg er vom Konsulenten zum Sekret\u00e4rstellvertreter und Sekret\u00e4r sowie Kammeramtsdirektor auf. Er erhielt den Titel Hofrat verliehen.<\/p>\n<p>Lit.:<br \/>\nLehmanns Wiener Adre\u00dfbuch, Wien 1904, Teil II, S. 110.<br \/>\nLehmanns Wiener Adre\u00dfbuch, Wien 1905, Teil II, S. 112.<br \/>\nLehmanns Wiener Adre\u00dfbuch, Wien 1906, Teil II, S. 102.<br \/>\nLehmanns Wiener Adre\u00dfbuch, Wien 1938, Teil I, S. 1459.<\/p><\/div>\n","protected":false},"excerpt":{"rendered":"<p>Kammeramtsdirektor geb.: 3. 10. 1873 gest.: 26. 09. 1953, Wien Der Sohn des Wiener Pfarrers und Oberkirchenrats Carl Alphons Witz &#8211; Oberlin studierte an der Universit\u00e4t Rechtswissenschaften. Nach seiner Promotion trat er in den \u00f6ffentlichen Dienst ein. Er begann als Konzipist in der Finanzprokuratur und kam dann in die Handels &#8211; und Gewerbekammer f\u00fcr \u00d6sterreich &hellip; <\/p>\n<p class=\"link-more\"><a href=\"https:\/\/www.evang-friedhof.at\/simmering\/dr-edgar-witz-oberlin\/\" class=\"more-link\"><span class=\"screen-reader-text\">\u201eDr. Edgar WITZ &#8211; OBERLIN\u201c <\/span>weiterlesen<\/a><\/p>\n","protected":false},"author":1,"featured_media":0,"parent":0,"menu_order":0,"comment_status":"closed","ping_status":"closed","template":"","meta":{"ngg_post_thumbnail":0,"footnotes":""},"class_list":["post-23943","page","type-page","status-publish","hentry"],"_links":{"self":[{"href":"https:\/\/www.evang-friedhof.at\/simmering\/wp-json\/wp\/v2\/pages\/23943","targetHints":{"allow":["GET"]}}],"collection":[{"href":"https:\/\/www.evang-friedhof.at\/simmering\/wp-json\/wp\/v2\/pages"}],"about":[{"href":"https:\/\/www.evang-friedhof.at\/simmering\/wp-json\/wp\/v2\/types\/page"}],"author":[{"embeddable":true,"href":"https:\/\/www.evang-friedhof.at\/simmering\/wp-json\/wp\/v2\/users\/1"}],"replies":[{"embeddable":true,"href":"https:\/\/www.evang-friedhof.at\/simmering\/wp-json\/wp\/v2\/comments?post=23943"}],"version-history":[{"count":1,"href":"https:\/\/www.evang-friedhof.at\/simmering\/wp-json\/wp\/v2\/pages\/23943\/revisions"}],"predecessor-version":[{"id":23945,"href":"https:\/\/www.evang-friedhof.at\/simmering\/wp-json\/wp\/v2\/pages\/23943\/revisions\/23945"}],"wp:attachment":[{"href":"https:\/\/www.evang-friedhof.at\/simmering\/wp-json\/wp\/v2\/media?parent=23943"}],"curies":[{"name":"wp","href":"https:\/\/api.w.org\/{rel}","templated":true}]}}