{"id":23940,"date":"2022-11-02T20:59:37","date_gmt":"2022-11-02T19:59:37","guid":{"rendered":"https:\/\/www.evang-friedhof.at\/simmering\/?page_id=23940"},"modified":"2022-11-02T20:59:37","modified_gmt":"2022-11-02T19:59:37","slug":"dr-albert-wiedmann","status":"publish","type":"page","link":"https:\/\/www.evang-friedhof.at\/simmering\/dr-albert-wiedmann\/","title":{"rendered":"Dr. Albert WIEDMANN"},"content":{"rendered":"<p><a href=\"http:\/\/www.evang-friedhof.at\/simmering\/wp-content\/uploads\/2022\/11\/G-63.jpg\"><img loading=\"lazy\" decoding=\"async\" class=\"alignleft size-medium wp-image-23941\" src=\"http:\/\/www.evang-friedhof.at\/simmering\/wp-content\/uploads\/2022\/11\/G-63-225x300.jpg\" alt=\"\" width=\"225\" height=\"300\" srcset=\"https:\/\/www.evang-friedhof.at\/simmering\/wp-content\/uploads\/2022\/11\/G-63-225x300.jpg 225w, https:\/\/www.evang-friedhof.at\/simmering\/wp-content\/uploads\/2022\/11\/G-63-768x1024.jpg 768w, https:\/\/www.evang-friedhof.at\/simmering\/wp-content\/uploads\/2022\/11\/G-63-350x467.jpg 350w, https:\/\/www.evang-friedhof.at\/simmering\/wp-content\/uploads\/2022\/11\/G-63.jpg 1080w\" sizes=\"auto, (max-width: 225px) 100vw, 225px\" \/><\/a>Dermatologe<\/p>\n<p>geb.: 13. 04. 1901, Magdeburg<br \/>\ngest.: 19. 09. 1970, Wien<\/p>\n<p>Nach seinem Studium der Naturwissenschaften und der Medizin an der Wiener Universit\u00e4t, promovierte Albert Wiedmann 1927, doch arbeitete er schon w\u00e4hrend seines Studiums als Demonstrator unter Rudolf Maresch am pathologisch &#8211; anatomischen Institut der Universit\u00e4t.<\/p>\n<p>Seine weitere Ausbildung legte er sehr breit an, denn einerseits war er Operationsz\u00f6gling an der II. chirurgischen Universit\u00e4tsklinik unter Julius von Hochenegg und andererseits wurde er Hilfsarzt und sp\u00e4ter Assistent an der II. Hautklinik. 1936 konnte er sich habilitieren und erhielt eine Stelle als Primarius am Rainerspital.<\/p>\n<p>1939 musste er in den Krieg einr\u00fccken und wurde 1944 verhaftet und wegen Hochverrats und Zersetzung der Wehrmacht im M\u00e4rz 1945 zum Tod verurteilt. Die Vollstreckung konnte gerade noch verhindert werden.<\/p>\n<p>Nach der Befreiung widmete sich Albert Wiedmann dem Wiederaufbau der 1939 geschlossenen II. Hautklinik, deren Vorstand er 1947 wurde. 1950 erfolgte die Ernennung zum ordentlichen Professor.<\/p>\n<p>Schwerpunkte seiner reichen Forschert\u00e4tigkeit waren die Pernillen &#8211; Monotherapie der Syphilis, der varik\u00f6se Symptomenkomplex sowie allergologische und immundermatologische Fragestellungen. F\u00fcr neues aufgeschlossen wurde an seinem Institut das erste Elektronenmikroskop im deutschen Sprachraum installiert.<\/p>\n<p>Professor Albert Wiedmann war der Gatte von Kammers\u00e4ngerin Anny Konetzni.<\/p>\n<p>Lit.:<br \/>\nCzeike Felix: Historisches Lexikon Wien, Bd.5, Wien 1997, S.626 Orgel Willi (Bearb.): Wer ist wer in \u00d6sterreich, Wien 1953 S. 244 Teichl Robert (Bearb.): \u00d6sterreicher der Gegenwart, Wien 1951 S. 336<\/p>\n","protected":false},"excerpt":{"rendered":"<p>Dermatologe geb.: 13. 04. 1901, Magdeburg gest.: 19. 09. 1970, Wien Nach seinem Studium der Naturwissenschaften und der Medizin an der Wiener Universit\u00e4t, promovierte Albert Wiedmann 1927, doch arbeitete er schon w\u00e4hrend seines Studiums als Demonstrator unter Rudolf Maresch am pathologisch &#8211; anatomischen Institut der Universit\u00e4t. Seine weitere Ausbildung legte er sehr breit an, denn &hellip; <\/p>\n<p class=\"link-more\"><a href=\"https:\/\/www.evang-friedhof.at\/simmering\/dr-albert-wiedmann\/\" class=\"more-link\"><span class=\"screen-reader-text\">\u201eDr. Albert WIEDMANN\u201c <\/span>weiterlesen<\/a><\/p>\n","protected":false},"author":1,"featured_media":0,"parent":0,"menu_order":0,"comment_status":"closed","ping_status":"closed","template":"","meta":{"ngg_post_thumbnail":0,"footnotes":""},"class_list":["post-23940","page","type-page","status-publish","hentry"],"_links":{"self":[{"href":"https:\/\/www.evang-friedhof.at\/simmering\/wp-json\/wp\/v2\/pages\/23940","targetHints":{"allow":["GET"]}}],"collection":[{"href":"https:\/\/www.evang-friedhof.at\/simmering\/wp-json\/wp\/v2\/pages"}],"about":[{"href":"https:\/\/www.evang-friedhof.at\/simmering\/wp-json\/wp\/v2\/types\/page"}],"author":[{"embeddable":true,"href":"https:\/\/www.evang-friedhof.at\/simmering\/wp-json\/wp\/v2\/users\/1"}],"replies":[{"embeddable":true,"href":"https:\/\/www.evang-friedhof.at\/simmering\/wp-json\/wp\/v2\/comments?post=23940"}],"version-history":[{"count":1,"href":"https:\/\/www.evang-friedhof.at\/simmering\/wp-json\/wp\/v2\/pages\/23940\/revisions"}],"predecessor-version":[{"id":23942,"href":"https:\/\/www.evang-friedhof.at\/simmering\/wp-json\/wp\/v2\/pages\/23940\/revisions\/23942"}],"wp:attachment":[{"href":"https:\/\/www.evang-friedhof.at\/simmering\/wp-json\/wp\/v2\/media?parent=23940"}],"curies":[{"name":"wp","href":"https:\/\/api.w.org\/{rel}","templated":true}]}}