{"id":23919,"date":"2022-11-02T20:55:56","date_gmt":"2022-11-02T19:55:56","guid":{"rendered":"https:\/\/www.evang-friedhof.at\/simmering\/?page_id=23919"},"modified":"2022-11-02T20:55:56","modified_gmt":"2022-11-02T19:55:56","slug":"hans-temple","status":"publish","type":"page","link":"https:\/\/www.evang-friedhof.at\/simmering\/hans-temple\/","title":{"rendered":"Hans TEMPLE"},"content":{"rendered":"<div class=\"description\"><a href=\"http:\/\/www.evang-friedhof.at\/simmering\/wp-content\/uploads\/2022\/11\/2-569-Temple-1.jpg\"><img loading=\"lazy\" decoding=\"async\" class=\"alignleft size-medium wp-image-23920\" src=\"http:\/\/www.evang-friedhof.at\/simmering\/wp-content\/uploads\/2022\/11\/2-569-Temple-1-225x300.jpg\" alt=\"\" width=\"225\" height=\"300\" srcset=\"https:\/\/www.evang-friedhof.at\/simmering\/wp-content\/uploads\/2022\/11\/2-569-Temple-1-225x300.jpg 225w, https:\/\/www.evang-friedhof.at\/simmering\/wp-content\/uploads\/2022\/11\/2-569-Temple-1-768x1024.jpg 768w, https:\/\/www.evang-friedhof.at\/simmering\/wp-content\/uploads\/2022\/11\/2-569-Temple-1-350x467.jpg 350w, https:\/\/www.evang-friedhof.at\/simmering\/wp-content\/uploads\/2022\/11\/2-569-Temple-1.jpg 1080w\" sizes=\"auto, (max-width: 225px) 100vw, 225px\" \/><\/a>Maler<\/p>\n<p>geb.: 7. 07. 1857, Littau (L\u00edtovel) M\u00e4hren heute Tschechien<br \/>\ngest.: 2. 12. 1931, Wien<\/p>\n<p>Der K\u00fcnstler studierte in Wien an der Akademie der bildenden K\u00fcnste bei Hans Canon, der 1885 auch als sein Trauzeuge fungierte, und Heinrich von Angeli und erhielt den Staatspreis f\u00fcr das Bild \u201eDie Wahlbesprechung\u201c bzw. den Munkaczypreis f\u00fcr \u201eDas Lied\u201c.<\/p>\n<p>Nach zweij\u00e4hriger Ausbildung in Paris bei Michael von Munkaczy widmete er sich der Darstellung zeitgen\u00f6ssischer K\u00fcnstler in ihrer Atelieratmosp\u00e4re, wie beispielsweise \u201eTilgner am Mozartdenkmal arbeitend\u201c. F\u00fcr die B\u00fcrgermeistergalerie schuf er das Portrait von Hans Strobach.<\/p>\n<p>Bedeutende Werke des Malers sind \u201e Der Ringtheaterbrand\u201c, \u201eZur Stadtpost\u201c oder \u201eDer Kr\u00f6nungszug Karl V.\u201c.<\/p>\n<p>Neben zahlreichen Preisen und Ehrungen erhielt der verdienstvolle K\u00fcnstler 1927 den Titel B\u00fcrger von Wien verliehen.<\/p>\n<p>Lit.: Czeike Felix: Historisches Lexikon Wien, Bd. 5, Wien 1997, S. 427 Fuchs Heinrich: Die \u00f6sterreichischen Maler des 19. Jahrhunderts, Bd. 4, Wien 1974, S. K 87<br \/>\nHandbuch der Stadt Wien, 77. Jg, Wien 1963 S. 269 Havelka Hans: Der Wiener Zentralfriedhof, Wien 1989, S. 129<\/p><\/div>\n","protected":false},"excerpt":{"rendered":"<p>Maler geb.: 7. 07. 1857, Littau (L\u00edtovel) M\u00e4hren heute Tschechien gest.: 2. 12. 1931, Wien Der K\u00fcnstler studierte in Wien an der Akademie der bildenden K\u00fcnste bei Hans Canon, der 1885 auch als sein Trauzeuge fungierte, und Heinrich von Angeli und erhielt den Staatspreis f\u00fcr das Bild \u201eDie Wahlbesprechung\u201c bzw. den Munkaczypreis f\u00fcr \u201eDas Lied\u201c. &hellip; <\/p>\n<p class=\"link-more\"><a href=\"https:\/\/www.evang-friedhof.at\/simmering\/hans-temple\/\" class=\"more-link\"><span class=\"screen-reader-text\">\u201eHans TEMPLE\u201c <\/span>weiterlesen<\/a><\/p>\n","protected":false},"author":1,"featured_media":0,"parent":0,"menu_order":0,"comment_status":"closed","ping_status":"closed","template":"","meta":{"ngg_post_thumbnail":0,"footnotes":""},"class_list":["post-23919","page","type-page","status-publish","hentry"],"_links":{"self":[{"href":"https:\/\/www.evang-friedhof.at\/simmering\/wp-json\/wp\/v2\/pages\/23919","targetHints":{"allow":["GET"]}}],"collection":[{"href":"https:\/\/www.evang-friedhof.at\/simmering\/wp-json\/wp\/v2\/pages"}],"about":[{"href":"https:\/\/www.evang-friedhof.at\/simmering\/wp-json\/wp\/v2\/types\/page"}],"author":[{"embeddable":true,"href":"https:\/\/www.evang-friedhof.at\/simmering\/wp-json\/wp\/v2\/users\/1"}],"replies":[{"embeddable":true,"href":"https:\/\/www.evang-friedhof.at\/simmering\/wp-json\/wp\/v2\/comments?post=23919"}],"version-history":[{"count":1,"href":"https:\/\/www.evang-friedhof.at\/simmering\/wp-json\/wp\/v2\/pages\/23919\/revisions"}],"predecessor-version":[{"id":23921,"href":"https:\/\/www.evang-friedhof.at\/simmering\/wp-json\/wp\/v2\/pages\/23919\/revisions\/23921"}],"wp:attachment":[{"href":"https:\/\/www.evang-friedhof.at\/simmering\/wp-json\/wp\/v2\/media?parent=23919"}],"curies":[{"name":"wp","href":"https:\/\/api.w.org\/{rel}","templated":true}]}}