{"id":23914,"date":"2022-11-02T20:54:48","date_gmt":"2022-11-02T19:54:48","guid":{"rendered":"https:\/\/www.evang-friedhof.at\/simmering\/?page_id=23914"},"modified":"2022-11-02T20:54:48","modified_gmt":"2022-11-02T19:54:48","slug":"dr-johann-michael-szebereny","status":"publish","type":"page","link":"https:\/\/www.evang-friedhof.at\/simmering\/dr-johann-michael-szebereny\/","title":{"rendered":"Dr. Johann Michael S(z)ebereny"},"content":{"rendered":"<p><a href=\"http:\/\/www.evang-friedhof.at\/simmering\/wp-content\/uploads\/2022\/11\/marmor-grabstein-mit-blumen-dekor-v1079.jpg\"><img loading=\"lazy\" decoding=\"async\" class=\"alignleft size-medium wp-image-23658\" src=\"http:\/\/www.evang-friedhof.at\/simmering\/wp-content\/uploads\/2022\/11\/marmor-grabstein-mit-blumen-dekor-v1079-300x300.jpg\" alt=\"\" width=\"300\" height=\"300\" srcset=\"https:\/\/www.evang-friedhof.at\/simmering\/wp-content\/uploads\/2022\/11\/marmor-grabstein-mit-blumen-dekor-v1079-300x300.jpg 300w, https:\/\/www.evang-friedhof.at\/simmering\/wp-content\/uploads\/2022\/11\/marmor-grabstein-mit-blumen-dekor-v1079-150x150.jpg 150w, https:\/\/www.evang-friedhof.at\/simmering\/wp-content\/uploads\/2022\/11\/marmor-grabstein-mit-blumen-dekor-v1079-100x100.jpg 100w, https:\/\/www.evang-friedhof.at\/simmering\/wp-content\/uploads\/2022\/11\/marmor-grabstein-mit-blumen-dekor-v1079-250x250.jpg 250w, https:\/\/www.evang-friedhof.at\/simmering\/wp-content\/uploads\/2022\/11\/marmor-grabstein-mit-blumen-dekor-v1079.jpg 310w\" sizes=\"auto, (max-width: 300px) 100vw, 300px\" \/><\/a>Milit\u00e4rsuperintendent<\/p>\n<p>geb.: 16. 02. 1845, Schemnitz (Bansk\u00e1 Stiavnica), Ungarn heute Slowakei<br \/>\ngest.: 01. 1915, Wien<\/p>\n<p>Der Sohn des Schemnitzer Superintendenten Johann Szebereny besuchte zuerst das Gymnasium der Bergbaustadt und absolvierte anschlie\u00dfend in Eperjes (Presov) den philosophisch &#8211; theologischen Kurs. 1845 wechselte er an die Universit\u00e4t Jena, wo er bei einem Wettbewerb der theologischen Fakult\u00e4t den zweiten Preis machte und schloss seine Studien in Berlin ab.<\/p>\n<p>Nach der Ordination durch seinen Vater ging er 1849 als Prediger nach Deutsch Pilsen (B\u00f6rzsenyi) ehe er 1853 Pfarrer in der gemischtsprachigen Gemeinde von Egyh\u00e1z &#8211; Mar\u00f3th wurde, wo er sowohl auf ungarisch, als auch deutsch und slowakisch predigte. 1857 trat er die Nachfolge seines verstorbenen Vaters als Stadtpfarrer und Superintendent von Schemnitz an. 1860 wurde er zum Garnisonsprediger in Wien ernannt.<\/p>\n<p>Im Sommersemester 1863 erhielt er den Auftrag als Vertretung f\u00fcr Superintendent Karl Kuzmany praktische Theologie zu lesen und bereits im November desselben Jahres erfolgte seine Ernennung zum ordentlichen Professor an der evangelisch &#8211; theologischen Fakult\u00e4t. Rund drei\u00dfig Jahre \u00fcbte er sein Lehramt aus.<\/p>\n<p>1869 wurde Johann Michael Szebereny in den geistlichen Beirat des Reichskriegsministeriums mit dem Titel eines Milit\u00e4rsuperintendenten aufgenommen. 1898 erh\u00e4lt er den Rang eines Milit\u00e4rseniors.<\/p>\n<p>Zu seinen Verdiensten z\u00e4hlt auch die Erhaltung des Gymnasiums von Schemnitz, das nach Neusohl (Bansk\u00e1 Bystrica) verlegt werden sollte. durch seine Initiativen und Spendenaufrufe konnte die Verlegung verhindert werden.<\/p>\n<p>Lit.:<br \/>\nLehmanns Wiener Adre\u00dfbuch, Wien 1895, Teil II, S. 164. Lehmanns Wiener Adre\u00dfbuch, Wien 1898, Teil VII, S. 1070. Wurzbach Constant v.: Biographisches Lexikon des Kaiserthums \u00d6sterreich, Bd. 41, Wien 1880, S. 221 ff.<\/p>\n","protected":false},"excerpt":{"rendered":"<p>Milit\u00e4rsuperintendent geb.: 16. 02. 1845, Schemnitz (Bansk\u00e1 Stiavnica), Ungarn heute Slowakei gest.: 01. 1915, Wien Der Sohn des Schemnitzer Superintendenten Johann Szebereny besuchte zuerst das Gymnasium der Bergbaustadt und absolvierte anschlie\u00dfend in Eperjes (Presov) den philosophisch &#8211; theologischen Kurs. 1845 wechselte er an die Universit\u00e4t Jena, wo er bei einem Wettbewerb der theologischen Fakult\u00e4t den &hellip; <\/p>\n<p class=\"link-more\"><a href=\"https:\/\/www.evang-friedhof.at\/simmering\/dr-johann-michael-szebereny\/\" class=\"more-link\"><span class=\"screen-reader-text\">\u201eDr. Johann Michael S(z)ebereny\u201c <\/span>weiterlesen<\/a><\/p>\n","protected":false},"author":1,"featured_media":0,"parent":0,"menu_order":0,"comment_status":"closed","ping_status":"closed","template":"","meta":{"ngg_post_thumbnail":0,"footnotes":""},"class_list":["post-23914","page","type-page","status-publish","hentry"],"_links":{"self":[{"href":"https:\/\/www.evang-friedhof.at\/simmering\/wp-json\/wp\/v2\/pages\/23914","targetHints":{"allow":["GET"]}}],"collection":[{"href":"https:\/\/www.evang-friedhof.at\/simmering\/wp-json\/wp\/v2\/pages"}],"about":[{"href":"https:\/\/www.evang-friedhof.at\/simmering\/wp-json\/wp\/v2\/types\/page"}],"author":[{"embeddable":true,"href":"https:\/\/www.evang-friedhof.at\/simmering\/wp-json\/wp\/v2\/users\/1"}],"replies":[{"embeddable":true,"href":"https:\/\/www.evang-friedhof.at\/simmering\/wp-json\/wp\/v2\/comments?post=23914"}],"version-history":[{"count":1,"href":"https:\/\/www.evang-friedhof.at\/simmering\/wp-json\/wp\/v2\/pages\/23914\/revisions"}],"predecessor-version":[{"id":23915,"href":"https:\/\/www.evang-friedhof.at\/simmering\/wp-json\/wp\/v2\/pages\/23914\/revisions\/23915"}],"wp:attachment":[{"href":"https:\/\/www.evang-friedhof.at\/simmering\/wp-json\/wp\/v2\/media?parent=23914"}],"curies":[{"name":"wp","href":"https:\/\/api.w.org\/{rel}","templated":true}]}}