{"id":23911,"date":"2022-11-02T20:54:21","date_gmt":"2022-11-02T19:54:21","guid":{"rendered":"https:\/\/www.evang-friedhof.at\/simmering\/?page_id=23911"},"modified":"2022-11-02T20:54:21","modified_gmt":"2022-11-02T19:54:21","slug":"robert-streit","status":"publish","type":"page","link":"https:\/\/www.evang-friedhof.at\/simmering\/robert-streit\/","title":{"rendered":"Robert STREIT"},"content":{"rendered":"<p><a href=\"http:\/\/www.evang-friedhof.at\/simmering\/wp-content\/uploads\/2022\/11\/9-1-1A-Streit-2.jpg\"><img loading=\"lazy\" decoding=\"async\" class=\"alignleft size-medium wp-image-23912\" src=\"http:\/\/www.evang-friedhof.at\/simmering\/wp-content\/uploads\/2022\/11\/9-1-1A-Streit-2-225x300.jpg\" alt=\"\" width=\"225\" height=\"300\" srcset=\"https:\/\/www.evang-friedhof.at\/simmering\/wp-content\/uploads\/2022\/11\/9-1-1A-Streit-2-225x300.jpg 225w, https:\/\/www.evang-friedhof.at\/simmering\/wp-content\/uploads\/2022\/11\/9-1-1A-Streit-2-768x1024.jpg 768w, https:\/\/www.evang-friedhof.at\/simmering\/wp-content\/uploads\/2022\/11\/9-1-1A-Streit-2-350x467.jpg 350w, https:\/\/www.evang-friedhof.at\/simmering\/wp-content\/uploads\/2022\/11\/9-1-1A-Streit-2.jpg 1080w\" sizes=\"auto, (max-width: 225px) 100vw, 225px\" \/><\/a>Maler<\/p>\n<p>geb.: 9. 12. 1885, Gr\u00e4nzendorf bei Reichenberg, (Hrani\u010dn\u00e1) heute Tschechien<br \/>\ngest.: 26. 02. 1957, Wien<\/p>\n<p>Er erhielt seine Ausbildung an der Kunstgewerblichen Staatsfachschule in Gablonz (Jablonec) und von 1905 bis 1912 an der Wiener Akademie der bildenden K\u00fcnste unter Sigmund L\u00b4Allemand und Alois Delug. Studienreisen f\u00fchrten ihn nach Ungarn, Jugoslawien und Polen. Ab 1924 war er Mitglied des Wiener K\u00fcnstlerhauses.<\/p>\n<p>Im Jahr 1938 fand eine Kollektivausstellung seiner Werke im K\u00fcnstlerhaus statt und bei dieser Gelegenheit erhielt er den \u00d6sterreichischen Staatspreis. Zahlreiche Ehrungen und Auszeichnungen beginnend mit dem Rompreis 1912 bis zum Goldenen Lorbeer und dem Professorentitel, begleiteten das Schaffen des Portrait &#8211; und Landschaftsmalers.<\/p>\n<p>Lit.:<br \/>\nCzeike Felix: Historisches Lexikon Wien, Bd. 5, Wien 1997, S. 397 Fuchs Heinrich: Die \u00f6sterreichischen Maler der Geburtsjahrg\u00e4nge 1881 &#8211; 1900, Bd. 2, Wien 1977 S. K114<\/p>\n","protected":false},"excerpt":{"rendered":"<p>Maler geb.: 9. 12. 1885, Gr\u00e4nzendorf bei Reichenberg, (Hrani\u010dn\u00e1) heute Tschechien gest.: 26. 02. 1957, Wien Er erhielt seine Ausbildung an der Kunstgewerblichen Staatsfachschule in Gablonz (Jablonec) und von 1905 bis 1912 an der Wiener Akademie der bildenden K\u00fcnste unter Sigmund L\u00b4Allemand und Alois Delug. Studienreisen f\u00fchrten ihn nach Ungarn, Jugoslawien und Polen. Ab 1924 &hellip; <\/p>\n<p class=\"link-more\"><a href=\"https:\/\/www.evang-friedhof.at\/simmering\/robert-streit\/\" class=\"more-link\"><span class=\"screen-reader-text\">\u201eRobert STREIT\u201c <\/span>weiterlesen<\/a><\/p>\n","protected":false},"author":1,"featured_media":0,"parent":0,"menu_order":0,"comment_status":"closed","ping_status":"closed","template":"","meta":{"ngg_post_thumbnail":0,"footnotes":""},"class_list":["post-23911","page","type-page","status-publish","hentry"],"_links":{"self":[{"href":"https:\/\/www.evang-friedhof.at\/simmering\/wp-json\/wp\/v2\/pages\/23911","targetHints":{"allow":["GET"]}}],"collection":[{"href":"https:\/\/www.evang-friedhof.at\/simmering\/wp-json\/wp\/v2\/pages"}],"about":[{"href":"https:\/\/www.evang-friedhof.at\/simmering\/wp-json\/wp\/v2\/types\/page"}],"author":[{"embeddable":true,"href":"https:\/\/www.evang-friedhof.at\/simmering\/wp-json\/wp\/v2\/users\/1"}],"replies":[{"embeddable":true,"href":"https:\/\/www.evang-friedhof.at\/simmering\/wp-json\/wp\/v2\/comments?post=23911"}],"version-history":[{"count":1,"href":"https:\/\/www.evang-friedhof.at\/simmering\/wp-json\/wp\/v2\/pages\/23911\/revisions"}],"predecessor-version":[{"id":23913,"href":"https:\/\/www.evang-friedhof.at\/simmering\/wp-json\/wp\/v2\/pages\/23911\/revisions\/23913"}],"wp:attachment":[{"href":"https:\/\/www.evang-friedhof.at\/simmering\/wp-json\/wp\/v2\/media?parent=23911"}],"curies":[{"name":"wp","href":"https:\/\/api.w.org\/{rel}","templated":true}]}}