{"id":23903,"date":"2022-11-02T20:53:00","date_gmt":"2022-11-02T19:53:00","guid":{"rendered":"https:\/\/www.evang-friedhof.at\/simmering\/?page_id=23903"},"modified":"2022-11-02T20:53:00","modified_gmt":"2022-11-02T19:53:00","slug":"gustav-p-stollwerck","status":"publish","type":"page","link":"https:\/\/www.evang-friedhof.at\/simmering\/gustav-p-stollwerck\/","title":{"rendered":"Gustav P. STOLLWERCK"},"content":{"rendered":"<p><a href=\"http:\/\/www.evang-friedhof.at\/simmering\/wp-content\/uploads\/2022\/11\/7-K-12-Stollwerk-2.jpg\"><img loading=\"lazy\" decoding=\"async\" class=\"alignleft size-medium wp-image-23904\" src=\"http:\/\/www.evang-friedhof.at\/simmering\/wp-content\/uploads\/2022\/11\/7-K-12-Stollwerk-2-225x300.jpg\" alt=\"\" width=\"225\" height=\"300\" srcset=\"https:\/\/www.evang-friedhof.at\/simmering\/wp-content\/uploads\/2022\/11\/7-K-12-Stollwerk-2-225x300.jpg 225w, https:\/\/www.evang-friedhof.at\/simmering\/wp-content\/uploads\/2022\/11\/7-K-12-Stollwerk-2-350x467.jpg 350w, https:\/\/www.evang-friedhof.at\/simmering\/wp-content\/uploads\/2022\/11\/7-K-12-Stollwerk-2.jpg 768w\" sizes=\"auto, (max-width: 225px) 100vw, 225px\" \/><\/a>Unternehmer<\/p>\n<p>geb.: 7. 05. 1872<br \/>\ngest.: 13. 10. 1951, Wien<\/p>\n<p>Unter den Br\u00fcdern Peter Joseph, Heinrich und Karl entwickelte sich die 1839 in K\u00f6ln gegr\u00fcndete S\u00fc\u00dfwarenfabrik, ab 1860 zu dem international bedeutenden Unternehmen \u201eSchokoladenfabrik Gebr\u00fcder Stollwerck\u201c, das 1902 in eine Aktiengesellschaft umgewandelt wurde. Zu dem Konzern geh\u00f6rten auch Tochtergesellschaften unter der Firma \u201eGebr\u00fcder Stollwerk AG\u201c in Wien, Pre\u00dfburg und Kronstadt bzw. die Wiener Automaten Gesellschaft \u201eBr\u00fcder Stollwerck &amp; Co in der die Wiener Aktiengesellschaft als Komplement\u00e4r fungierte. Von seinem Vater Peter Joseph \u00fcbernahm Gustav die Leitung der Gebr\u00fcder Stollwerck AG.<\/p>\n<p>Lit.:<br \/>\nDer Gro\u00dfe Brockhaus, Bd. 18, Leipzig 193415, S. 205 Taylor Stephen: Who\u00b4s who in Austria, Wien 1967, S. 660<\/p>\n","protected":false},"excerpt":{"rendered":"<p>Unternehmer geb.: 7. 05. 1872 gest.: 13. 10. 1951, Wien Unter den Br\u00fcdern Peter Joseph, Heinrich und Karl entwickelte sich die 1839 in K\u00f6ln gegr\u00fcndete S\u00fc\u00dfwarenfabrik, ab 1860 zu dem international bedeutenden Unternehmen \u201eSchokoladenfabrik Gebr\u00fcder Stollwerck\u201c, das 1902 in eine Aktiengesellschaft umgewandelt wurde. Zu dem Konzern geh\u00f6rten auch Tochtergesellschaften unter der Firma \u201eGebr\u00fcder Stollwerk AG\u201c &hellip; <\/p>\n<p class=\"link-more\"><a href=\"https:\/\/www.evang-friedhof.at\/simmering\/gustav-p-stollwerck\/\" class=\"more-link\"><span class=\"screen-reader-text\">\u201eGustav P. STOLLWERCK\u201c <\/span>weiterlesen<\/a><\/p>\n","protected":false},"author":1,"featured_media":0,"parent":0,"menu_order":0,"comment_status":"closed","ping_status":"closed","template":"","meta":{"ngg_post_thumbnail":0,"footnotes":""},"class_list":["post-23903","page","type-page","status-publish","hentry"],"_links":{"self":[{"href":"https:\/\/www.evang-friedhof.at\/simmering\/wp-json\/wp\/v2\/pages\/23903","targetHints":{"allow":["GET"]}}],"collection":[{"href":"https:\/\/www.evang-friedhof.at\/simmering\/wp-json\/wp\/v2\/pages"}],"about":[{"href":"https:\/\/www.evang-friedhof.at\/simmering\/wp-json\/wp\/v2\/types\/page"}],"author":[{"embeddable":true,"href":"https:\/\/www.evang-friedhof.at\/simmering\/wp-json\/wp\/v2\/users\/1"}],"replies":[{"embeddable":true,"href":"https:\/\/www.evang-friedhof.at\/simmering\/wp-json\/wp\/v2\/comments?post=23903"}],"version-history":[{"count":1,"href":"https:\/\/www.evang-friedhof.at\/simmering\/wp-json\/wp\/v2\/pages\/23903\/revisions"}],"predecessor-version":[{"id":23905,"href":"https:\/\/www.evang-friedhof.at\/simmering\/wp-json\/wp\/v2\/pages\/23903\/revisions\/23905"}],"wp:attachment":[{"href":"https:\/\/www.evang-friedhof.at\/simmering\/wp-json\/wp\/v2\/media?parent=23903"}],"curies":[{"name":"wp","href":"https:\/\/api.w.org\/{rel}","templated":true}]}}