{"id":23900,"date":"2022-11-02T20:52:37","date_gmt":"2022-11-02T19:52:37","guid":{"rendered":"https:\/\/www.evang-friedhof.at\/simmering\/?page_id=23900"},"modified":"2022-11-02T20:52:37","modified_gmt":"2022-11-02T19:52:37","slug":"dr-erich-stoekl","status":"publish","type":"page","link":"https:\/\/www.evang-friedhof.at\/simmering\/dr-erich-stoekl\/","title":{"rendered":"Dr. Erich ST\u00d6KL"},"content":{"rendered":"<p><a href=\"http:\/\/www.evang-friedhof.at\/simmering\/wp-content\/uploads\/2022\/11\/P-33-Stoekl-2.jpg\"><img loading=\"lazy\" decoding=\"async\" class=\"alignleft size-medium wp-image-23901\" src=\"http:\/\/www.evang-friedhof.at\/simmering\/wp-content\/uploads\/2022\/11\/P-33-Stoekl-2-225x300.jpg\" alt=\"\" width=\"225\" height=\"300\" srcset=\"https:\/\/www.evang-friedhof.at\/simmering\/wp-content\/uploads\/2022\/11\/P-33-Stoekl-2-225x300.jpg 225w, https:\/\/www.evang-friedhof.at\/simmering\/wp-content\/uploads\/2022\/11\/P-33-Stoekl-2-768x1024.jpg 768w, https:\/\/www.evang-friedhof.at\/simmering\/wp-content\/uploads\/2022\/11\/P-33-Stoekl-2-350x467.jpg 350w, https:\/\/www.evang-friedhof.at\/simmering\/wp-content\/uploads\/2022\/11\/P-33-Stoekl-2.jpg 1080w\" sizes=\"auto, (max-width: 225px) 100vw, 225px\" \/><\/a>Pfarrer<\/p>\n<p>geb.: 7. 03. 1871, Wiener Neustadt<br \/>\ngest.: 1950, Wien<\/p>\n<p>War seit 1901 Pfarrer in Sankt P\u00f6lten und ab 1905 in Wien Gumpendorf. Die Amtseinf\u00fchrung nahm hier Senior Rudolf Morally vor. Sein Pfarramt \u00fcbte er bis 1946 aus. Er geh\u00f6rte auch dem Senioratsausschuss an.<\/p>\n<p>Die evangelisch &#8211; theologische Fakult\u00e4t der Universit\u00e4t Wien verlieh ihm das Ehrendoktorat.<\/p>\n<p>Lit.:<br \/>\nArchiv der evangelischen Gemeinde A.B.: Z 251\/1904. Lehmanns Wiener Adre\u00dfbuch, Wien 1923, Teil V, S. 104f. Neuer Krakauer Schreib &#8211; Kalender f\u00fcr das Schaltjahr nach der Geburt Jesu Christi 1912, Wien 1912, S. 38.<\/p>\n","protected":false},"excerpt":{"rendered":"<p>Pfarrer geb.: 7. 03. 1871, Wiener Neustadt gest.: 1950, Wien War seit 1901 Pfarrer in Sankt P\u00f6lten und ab 1905 in Wien Gumpendorf. Die Amtseinf\u00fchrung nahm hier Senior Rudolf Morally vor. Sein Pfarramt \u00fcbte er bis 1946 aus. Er geh\u00f6rte auch dem Senioratsausschuss an. Die evangelisch &#8211; theologische Fakult\u00e4t der Universit\u00e4t Wien verlieh ihm das &hellip; <\/p>\n<p class=\"link-more\"><a href=\"https:\/\/www.evang-friedhof.at\/simmering\/dr-erich-stoekl\/\" class=\"more-link\"><span class=\"screen-reader-text\">\u201eDr. Erich ST\u00d6KL\u201c <\/span>weiterlesen<\/a><\/p>\n","protected":false},"author":1,"featured_media":0,"parent":0,"menu_order":0,"comment_status":"closed","ping_status":"closed","template":"","meta":{"ngg_post_thumbnail":0,"footnotes":""},"class_list":["post-23900","page","type-page","status-publish","hentry"],"_links":{"self":[{"href":"https:\/\/www.evang-friedhof.at\/simmering\/wp-json\/wp\/v2\/pages\/23900","targetHints":{"allow":["GET"]}}],"collection":[{"href":"https:\/\/www.evang-friedhof.at\/simmering\/wp-json\/wp\/v2\/pages"}],"about":[{"href":"https:\/\/www.evang-friedhof.at\/simmering\/wp-json\/wp\/v2\/types\/page"}],"author":[{"embeddable":true,"href":"https:\/\/www.evang-friedhof.at\/simmering\/wp-json\/wp\/v2\/users\/1"}],"replies":[{"embeddable":true,"href":"https:\/\/www.evang-friedhof.at\/simmering\/wp-json\/wp\/v2\/comments?post=23900"}],"version-history":[{"count":1,"href":"https:\/\/www.evang-friedhof.at\/simmering\/wp-json\/wp\/v2\/pages\/23900\/revisions"}],"predecessor-version":[{"id":23902,"href":"https:\/\/www.evang-friedhof.at\/simmering\/wp-json\/wp\/v2\/pages\/23900\/revisions\/23902"}],"wp:attachment":[{"href":"https:\/\/www.evang-friedhof.at\/simmering\/wp-json\/wp\/v2\/media?parent=23900"}],"curies":[{"name":"wp","href":"https:\/\/api.w.org\/{rel}","templated":true}]}}