{"id":23897,"date":"2022-11-02T20:52:02","date_gmt":"2022-11-02T19:52:02","guid":{"rendered":"https:\/\/www.evang-friedhof.at\/simmering\/?page_id=23897"},"modified":"2022-11-02T20:52:02","modified_gmt":"2022-11-02T19:52:02","slug":"gustav-siege","status":"publish","type":"page","link":"https:\/\/www.evang-friedhof.at\/simmering\/gustav-siege\/","title":{"rendered":"Gustav SIEGE"},"content":{"rendered":"<p><a href=\"http:\/\/www.evang-friedhof.at\/simmering\/wp-content\/uploads\/2022\/11\/U-239-Siege.jpg\"><img loading=\"lazy\" decoding=\"async\" class=\"alignleft size-medium wp-image-23898\" src=\"http:\/\/www.evang-friedhof.at\/simmering\/wp-content\/uploads\/2022\/11\/U-239-Siege-300x225.jpg\" alt=\"\" width=\"300\" height=\"225\" srcset=\"https:\/\/www.evang-friedhof.at\/simmering\/wp-content\/uploads\/2022\/11\/U-239-Siege-300x225.jpg 300w, https:\/\/www.evang-friedhof.at\/simmering\/wp-content\/uploads\/2022\/11\/U-239-Siege-1024x768.jpg 1024w, https:\/\/www.evang-friedhof.at\/simmering\/wp-content\/uploads\/2022\/11\/U-239-Siege-768x576.jpg 768w, https:\/\/www.evang-friedhof.at\/simmering\/wp-content\/uploads\/2022\/11\/U-239-Siege-350x263.jpg 350w, https:\/\/www.evang-friedhof.at\/simmering\/wp-content\/uploads\/2022\/11\/U-239-Siege.jpg 1440w\" sizes=\"auto, (max-width: 300px) 100vw, 300px\" \/><\/a>Schauspieler, Theaterdirektor<\/p>\n<p>geb.: 4. 05. 1881,Znaim (Znojmo), Tschechien<br \/>\ngest.: 1947, Wien<\/p>\n<p>Gustav siege entstammt einer alten Theaterfamilie und bereits der Urgro\u00dfvater Josef S. war Theaterdirektor in Znaim. In seinem Ensemble spielte unter anderem Therese Krones.<\/p>\n<p>Der Gro\u00dfvater Ignaz Siege gastierte mit seiner Truppe in Nieder\u00f6sterreich, B\u00f6hmen und M\u00e4hren. Sein Vater Adolf S. war seit 1879 Mitdirektor in dem Unternehmen und erbte schlie\u00dflich den Theaterbetrieb.<\/p>\n<p>Gustav Siege wurde aufgrund der Familientradition schon als Kind vom Theater gepr\u00e4gt, er nahm bei Josef Scheu Gesangstunden und trat als Operettenkomiker und Tenor in Salzburg, Braunschweig, Kiel und Stettin auf. 1908 erhielt er am Stadttheater Bremen ein Engagement doch bis 1913 wechselte er immer wieder zu anderen B\u00fchnen.<\/p>\n<p>1913 \u00fcbernahm er die Leitung des Marburger Stadttheaters, das er erfolgreich bis zum Ende \u00d6sterreich &#8211; Ungarns f\u00fchrte. Er er\u00f6ffnete in Marburg auch das Stadtkino.<\/p>\n<p>F\u00fcr mehr als zwei Jahrzehnte organisierte er im Sommer die deutschen Gastspiele in Trentschin &#8211; Teplitz.<\/p>\n<p>Nach 1918 bet\u00e4tigte sich Gustav Siege als Darsteller und Aufnahmeleiter im Film und blieb bis zu seinem Tod in diesem Metier, dennoch hielt er seine Mitgliedschaft im B\u00fchnenverein aufrecht. 1926 wurde er Leiter des L\u00f6wenkinos.<\/p>\n<p>Er war Mitglied der Schlaraffia.<\/p>\n<p>Am 1. 10. 1957 wurde seine Urne im Krematorium exhumiert und auf dem evangelischen Friedhof Simmering neu bestattet.<\/p>\n<p>Lit.:<br \/>\nWSTLA: Biographischer Akt Planer Franz: Das Jahrbuch der Wiener Gesellschaft, Wien 1928, S. 314<\/p>\n","protected":false},"excerpt":{"rendered":"<p>Schauspieler, Theaterdirektor geb.: 4. 05. 1881,Znaim (Znojmo), Tschechien gest.: 1947, Wien Gustav siege entstammt einer alten Theaterfamilie und bereits der Urgro\u00dfvater Josef S. war Theaterdirektor in Znaim. In seinem Ensemble spielte unter anderem Therese Krones. Der Gro\u00dfvater Ignaz Siege gastierte mit seiner Truppe in Nieder\u00f6sterreich, B\u00f6hmen und M\u00e4hren. Sein Vater Adolf S. war seit 1879 &hellip; <\/p>\n<p class=\"link-more\"><a href=\"https:\/\/www.evang-friedhof.at\/simmering\/gustav-siege\/\" class=\"more-link\"><span class=\"screen-reader-text\">\u201eGustav SIEGE\u201c <\/span>weiterlesen<\/a><\/p>\n","protected":false},"author":1,"featured_media":0,"parent":0,"menu_order":0,"comment_status":"closed","ping_status":"closed","template":"","meta":{"ngg_post_thumbnail":0,"footnotes":""},"class_list":["post-23897","page","type-page","status-publish","hentry"],"_links":{"self":[{"href":"https:\/\/www.evang-friedhof.at\/simmering\/wp-json\/wp\/v2\/pages\/23897","targetHints":{"allow":["GET"]}}],"collection":[{"href":"https:\/\/www.evang-friedhof.at\/simmering\/wp-json\/wp\/v2\/pages"}],"about":[{"href":"https:\/\/www.evang-friedhof.at\/simmering\/wp-json\/wp\/v2\/types\/page"}],"author":[{"embeddable":true,"href":"https:\/\/www.evang-friedhof.at\/simmering\/wp-json\/wp\/v2\/users\/1"}],"replies":[{"embeddable":true,"href":"https:\/\/www.evang-friedhof.at\/simmering\/wp-json\/wp\/v2\/comments?post=23897"}],"version-history":[{"count":1,"href":"https:\/\/www.evang-friedhof.at\/simmering\/wp-json\/wp\/v2\/pages\/23897\/revisions"}],"predecessor-version":[{"id":23899,"href":"https:\/\/www.evang-friedhof.at\/simmering\/wp-json\/wp\/v2\/pages\/23897\/revisions\/23899"}],"wp:attachment":[{"href":"https:\/\/www.evang-friedhof.at\/simmering\/wp-json\/wp\/v2\/media?parent=23897"}],"curies":[{"name":"wp","href":"https:\/\/api.w.org\/{rel}","templated":true}]}}