{"id":23895,"date":"2022-11-02T20:51:25","date_gmt":"2022-11-02T19:51:25","guid":{"rendered":"https:\/\/www.evang-friedhof.at\/simmering\/?page_id=23895"},"modified":"2022-11-02T20:51:25","modified_gmt":"2022-11-02T19:51:25","slug":"gustav-schuetz","status":"publish","type":"page","link":"https:\/\/www.evang-friedhof.at\/simmering\/gustav-schuetz\/","title":{"rendered":"Gustav SCH\u00dcTZ"},"content":{"rendered":"<h3 class=\"title\"><a href=\"http:\/\/www.evang-friedhof.at\/simmering\/wp-content\/uploads\/2022\/11\/5-K-3-Schuetz-2.jpg\"><img loading=\"lazy\" decoding=\"async\" class=\"alignleft size-medium wp-image-23893\" src=\"http:\/\/www.evang-friedhof.at\/simmering\/wp-content\/uploads\/2022\/11\/5-K-3-Schuetz-2-225x300.jpg\" alt=\"\" width=\"225\" height=\"300\" srcset=\"https:\/\/www.evang-friedhof.at\/simmering\/wp-content\/uploads\/2022\/11\/5-K-3-Schuetz-2-225x300.jpg 225w, https:\/\/www.evang-friedhof.at\/simmering\/wp-content\/uploads\/2022\/11\/5-K-3-Schuetz-2-768x1024.jpg 768w, https:\/\/www.evang-friedhof.at\/simmering\/wp-content\/uploads\/2022\/11\/5-K-3-Schuetz-2-350x467.jpg 350w, https:\/\/www.evang-friedhof.at\/simmering\/wp-content\/uploads\/2022\/11\/5-K-3-Schuetz-2.jpg 1080w\" sizes=\"auto, (max-width: 225px) 100vw, 225px\" \/><\/a>Gustav SCH\u00dcTZ<\/h3>\n<div class=\"description\">Gesch\u00e4ftsmann, K\u00fcnstler, Kunstsammler<\/p>\n<p>geb.: 23. 07. 1865, Prag<br \/>\ngest.: 13. 03. 1939, Wien<\/p>\n<p>Gustav Sch\u00fctz besuchte das Gymnasium und studierte anschlie\u00dfend Handelswissenschaften. Anschlie\u00dfend wirkte er als Gesch\u00e4ftsf\u00fchrer der 1770 gegr\u00fcndeten Rauhwaren Gro\u00dfhandlung und Pelzveredelungsfabrik J. Z. Sch\u00fctz und war Ehrenmitglied der Genossenschaft der K\u00fcrschnermeister, Rauhwarenf\u00e4rber und Zurichter in Wien.<\/p>\n<p>Er hatte aber auch k\u00fcnstlerische Neigungen und galt als talentierter Bildhauer und leidenschaftlicher Kunstsammler. Von ihm stammen zahlreiche Denk &#8211; und Grabm\u00e4ler, so z.B. im Arkadenhof der Universit\u00e4t und verschiedene Ehrengr\u00e4ber auf dem Wiener Zentralfriedhof.<\/p>\n<p>Er war seit 1927 Ehrenmitglied der Akademie der Bildenden K\u00fcnste.<\/p>\n<p>Lit.:<br \/>\nEm\u00f6di Paul: Wer ist wer, Lexikon \u00f6sterreichischer Zeitgenossen, Wien 1937, S. 317<br \/>\nLehmanns Wiener Adre\u00dfbuch 1938, Wien 1938, Teil II, S. 88<br \/>\nTaylor Stephen: Who\u00b4s who in Austria, Wien 1972, S. 686<\/p><\/div>\n","protected":false},"excerpt":{"rendered":"<p>Gustav SCH\u00dcTZ Gesch\u00e4ftsmann, K\u00fcnstler, Kunstsammler geb.: 23. 07. 1865, Prag gest.: 13. 03. 1939, Wien Gustav Sch\u00fctz besuchte das Gymnasium und studierte anschlie\u00dfend Handelswissenschaften. Anschlie\u00dfend wirkte er als Gesch\u00e4ftsf\u00fchrer der 1770 gegr\u00fcndeten Rauhwaren Gro\u00dfhandlung und Pelzveredelungsfabrik J. Z. Sch\u00fctz und war Ehrenmitglied der Genossenschaft der K\u00fcrschnermeister, Rauhwarenf\u00e4rber und Zurichter in Wien. Er hatte aber auch &hellip; <\/p>\n<p class=\"link-more\"><a href=\"https:\/\/www.evang-friedhof.at\/simmering\/gustav-schuetz\/\" class=\"more-link\"><span class=\"screen-reader-text\">\u201eGustav SCH\u00dcTZ\u201c <\/span>weiterlesen<\/a><\/p>\n","protected":false},"author":1,"featured_media":0,"parent":0,"menu_order":0,"comment_status":"closed","ping_status":"closed","template":"","meta":{"ngg_post_thumbnail":0,"footnotes":""},"class_list":["post-23895","page","type-page","status-publish","hentry"],"_links":{"self":[{"href":"https:\/\/www.evang-friedhof.at\/simmering\/wp-json\/wp\/v2\/pages\/23895","targetHints":{"allow":["GET"]}}],"collection":[{"href":"https:\/\/www.evang-friedhof.at\/simmering\/wp-json\/wp\/v2\/pages"}],"about":[{"href":"https:\/\/www.evang-friedhof.at\/simmering\/wp-json\/wp\/v2\/types\/page"}],"author":[{"embeddable":true,"href":"https:\/\/www.evang-friedhof.at\/simmering\/wp-json\/wp\/v2\/users\/1"}],"replies":[{"embeddable":true,"href":"https:\/\/www.evang-friedhof.at\/simmering\/wp-json\/wp\/v2\/comments?post=23895"}],"version-history":[{"count":1,"href":"https:\/\/www.evang-friedhof.at\/simmering\/wp-json\/wp\/v2\/pages\/23895\/revisions"}],"predecessor-version":[{"id":23896,"href":"https:\/\/www.evang-friedhof.at\/simmering\/wp-json\/wp\/v2\/pages\/23895\/revisions\/23896"}],"wp:attachment":[{"href":"https:\/\/www.evang-friedhof.at\/simmering\/wp-json\/wp\/v2\/media?parent=23895"}],"curies":[{"name":"wp","href":"https:\/\/api.w.org\/{rel}","templated":true}]}}