{"id":23892,"date":"2022-11-02T20:51:03","date_gmt":"2022-11-02T19:51:03","guid":{"rendered":"https:\/\/www.evang-friedhof.at\/simmering\/?page_id=23892"},"modified":"2022-11-02T20:51:03","modified_gmt":"2022-11-02T19:51:03","slug":"paul-ignatz-schuetz","status":"publish","type":"page","link":"https:\/\/www.evang-friedhof.at\/simmering\/paul-ignatz-schuetz\/","title":{"rendered":"Paul Ignatz SCH\u00dcTZ (Pseudonym: Konrad PAULIS)"},"content":{"rendered":"<p><a href=\"http:\/\/www.evang-friedhof.at\/simmering\/wp-content\/uploads\/2022\/11\/5-K-3-Schuetz-2.jpg\"><img loading=\"lazy\" decoding=\"async\" class=\"alignleft size-medium wp-image-23893\" src=\"http:\/\/www.evang-friedhof.at\/simmering\/wp-content\/uploads\/2022\/11\/5-K-3-Schuetz-2-225x300.jpg\" alt=\"\" width=\"225\" height=\"300\" srcset=\"https:\/\/www.evang-friedhof.at\/simmering\/wp-content\/uploads\/2022\/11\/5-K-3-Schuetz-2-225x300.jpg 225w, https:\/\/www.evang-friedhof.at\/simmering\/wp-content\/uploads\/2022\/11\/5-K-3-Schuetz-2-768x1024.jpg 768w, https:\/\/www.evang-friedhof.at\/simmering\/wp-content\/uploads\/2022\/11\/5-K-3-Schuetz-2-350x467.jpg 350w, https:\/\/www.evang-friedhof.at\/simmering\/wp-content\/uploads\/2022\/11\/5-K-3-Schuetz-2.jpg 1080w\" sizes=\"auto, (max-width: 225px) 100vw, 225px\" \/><\/a>Dichter und Kaufmann<\/p>\n<p>geb.: 18. 01. 1891, Prag<br \/>\ngest.: 1. 03. 1955, Wien<\/p>\n<p>Der Sohn von Gustav Sch\u00fctz studierte an der Universit\u00e4t Wien bzw. an der Hochschule f\u00fcr Welthandel und r\u00fcckte anschlie\u00dfend in den Krieg ein. 1918 r\u00fcstete er als Oberleutnant der Reserve ab.<\/p>\n<p>In der Folge trat er in den seit 1770 bestehenden Betrieb f\u00fcr Rauhwaren und Pelzveredelung der Familie J. Z. Sch\u00fctz als Gesellschafter ein. Dar\u00fcber nahm er die Stellung eines Direktors in der Ersten \u00d6sterreichischen Sparkasse ein und stellte seine Erfahrung als Kammerfunktion\u00e4r zur Verf\u00fcgung. F\u00fcr seine Verdienste wurde er mit dem Titel Kommerzialrat ausgezeichnet.<\/p>\n<p>Neben seiner beruflichen startete er parallel unter dem Pseudonym Konrad Paulis eine literarische Karriere. Unter den Gedichtb\u00e4nden seien \u201eWorte und Lieder f\u00fcr Menschen\u201c und die \u201eSymphonie in Worten\u201c erw\u00e4hnt. In seinen Gedichtb\u00e4nden \u201eDas Weltkind inmitten\u201c sowie \u201eVom ordentlichen Kaufmann\u201c verband er die Welt der Kaufleute mit der Lyrik und bezog sogar die Bilanzen in die Welt seiner Verse ein. Paul Sch\u00fctz, zu den Freunden und F\u00f6rderern von Josef Weinheber geh\u00f6rte, schrieb auch f\u00fcr den Simplizissimus und die Muskete.<\/p>\n<p>Lit.: Em\u00f6di Paul: Wer ist wer, Lexikon \u00f6sterreichischer Zeitgenossen, Wien 1937, S. 317<br \/>\nLehmanns Wiener Adre\u00dfbuch 1938, Wien 1938, Teil II, S. 88<br \/>\nOrgel Wilhelm: Wer ist wer in \u00d6sterreich, Wien 1953, S. 210<br \/>\nSchmidt Adalbert: Dichtung und Dichter \u00d6sterreichs im 19. und 20. Jahrhundert, Salzburg 1964, Bd. 1, S. 423, Bd. 2, S. 166<br \/>\nTaylor Stephen: Who\u00b4s who in Austria, Z\u00fcrich 1954, S. 438<br \/>\nTaylor Stephen: Who\u00b4s who in Austria, Wien 1972, S. 686<br \/>\nTeichl Robert: \u00d6sterreicher der Gegenwart, Wien 1951, S. 278<\/p>\n","protected":false},"excerpt":{"rendered":"<p>Dichter und Kaufmann geb.: 18. 01. 1891, Prag gest.: 1. 03. 1955, Wien Der Sohn von Gustav Sch\u00fctz studierte an der Universit\u00e4t Wien bzw. an der Hochschule f\u00fcr Welthandel und r\u00fcckte anschlie\u00dfend in den Krieg ein. 1918 r\u00fcstete er als Oberleutnant der Reserve ab. In der Folge trat er in den seit 1770 bestehenden Betrieb &hellip; <\/p>\n<p class=\"link-more\"><a href=\"https:\/\/www.evang-friedhof.at\/simmering\/paul-ignatz-schuetz\/\" class=\"more-link\"><span class=\"screen-reader-text\">\u201ePaul Ignatz SCH\u00dcTZ (Pseudonym: Konrad PAULIS)\u201c <\/span>weiterlesen<\/a><\/p>\n","protected":false},"author":1,"featured_media":0,"parent":0,"menu_order":0,"comment_status":"closed","ping_status":"closed","template":"","meta":{"ngg_post_thumbnail":0,"footnotes":""},"class_list":["post-23892","page","type-page","status-publish","hentry"],"_links":{"self":[{"href":"https:\/\/www.evang-friedhof.at\/simmering\/wp-json\/wp\/v2\/pages\/23892","targetHints":{"allow":["GET"]}}],"collection":[{"href":"https:\/\/www.evang-friedhof.at\/simmering\/wp-json\/wp\/v2\/pages"}],"about":[{"href":"https:\/\/www.evang-friedhof.at\/simmering\/wp-json\/wp\/v2\/types\/page"}],"author":[{"embeddable":true,"href":"https:\/\/www.evang-friedhof.at\/simmering\/wp-json\/wp\/v2\/users\/1"}],"replies":[{"embeddable":true,"href":"https:\/\/www.evang-friedhof.at\/simmering\/wp-json\/wp\/v2\/comments?post=23892"}],"version-history":[{"count":1,"href":"https:\/\/www.evang-friedhof.at\/simmering\/wp-json\/wp\/v2\/pages\/23892\/revisions"}],"predecessor-version":[{"id":23894,"href":"https:\/\/www.evang-friedhof.at\/simmering\/wp-json\/wp\/v2\/pages\/23892\/revisions\/23894"}],"wp:attachment":[{"href":"https:\/\/www.evang-friedhof.at\/simmering\/wp-json\/wp\/v2\/media?parent=23892"}],"curies":[{"name":"wp","href":"https:\/\/api.w.org\/{rel}","templated":true}]}}