{"id":23889,"date":"2022-11-02T20:50:19","date_gmt":"2022-11-02T19:50:19","guid":{"rendered":"https:\/\/www.evang-friedhof.at\/simmering\/?page_id=23889"},"modified":"2022-11-02T20:50:19","modified_gmt":"2022-11-02T19:50:19","slug":"fritz-schroedter","status":"publish","type":"page","link":"https:\/\/www.evang-friedhof.at\/simmering\/fritz-schroedter\/","title":{"rendered":"Fritz SCHR\u00d6DTER"},"content":{"rendered":"<p><a href=\"http:\/\/www.evang-friedhof.at\/simmering\/wp-content\/uploads\/2022\/11\/8-Av-51-Schroedter-1.jpg\"><img loading=\"lazy\" decoding=\"async\" class=\"alignleft size-medium wp-image-23890\" src=\"http:\/\/www.evang-friedhof.at\/simmering\/wp-content\/uploads\/2022\/11\/8-Av-51-Schroedter-1-225x300.jpg\" alt=\"\" width=\"225\" height=\"300\" srcset=\"https:\/\/www.evang-friedhof.at\/simmering\/wp-content\/uploads\/2022\/11\/8-Av-51-Schroedter-1-225x300.jpg 225w, https:\/\/www.evang-friedhof.at\/simmering\/wp-content\/uploads\/2022\/11\/8-Av-51-Schroedter-1-768x1024.jpg 768w, https:\/\/www.evang-friedhof.at\/simmering\/wp-content\/uploads\/2022\/11\/8-Av-51-Schroedter-1-350x467.jpg 350w, https:\/\/www.evang-friedhof.at\/simmering\/wp-content\/uploads\/2022\/11\/8-Av-51-Schroedter-1.jpg 1080w\" sizes=\"auto, (max-width: 225px) 100vw, 225px\" \/><\/a>S\u00e4nger<\/p>\n<p>geb.: 15. 03. 1855, Leipzig<br \/>\ngest.: 15. 01. 1924, Wien<\/p>\n<p>Fritz Schr\u00f6dter wollte urspr\u00fcnglich Maler werden und besuchte die Akademie in D\u00fcsseldorf, der Wunsch ans Theater \u00fcberstieg aber dann dieses Interesse und so trat er in den Chor des K\u00f6lner Theaters ein. Er studierte in K\u00f6ln und nach Auftritten in Hamburg und Bremen kam er nach Berlin ans Friedrich Wilhelm St\u00e4dtische Theater, wo sein Tenor entdeckt wurde. Auf Anregung von Johann Strau\u00df kam er als Operettens\u00e4nger ans Deutsche Theater in Budapest, von wo aus er schlie\u00dflich ans Theater an der Wien engagiert wurde. Nachdem er 1877 Mitglied des Ringtheaters geworden war, folgte er schlie\u00dflich einem Ruf an das Deutsche Landestheater nach Prag. Hier deb\u00fctierte er als Morasquin in \u201eGirofle &#8211; Girofla\u201c und sang anf\u00e4nglich nur Operette, doch fiel sein Tenor dem Direktor des Hauses auf, der ihn in der Folge mit Opernpartien wie dem David (Meistersinger von N\u00fcrnberg), Don Ottavio (Don Giovanni) oder dem Herzog in Rigoletto besetzte.<\/p>\n<p>1885 trat er als Gast an der Wiener Hofoper auf und wurde im selben Jahr Mitglied der Hofoper, der er bis 1915 angeh\u00f6rte. F\u00fcr seine Leistungen erhielt er den Titel Kammers\u00e4nger.<\/p>\n<p>Zu den bedeutendsten Rollen des Tenors geh\u00f6rten der Max im Freisch\u00fctz oder der Loge im Rheingold bzw. Turridu, Canio oder Linkerton im italienischen Fach.<\/p>\n<p>Lit.:<br \/>\nCzeike Felix: Historisches Lexikon Wien, Bd.5, Wien 1995 S. 148<br \/>\nEisenberg Ludwig: Gro\u00dfes Biographisches Lexikon der Deutschen B\u00fchnen im XIX. Jahrhundert, Leipzig 1903, S. 926<\/p>\n","protected":false},"excerpt":{"rendered":"<p>S\u00e4nger geb.: 15. 03. 1855, Leipzig gest.: 15. 01. 1924, Wien Fritz Schr\u00f6dter wollte urspr\u00fcnglich Maler werden und besuchte die Akademie in D\u00fcsseldorf, der Wunsch ans Theater \u00fcberstieg aber dann dieses Interesse und so trat er in den Chor des K\u00f6lner Theaters ein. Er studierte in K\u00f6ln und nach Auftritten in Hamburg und Bremen kam &hellip; <\/p>\n<p class=\"link-more\"><a href=\"https:\/\/www.evang-friedhof.at\/simmering\/fritz-schroedter\/\" class=\"more-link\"><span class=\"screen-reader-text\">\u201eFritz SCHR\u00d6DTER\u201c <\/span>weiterlesen<\/a><\/p>\n","protected":false},"author":1,"featured_media":0,"parent":0,"menu_order":0,"comment_status":"closed","ping_status":"closed","template":"","meta":{"ngg_post_thumbnail":0,"footnotes":""},"class_list":["post-23889","page","type-page","status-publish","hentry"],"_links":{"self":[{"href":"https:\/\/www.evang-friedhof.at\/simmering\/wp-json\/wp\/v2\/pages\/23889","targetHints":{"allow":["GET"]}}],"collection":[{"href":"https:\/\/www.evang-friedhof.at\/simmering\/wp-json\/wp\/v2\/pages"}],"about":[{"href":"https:\/\/www.evang-friedhof.at\/simmering\/wp-json\/wp\/v2\/types\/page"}],"author":[{"embeddable":true,"href":"https:\/\/www.evang-friedhof.at\/simmering\/wp-json\/wp\/v2\/users\/1"}],"replies":[{"embeddable":true,"href":"https:\/\/www.evang-friedhof.at\/simmering\/wp-json\/wp\/v2\/comments?post=23889"}],"version-history":[{"count":1,"href":"https:\/\/www.evang-friedhof.at\/simmering\/wp-json\/wp\/v2\/pages\/23889\/revisions"}],"predecessor-version":[{"id":23891,"href":"https:\/\/www.evang-friedhof.at\/simmering\/wp-json\/wp\/v2\/pages\/23889\/revisions\/23891"}],"wp:attachment":[{"href":"https:\/\/www.evang-friedhof.at\/simmering\/wp-json\/wp\/v2\/media?parent=23889"}],"curies":[{"name":"wp","href":"https:\/\/api.w.org\/{rel}","templated":true}]}}