{"id":23877,"date":"2022-11-02T20:44:54","date_gmt":"2022-11-02T19:44:54","guid":{"rendered":"https:\/\/www.evang-friedhof.at\/simmering\/?page_id=23877"},"modified":"2022-11-02T20:44:54","modified_gmt":"2022-11-02T19:44:54","slug":"friedrich-otto-schack","status":"publish","type":"page","link":"https:\/\/www.evang-friedhof.at\/simmering\/friedrich-otto-schack\/","title":{"rendered":"Friedrich Otto SCHACK"},"content":{"rendered":"<p><a href=\"http:\/\/www.evang-friedhof.at\/simmering\/wp-content\/uploads\/2022\/11\/G-114-Schack.jpg\"><img loading=\"lazy\" decoding=\"async\" class=\"alignleft size-medium wp-image-23878\" src=\"http:\/\/www.evang-friedhof.at\/simmering\/wp-content\/uploads\/2022\/11\/G-114-Schack-225x300.jpg\" alt=\"\" width=\"225\" height=\"300\" srcset=\"https:\/\/www.evang-friedhof.at\/simmering\/wp-content\/uploads\/2022\/11\/G-114-Schack-225x300.jpg 225w, https:\/\/www.evang-friedhof.at\/simmering\/wp-content\/uploads\/2022\/11\/G-114-Schack-768x1024.jpg 768w, https:\/\/www.evang-friedhof.at\/simmering\/wp-content\/uploads\/2022\/11\/G-114-Schack-350x467.jpg 350w, https:\/\/www.evang-friedhof.at\/simmering\/wp-content\/uploads\/2022\/11\/G-114-Schack.jpg 1080w\" sizes=\"auto, (max-width: 225px) 100vw, 225px\" \/><\/a>Theologe<\/p>\n<p>geb.: 4. 01. 1841, Bl\u00f6desheim bei Worms (Rheinland &#8211; Pfalz)<br \/>\ngest.: 24. 04. 1922, Wien<\/p>\n<p>Nach seinem Studium der evangelischen Theologie (HB) in Gie\u00dfen besuchte Friedrich Schack das Predigerseminar in Friedberg (Hessen). In der Folge war er von 1863 bis 1865 Pfarrvikar in Lengfeld bei Darmstadt. Die folgenden 14 Jahre verbrachte der Theologe als Pfarrer in Laibach (Ljubljana [Slowenien].<\/p>\n<p>Von 1879 bis 1922 war er dann Erster Pfarrer an der evangelischen Pfarrgemeinde H.B. in Wien. Ab 1880 fungierte Friedrich Otto Schack als Superintendentenstellvertreter, ehe er selbst 1883 dieses Amt \u00fcbernahm. Zusammen mit Carl Alphons. Witz &#8211; Oberlin pr\u00e4gte er das evangelische Leben in Wien und \u00d6sterreich &#8211; Ungarn. 1911 wurde er mit dem theologischen Ehrendoktorat der Universit\u00e4t Wien geehrt. er erhielt auch den deutschen Adlerorden III. Klasse.<\/p>\n<p>Lit.:<br \/>\nAkad. d. Wiss. (Hrsg.): \u00d6sterreichisches Biographisches Lexikon, Bd. 10, Wien 1994, S. 21<br \/>\nCzeike Felix: Historisches Lexikon Wien, B.5, Wien 1997, S. 56<\/p>\n","protected":false},"excerpt":{"rendered":"<p>Theologe geb.: 4. 01. 1841, Bl\u00f6desheim bei Worms (Rheinland &#8211; Pfalz) gest.: 24. 04. 1922, Wien Nach seinem Studium der evangelischen Theologie (HB) in Gie\u00dfen besuchte Friedrich Schack das Predigerseminar in Friedberg (Hessen). In der Folge war er von 1863 bis 1865 Pfarrvikar in Lengfeld bei Darmstadt. Die folgenden 14 Jahre verbrachte der Theologe als &hellip; <\/p>\n<p class=\"link-more\"><a href=\"https:\/\/www.evang-friedhof.at\/simmering\/friedrich-otto-schack\/\" class=\"more-link\"><span class=\"screen-reader-text\">\u201eFriedrich Otto SCHACK\u201c <\/span>weiterlesen<\/a><\/p>\n","protected":false},"author":1,"featured_media":0,"parent":0,"menu_order":0,"comment_status":"closed","ping_status":"closed","template":"","meta":{"ngg_post_thumbnail":0,"footnotes":""},"class_list":["post-23877","page","type-page","status-publish","hentry"],"_links":{"self":[{"href":"https:\/\/www.evang-friedhof.at\/simmering\/wp-json\/wp\/v2\/pages\/23877","targetHints":{"allow":["GET"]}}],"collection":[{"href":"https:\/\/www.evang-friedhof.at\/simmering\/wp-json\/wp\/v2\/pages"}],"about":[{"href":"https:\/\/www.evang-friedhof.at\/simmering\/wp-json\/wp\/v2\/types\/page"}],"author":[{"embeddable":true,"href":"https:\/\/www.evang-friedhof.at\/simmering\/wp-json\/wp\/v2\/users\/1"}],"replies":[{"embeddable":true,"href":"https:\/\/www.evang-friedhof.at\/simmering\/wp-json\/wp\/v2\/comments?post=23877"}],"version-history":[{"count":1,"href":"https:\/\/www.evang-friedhof.at\/simmering\/wp-json\/wp\/v2\/pages\/23877\/revisions"}],"predecessor-version":[{"id":23879,"href":"https:\/\/www.evang-friedhof.at\/simmering\/wp-json\/wp\/v2\/pages\/23877\/revisions\/23879"}],"wp:attachment":[{"href":"https:\/\/www.evang-friedhof.at\/simmering\/wp-json\/wp\/v2\/media?parent=23877"}],"curies":[{"name":"wp","href":"https:\/\/api.w.org\/{rel}","templated":true}]}}