{"id":23870,"date":"2022-11-02T20:35:57","date_gmt":"2022-11-02T19:35:57","guid":{"rendered":"https:\/\/www.evang-friedhof.at\/simmering\/?page_id=23870"},"modified":"2022-11-02T20:35:57","modified_gmt":"2022-11-02T19:35:57","slug":"dr-alfred-saxl","status":"publish","type":"page","link":"https:\/\/www.evang-friedhof.at\/simmering\/dr-alfred-saxl\/","title":{"rendered":"Dr. Alfred SAXL"},"content":{"rendered":"<p><a href=\"http:\/\/www.evang-friedhof.at\/simmering\/wp-content\/uploads\/2022\/11\/10-14-II-Saxl-1.jpg\"><img loading=\"lazy\" decoding=\"async\" class=\"alignleft size-medium wp-image-23871\" src=\"http:\/\/www.evang-friedhof.at\/simmering\/wp-content\/uploads\/2022\/11\/10-14-II-Saxl-1-225x300.jpg\" alt=\"\" width=\"225\" height=\"300\" srcset=\"https:\/\/www.evang-friedhof.at\/simmering\/wp-content\/uploads\/2022\/11\/10-14-II-Saxl-1-225x300.jpg 225w, https:\/\/www.evang-friedhof.at\/simmering\/wp-content\/uploads\/2022\/11\/10-14-II-Saxl-1-768x1024.jpg 768w, https:\/\/www.evang-friedhof.at\/simmering\/wp-content\/uploads\/2022\/11\/10-14-II-Saxl-1-350x467.jpg 350w, https:\/\/www.evang-friedhof.at\/simmering\/wp-content\/uploads\/2022\/11\/10-14-II-Saxl-1.jpg 1080w\" sizes=\"auto, (max-width: 225px) 100vw, 225px\" \/><\/a>Universit\u00e4tsprofessor<\/p>\n<p>geb.: 12. 12. 1877, Wien<br \/>\ngest.: 12. 03. 1962, Wien<\/p>\n<p>Nach seinem Studium und der 1902 erfolgten Promotion an der Wiener Universit\u00e4t erfolgte die praktische Ausbildung an verschiedenen Kliniken. Im Anschluss an seine T\u00e4tigkeit als Sekundar &#8211; und Assistenzarzt im Allgemeinen Krankenhaus wurde Alfred Saxl bei Adolf Lorenz, dem Vater des Nobelpreistr\u00e4gers, von 1908 &#8211; 1920 Assistent am Institut f\u00fcr Orthop\u00e4dische Chirurgie der Universit\u00e4t Wien.<\/p>\n<p>Im ersten Weltkrieg kam er zuerst als Chirurg an die Front und leitete schlie\u00dflich ein orthop\u00e4disches Kriegsspital in Frankstadt (Frenstat pod Radhostem) (M\u00e4hren). Als Primar war der Chirurg zuerst in der Heilanstalt \u201eSpinnerin am Kreuz\u201c und anschlie\u00dfend bis 1938 an der Ersten Orthop\u00e4dischen Abteilung der Mariahilfer Ambulanz t\u00e4tig.<\/p>\n<p>Von den Nationalsozialisten wurde Alfred Saxl seines Postens enthoben und schlie\u00dflich in das Konzentrationslager Theresienstadt gebracht.<\/p>\n<p>Nach dem Zweiten Weltkrieg wirkte das Ehrenmitglied der \u201eVereinigung der Orthop\u00e4den \u00d6sterreichs\u201c noch an der orthop\u00e4dischen Station der Ersten Chirurgischen Klinik.<\/p>\n<p>Lit.:<br \/>\nOrgel Wilhelm (Bearb.): Wer ist wer in \u00d6sterreich, Wien 1953, S. 190<br \/>\nTeichl Robert: \u00d6sterreicher der Gegenwart, Wien 1951, S. 263<\/p>\n","protected":false},"excerpt":{"rendered":"<p>Universit\u00e4tsprofessor geb.: 12. 12. 1877, Wien gest.: 12. 03. 1962, Wien Nach seinem Studium und der 1902 erfolgten Promotion an der Wiener Universit\u00e4t erfolgte die praktische Ausbildung an verschiedenen Kliniken. Im Anschluss an seine T\u00e4tigkeit als Sekundar &#8211; und Assistenzarzt im Allgemeinen Krankenhaus wurde Alfred Saxl bei Adolf Lorenz, dem Vater des Nobelpreistr\u00e4gers, von 1908 &hellip; <\/p>\n<p class=\"link-more\"><a href=\"https:\/\/www.evang-friedhof.at\/simmering\/dr-alfred-saxl\/\" class=\"more-link\"><span class=\"screen-reader-text\">\u201eDr. Alfred SAXL\u201c <\/span>weiterlesen<\/a><\/p>\n","protected":false},"author":1,"featured_media":0,"parent":0,"menu_order":0,"comment_status":"closed","ping_status":"closed","template":"","meta":{"ngg_post_thumbnail":0,"footnotes":""},"class_list":["post-23870","page","type-page","status-publish","hentry"],"_links":{"self":[{"href":"https:\/\/www.evang-friedhof.at\/simmering\/wp-json\/wp\/v2\/pages\/23870","targetHints":{"allow":["GET"]}}],"collection":[{"href":"https:\/\/www.evang-friedhof.at\/simmering\/wp-json\/wp\/v2\/pages"}],"about":[{"href":"https:\/\/www.evang-friedhof.at\/simmering\/wp-json\/wp\/v2\/types\/page"}],"author":[{"embeddable":true,"href":"https:\/\/www.evang-friedhof.at\/simmering\/wp-json\/wp\/v2\/users\/1"}],"replies":[{"embeddable":true,"href":"https:\/\/www.evang-friedhof.at\/simmering\/wp-json\/wp\/v2\/comments?post=23870"}],"version-history":[{"count":1,"href":"https:\/\/www.evang-friedhof.at\/simmering\/wp-json\/wp\/v2\/pages\/23870\/revisions"}],"predecessor-version":[{"id":23872,"href":"https:\/\/www.evang-friedhof.at\/simmering\/wp-json\/wp\/v2\/pages\/23870\/revisions\/23872"}],"wp:attachment":[{"href":"https:\/\/www.evang-friedhof.at\/simmering\/wp-json\/wp\/v2\/media?parent=23870"}],"curies":[{"name":"wp","href":"https:\/\/api.w.org\/{rel}","templated":true}]}}