{"id":23861,"date":"2022-11-02T16:43:38","date_gmt":"2022-11-02T15:43:38","guid":{"rendered":"https:\/\/www.evang-friedhof.at\/simmering\/?page_id=23861"},"modified":"2022-11-02T16:43:38","modified_gmt":"2022-11-02T15:43:38","slug":"alfred-roller","status":"publish","type":"page","link":"https:\/\/www.evang-friedhof.at\/simmering\/alfred-roller\/","title":{"rendered":"Alfred ROLLER"},"content":{"rendered":"<p><a href=\"http:\/\/www.evang-friedhof.at\/simmering\/wp-content\/uploads\/2022\/11\/5-40-Roller.jpg\"><img loading=\"lazy\" decoding=\"async\" class=\"alignleft size-medium wp-image-23862\" src=\"http:\/\/www.evang-friedhof.at\/simmering\/wp-content\/uploads\/2022\/11\/5-40-Roller-225x300.jpg\" alt=\"\" width=\"225\" height=\"300\" srcset=\"https:\/\/www.evang-friedhof.at\/simmering\/wp-content\/uploads\/2022\/11\/5-40-Roller-225x300.jpg 225w, https:\/\/www.evang-friedhof.at\/simmering\/wp-content\/uploads\/2022\/11\/5-40-Roller-768x1024.jpg 768w, https:\/\/www.evang-friedhof.at\/simmering\/wp-content\/uploads\/2022\/11\/5-40-Roller-350x467.jpg 350w, https:\/\/www.evang-friedhof.at\/simmering\/wp-content\/uploads\/2022\/11\/5-40-Roller.jpg 1080w\" sizes=\"auto, (max-width: 225px) 100vw, 225px\" \/><\/a>Maler, Graphiker, B\u00fchnenbildner<\/p>\n<p>geb.: 2. 10. 1864, Br\u00fcnn (Brno) heute Tschechien<br \/>\ngest.: 21. 06. 1935, Wien<\/p>\n<p>Alfred Roller war der Sohn des in Br\u00fcnn wirkenden Oberrealschullehrers, Malers, Radierers und Fachschriftstellers Josef Roller. Er studierte anf\u00e4nglich auf Wunsch des Vaters Rechtswissenschaften und daneben Kunstgeschichte an der Universit\u00e4t Wien. Nach seiner Ausbildung an der Wiener Akademie der bildenden K\u00fcnste bei Peithner von Lichtenfels und Griepenkerl geh\u00f6rte er 1897 zu den Gr\u00fcndungsmitglieder der Wiener Secession, deren Pr\u00e4sident er 1901 bis 1902 war. Gleichzeitig arbeitete der K\u00fcnstler an der Zeitschrift \u201eVer Sacrum\u201c mit, doch drei Jahre sp\u00e4ter verlie\u00df Roller die Secession.<\/p>\n<p>Seit 1899 lehrte der K\u00fcnstler an der Wiener Kunstgewerbeschule, deren Direktor er von 1909 bis zu seiner Pensionierung 1934 blieb.. Zu seinen Werken z\u00e4hlt ein Mosaik in der Breitenfelder Pfarrkirche und Malereien in der Pfarrkirche von Breitensee. Alfred Roller z\u00e4hlte auch zu den Begr\u00fcndern des Wiener Werkbundes.<\/p>\n<p>Von entscheidender Bedeutung war jedoch, dass Alfred Roller 1903 von Gustav Mahler als B\u00fchnenbildner an die Hofoper verpflichtet wurde und von 1905 &#8211; 1909 das Ausstattungswesen leitete. Die kongeniale Zusammenarbeit mit Gustav Mahler revolutionierte das Musiktheater und befreite es von der B\u00fchnenpraxis des Sp\u00e4thistorismus. An 21 Inszenierungen in der Zeit der Direktion Mahler war er beteiligt.<\/p>\n<p>Einen weiteren Meilenstein f\u00fcr das Theater bildete die Zusammenarbeit mit Richard Strauss, Hugo von Hofmannsthal und Max Reinhardt, die sich in der Gr\u00fcndung der Salzburger Festspiele aber auch in den Ausstattungen bei den Urauff\u00fchrungen des bayerischen Komponisten (Elektra, Rosenkavalier, Salome, Intermezzo und \u00c4gyptische Helena) manifestierte. 1935 erhielt Roller auch eine Einladung zu den Bayreuther Festspielen. Nach der Gr\u00fcndung des Reinhard &#8211; Seminars gab er als Lehrer sein Wissen und K\u00f6nnen weiter.<\/p>\n<p>Daneben fand er aber auch noch Zeit als Freier B\u00fchnenbildner an verschiedenen Theatern, wie beispielsweise der Met in New York zu arbeiten.<\/p>\n<p>Ab 1913 arbeitete Alfred Roller in steigendem Ma\u00dfe am Wiener Burgtheater mit dem Schauspieler und Regisseur A. Heine zusammen. Nach dem Ende der Habsburger Monarchie \u00fcbernahm der K\u00fcnstler die Leitung des Ausstattungswesens des Burgtheaters und sp\u00e4ter auch der Staatsoper. Erst 1935 trat er in den Ruhestand und wurde zum Ehrenmitglied der Staatsoper ernannt.<\/p>\n<p>Seit 1906 war Alfred Roller mit der Malerin Mileva Stoisavlievic verheiratet.<\/p>\n<p>Lit.:<br \/>\nCzeike Felix: Historisches Lexikon Wien, Bd. 4, Wien 1995, S. 688 Der Gro\u00dfe Brockhaus Bd. 16, Leipzig 193315, S.35<br \/>\nKleindel Walter: Das gro\u00dfe Buch der \u00d6sterreicher, Wien 1987 S. 434 f \u00d6sterr. Akademie der Wissenschaften (Hrsg.): \u00d6sterreichisches Biographisches Lexikon, Wien 1958, Bd. 10, S. 224 f<\/p>\n","protected":false},"excerpt":{"rendered":"<p>Maler, Graphiker, B\u00fchnenbildner geb.: 2. 10. 1864, Br\u00fcnn (Brno) heute Tschechien gest.: 21. 06. 1935, Wien Alfred Roller war der Sohn des in Br\u00fcnn wirkenden Oberrealschullehrers, Malers, Radierers und Fachschriftstellers Josef Roller. Er studierte anf\u00e4nglich auf Wunsch des Vaters Rechtswissenschaften und daneben Kunstgeschichte an der Universit\u00e4t Wien. Nach seiner Ausbildung an der Wiener Akademie der &hellip; <\/p>\n<p class=\"link-more\"><a href=\"https:\/\/www.evang-friedhof.at\/simmering\/alfred-roller\/\" class=\"more-link\"><span class=\"screen-reader-text\">\u201eAlfred ROLLER\u201c <\/span>weiterlesen<\/a><\/p>\n","protected":false},"author":1,"featured_media":0,"parent":0,"menu_order":0,"comment_status":"closed","ping_status":"closed","template":"","meta":{"ngg_post_thumbnail":0,"footnotes":""},"class_list":["post-23861","page","type-page","status-publish","hentry"],"_links":{"self":[{"href":"https:\/\/www.evang-friedhof.at\/simmering\/wp-json\/wp\/v2\/pages\/23861","targetHints":{"allow":["GET"]}}],"collection":[{"href":"https:\/\/www.evang-friedhof.at\/simmering\/wp-json\/wp\/v2\/pages"}],"about":[{"href":"https:\/\/www.evang-friedhof.at\/simmering\/wp-json\/wp\/v2\/types\/page"}],"author":[{"embeddable":true,"href":"https:\/\/www.evang-friedhof.at\/simmering\/wp-json\/wp\/v2\/users\/1"}],"replies":[{"embeddable":true,"href":"https:\/\/www.evang-friedhof.at\/simmering\/wp-json\/wp\/v2\/comments?post=23861"}],"version-history":[{"count":1,"href":"https:\/\/www.evang-friedhof.at\/simmering\/wp-json\/wp\/v2\/pages\/23861\/revisions"}],"predecessor-version":[{"id":23863,"href":"https:\/\/www.evang-friedhof.at\/simmering\/wp-json\/wp\/v2\/pages\/23861\/revisions\/23863"}],"wp:attachment":[{"href":"https:\/\/www.evang-friedhof.at\/simmering\/wp-json\/wp\/v2\/media?parent=23861"}],"curies":[{"name":"wp","href":"https:\/\/api.w.org\/{rel}","templated":true}]}}