{"id":23858,"date":"2022-11-02T16:41:33","date_gmt":"2022-11-02T15:41:33","guid":{"rendered":"https:\/\/www.evang-friedhof.at\/simmering\/?page_id=23858"},"modified":"2022-11-02T16:41:33","modified_gmt":"2022-11-02T15:41:33","slug":"volkmar-rogler","status":"publish","type":"page","link":"https:\/\/www.evang-friedhof.at\/simmering\/volkmar-rogler\/","title":{"rendered":"Volkmar ROGLER"},"content":{"rendered":"<div class=\"description\"><a href=\"http:\/\/www.evang-friedhof.at\/simmering\/wp-content\/uploads\/2022\/11\/2-242-Rogler.jpg\"><img loading=\"lazy\" decoding=\"async\" class=\"alignleft size-medium wp-image-23859\" src=\"http:\/\/www.evang-friedhof.at\/simmering\/wp-content\/uploads\/2022\/11\/2-242-Rogler-225x300.jpg\" alt=\"\" width=\"225\" height=\"300\" srcset=\"https:\/\/www.evang-friedhof.at\/simmering\/wp-content\/uploads\/2022\/11\/2-242-Rogler-225x300.jpg 225w, https:\/\/www.evang-friedhof.at\/simmering\/wp-content\/uploads\/2022\/11\/2-242-Rogler-768x1024.jpg 768w, https:\/\/www.evang-friedhof.at\/simmering\/wp-content\/uploads\/2022\/11\/2-242-Rogler-350x467.jpg 350w, https:\/\/www.evang-friedhof.at\/simmering\/wp-content\/uploads\/2022\/11\/2-242-Rogler.jpg 1080w\" sizes=\"auto, (max-width: 225px) 100vw, 225px\" \/><\/a>Superintendent H.B.<\/p>\n<p>geb.: 1. 06. 1901, Wien<br \/>\ngest.: 6. 12. 1981, Wien<\/p>\n<p>Im Jahr 1939 \u00fcbernahm er die Leitung der Inneren Mission f\u00fcr Wien, Nieder\u00f6sterreich und das Burgenland. Seine Grundeinstellung lautete, dass die Kirche in der Welt eine dienende Funktion habe. Ab 1947 war er Pfarrer in der Pfarrgemeinde Wien &#8211; S\u00fcd und 1955 erfolgte seine Wahl zum Landessuperintendenten.<\/p>\n<p>Lit.:<br \/>\nKarner Peter (Hrsg.): Die evangelische Gemeinde H.B. in Wien, Wien 1986, S. 146<\/p><\/div>\n","protected":false},"excerpt":{"rendered":"<p>Superintendent H.B. geb.: 1. 06. 1901, Wien gest.: 6. 12. 1981, Wien Im Jahr 1939 \u00fcbernahm er die Leitung der Inneren Mission f\u00fcr Wien, Nieder\u00f6sterreich und das Burgenland. Seine Grundeinstellung lautete, dass die Kirche in der Welt eine dienende Funktion habe. Ab 1947 war er Pfarrer in der Pfarrgemeinde Wien &#8211; S\u00fcd und 1955 erfolgte &hellip; <\/p>\n<p class=\"link-more\"><a href=\"https:\/\/www.evang-friedhof.at\/simmering\/volkmar-rogler\/\" class=\"more-link\"><span class=\"screen-reader-text\">\u201eVolkmar ROGLER\u201c <\/span>weiterlesen<\/a><\/p>\n","protected":false},"author":1,"featured_media":0,"parent":0,"menu_order":0,"comment_status":"closed","ping_status":"closed","template":"","meta":{"ngg_post_thumbnail":0,"footnotes":""},"class_list":["post-23858","page","type-page","status-publish","hentry"],"_links":{"self":[{"href":"https:\/\/www.evang-friedhof.at\/simmering\/wp-json\/wp\/v2\/pages\/23858","targetHints":{"allow":["GET"]}}],"collection":[{"href":"https:\/\/www.evang-friedhof.at\/simmering\/wp-json\/wp\/v2\/pages"}],"about":[{"href":"https:\/\/www.evang-friedhof.at\/simmering\/wp-json\/wp\/v2\/types\/page"}],"author":[{"embeddable":true,"href":"https:\/\/www.evang-friedhof.at\/simmering\/wp-json\/wp\/v2\/users\/1"}],"replies":[{"embeddable":true,"href":"https:\/\/www.evang-friedhof.at\/simmering\/wp-json\/wp\/v2\/comments?post=23858"}],"version-history":[{"count":1,"href":"https:\/\/www.evang-friedhof.at\/simmering\/wp-json\/wp\/v2\/pages\/23858\/revisions"}],"predecessor-version":[{"id":23860,"href":"https:\/\/www.evang-friedhof.at\/simmering\/wp-json\/wp\/v2\/pages\/23858\/revisions\/23860"}],"wp:attachment":[{"href":"https:\/\/www.evang-friedhof.at\/simmering\/wp-json\/wp\/v2\/media?parent=23858"}],"curies":[{"name":"wp","href":"https:\/\/api.w.org\/{rel}","templated":true}]}}