{"id":23855,"date":"2022-11-02T16:41:01","date_gmt":"2022-11-02T15:41:01","guid":{"rendered":"https:\/\/www.evang-friedhof.at\/simmering\/?page_id=23855"},"modified":"2022-11-02T16:41:01","modified_gmt":"2022-11-02T15:41:01","slug":"paul-johann-ress","status":"publish","type":"page","link":"https:\/\/www.evang-friedhof.at\/simmering\/paul-johann-ress\/","title":{"rendered":"Paul (Johann) RESS"},"content":{"rendered":"<p><a href=\"http:\/\/www.evang-friedhof.at\/simmering\/wp-content\/uploads\/2022\/11\/G-97-Ress.jpg\"><img loading=\"lazy\" decoding=\"async\" class=\"alignleft size-medium wp-image-23856\" src=\"http:\/\/www.evang-friedhof.at\/simmering\/wp-content\/uploads\/2022\/11\/G-97-Ress-225x300.jpg\" alt=\"\" width=\"225\" height=\"300\" srcset=\"https:\/\/www.evang-friedhof.at\/simmering\/wp-content\/uploads\/2022\/11\/G-97-Ress-225x300.jpg 225w, https:\/\/www.evang-friedhof.at\/simmering\/wp-content\/uploads\/2022\/11\/G-97-Ress-768x1024.jpg 768w, https:\/\/www.evang-friedhof.at\/simmering\/wp-content\/uploads\/2022\/11\/G-97-Ress-350x467.jpg 350w, https:\/\/www.evang-friedhof.at\/simmering\/wp-content\/uploads\/2022\/11\/G-97-Ress.jpg 1080w\" sizes=\"auto, (max-width: 225px) 100vw, 225px\" \/><\/a>Landschafts &#8211; und Architekturmaler<\/p>\n<p>geb.: 13. 01. 1878, Prag<br \/>\ngest.: 24. 02. 1952, M\u00f6dling<\/p>\n<p>Der Sohn des Gesangsprofessors am Wiener Konservatorium Johann Ress studierte zuerst in Stuttgart bei R. P\u00f6tzelberger und dann an der Wiener Kunstgewerbeschule bei Alfred Roller und Alexander D. Goltz. Er war von 1907 &#8211; 1909 Mitglied des Hagenbundes und stellte auch bei der Kaiserhuldigungsausstellung 1908 das \u00d6lgem\u00e4lde \u201eMoserboden\u201c aus. In den folgenden Jahren war er immer wieder mit Arbeiten bei Ausstellungen des K\u00fcnstlerhauses vertreten und bot 1917 das Werk \u201eFeldwache in S\u00fcdtirol\u201c bei einer Verkaufsausstellung im Palais Auersperg an. Das Bild \u201eKarolingergletscher\u201c kaufte der K\u00f6nig von Italien.<\/p>\n<p>Paul Ress war aber auch ein erfolgreicher Architekt, der f\u00fcr den \u00f6sterreichischen Beitrag bei der Weltausstellung 1905 in L\u00fcttich (Li\u00e8ge) verantwortlich zeichnete. Er wurde mit dem zweiten Preis f\u00fcr Architektur ausgezeichnet und erhielt den belgischen Leopoldorden.<\/p>\n<p>Im Ersten Weltkrieg war er dem Kriegspressequartier als Maler zugeteilt und erhielt das Ritterkreuz des Franz Josephs Ordens.<\/p>\n<p>Lit.:<br \/>\nFuchs Heinrich: Die \u00f6sterreichischen Maler des 19. Jahrhunderts, Erg. Bd.2, S. K79.<br \/>\nPlaner Franz: Das Jahrbuch der Wiener Gesellschaft 1929, Wien 1929, S. 512.<\/p>\n","protected":false},"excerpt":{"rendered":"<p>Landschafts &#8211; und Architekturmaler geb.: 13. 01. 1878, Prag gest.: 24. 02. 1952, M\u00f6dling Der Sohn des Gesangsprofessors am Wiener Konservatorium Johann Ress studierte zuerst in Stuttgart bei R. P\u00f6tzelberger und dann an der Wiener Kunstgewerbeschule bei Alfred Roller und Alexander D. Goltz. Er war von 1907 &#8211; 1909 Mitglied des Hagenbundes und stellte auch &hellip; <\/p>\n<p class=\"link-more\"><a href=\"https:\/\/www.evang-friedhof.at\/simmering\/paul-johann-ress\/\" class=\"more-link\"><span class=\"screen-reader-text\">\u201ePaul (Johann) RESS\u201c <\/span>weiterlesen<\/a><\/p>\n","protected":false},"author":1,"featured_media":0,"parent":0,"menu_order":0,"comment_status":"closed","ping_status":"closed","template":"","meta":{"ngg_post_thumbnail":0,"footnotes":""},"class_list":["post-23855","page","type-page","status-publish","hentry"],"_links":{"self":[{"href":"https:\/\/www.evang-friedhof.at\/simmering\/wp-json\/wp\/v2\/pages\/23855","targetHints":{"allow":["GET"]}}],"collection":[{"href":"https:\/\/www.evang-friedhof.at\/simmering\/wp-json\/wp\/v2\/pages"}],"about":[{"href":"https:\/\/www.evang-friedhof.at\/simmering\/wp-json\/wp\/v2\/types\/page"}],"author":[{"embeddable":true,"href":"https:\/\/www.evang-friedhof.at\/simmering\/wp-json\/wp\/v2\/users\/1"}],"replies":[{"embeddable":true,"href":"https:\/\/www.evang-friedhof.at\/simmering\/wp-json\/wp\/v2\/comments?post=23855"}],"version-history":[{"count":1,"href":"https:\/\/www.evang-friedhof.at\/simmering\/wp-json\/wp\/v2\/pages\/23855\/revisions"}],"predecessor-version":[{"id":23857,"href":"https:\/\/www.evang-friedhof.at\/simmering\/wp-json\/wp\/v2\/pages\/23855\/revisions\/23857"}],"wp:attachment":[{"href":"https:\/\/www.evang-friedhof.at\/simmering\/wp-json\/wp\/v2\/media?parent=23855"}],"curies":[{"name":"wp","href":"https:\/\/api.w.org\/{rel}","templated":true}]}}