{"id":23852,"date":"2022-11-02T16:40:39","date_gmt":"2022-11-02T15:40:39","guid":{"rendered":"https:\/\/www.evang-friedhof.at\/simmering\/?page_id=23852"},"modified":"2022-11-02T16:40:39","modified_gmt":"2022-11-02T15:40:39","slug":"dr-hermann-reitzer","status":"publish","type":"page","link":"https:\/\/www.evang-friedhof.at\/simmering\/dr-hermann-reitzer\/","title":{"rendered":"Dr. Hermann REITZER"},"content":{"rendered":"<p><a href=\"http:\/\/www.evang-friedhof.at\/simmering\/wp-content\/uploads\/2022\/11\/8-Gr-33-Reitzer.jpg\"><img loading=\"lazy\" decoding=\"async\" class=\"alignleft size-medium wp-image-23853\" src=\"http:\/\/www.evang-friedhof.at\/simmering\/wp-content\/uploads\/2022\/11\/8-Gr-33-Reitzer-300x225.jpg\" alt=\"\" width=\"300\" height=\"225\" srcset=\"https:\/\/www.evang-friedhof.at\/simmering\/wp-content\/uploads\/2022\/11\/8-Gr-33-Reitzer-300x225.jpg 300w, https:\/\/www.evang-friedhof.at\/simmering\/wp-content\/uploads\/2022\/11\/8-Gr-33-Reitzer-1024x768.jpg 1024w, https:\/\/www.evang-friedhof.at\/simmering\/wp-content\/uploads\/2022\/11\/8-Gr-33-Reitzer-768x576.jpg 768w, https:\/\/www.evang-friedhof.at\/simmering\/wp-content\/uploads\/2022\/11\/8-Gr-33-Reitzer-350x263.jpg 350w, https:\/\/www.evang-friedhof.at\/simmering\/wp-content\/uploads\/2022\/11\/8-Gr-33-Reitzer.jpg 1440w\" sizes=\"auto, (max-width: 300px) 100vw, 300px\" \/><\/a>Publizist, Wirtschaftswissenschaftler<\/p>\n<p>geb.: 15. 11. 1891, Wien<br \/>\ngest.: 28. 12. 1959, Wien<\/p>\n<p>Hermann Reitzer war der Sohn des Publizisten und Buchh\u00e4ndlers Adolf Reitzer, einem Vork\u00e4mpfer f\u00fcr die Beseitigung der Zeitungsstempel und des Kolportageverbotes. Nach der Matura studierte er an der Wiener Universit\u00e4t Rechtswissenschaften. Zu seinen Lehrern z\u00e4hlten unter anderem der V\u00f6lkerrechtler Heinrich Lammasch oder die National\u00f6konomen Eugen von B\u00f6hm &#8211; Bawerk, Friedrich von Wieser sowie Eugen von Philippovich.<\/p>\n<p>Auf die Promotion zum Dr. jur. folgte eine zweij\u00e4hrige Gerichtspraxis und anschlie\u00dfend ging er ins Kriegsministerium und war mit der Durchf\u00fchrung der von Kaiser Karl I. verf\u00fcgten Amnestie befasst. Von der jungen Republik wurde er in die parlamentarische Kommission zur \u00dcberpr\u00fcfung der Milit\u00e4rgerichtsbarkeit kooptiert.<\/p>\n<p>Reitzer war auch Obmann des Lese &#8211; und Redevereins f\u00fcr Studenten sowie Herausgeber des \u201eWiener Fremdenblattes\u201c bzw. Chefredakteur des \u201eWiener Handelsblattes\u201c und Mitglied der Concordia. Dar\u00fcber hinaus gab er eine Biographie von Robert Hammerling und einen Kommentar zum Gesetz gegen den unlauteren Wettbewerb heraus.<\/p>\n<p>1941 verlie\u00df er die Heimat und war Leiter der \u00d6sterreichabteilung von Radio Kairo. In dieser Zeit schrieb er \u201eRecht und Juristen in Abessinien\u201c. Nach seiner R\u00fcckkehr aus der Emigration war er Syndikus des \u201eDonaueurop\u00e4ischen Instituts\u201c und Chefredakteur des Donaueurop\u00e4ischen Informationsdienstes. In diesem Sinne schrieb er auch das Werk \u201eDer Donaueurop\u00e4ische Gedanke\u201c.<\/p>\n<p>Lit.:<br \/>\nKleindel Walter: Das gro\u00dfe Buch der \u00d6sterreicher, Wien 1987, S. 425<br \/>\nWSTLA: Biographischer Akt<\/p>\n","protected":false},"excerpt":{"rendered":"<p>Publizist, Wirtschaftswissenschaftler geb.: 15. 11. 1891, Wien gest.: 28. 12. 1959, Wien Hermann Reitzer war der Sohn des Publizisten und Buchh\u00e4ndlers Adolf Reitzer, einem Vork\u00e4mpfer f\u00fcr die Beseitigung der Zeitungsstempel und des Kolportageverbotes. Nach der Matura studierte er an der Wiener Universit\u00e4t Rechtswissenschaften. Zu seinen Lehrern z\u00e4hlten unter anderem der V\u00f6lkerrechtler Heinrich Lammasch oder die &hellip; <\/p>\n<p class=\"link-more\"><a href=\"https:\/\/www.evang-friedhof.at\/simmering\/dr-hermann-reitzer\/\" class=\"more-link\"><span class=\"screen-reader-text\">\u201eDr. Hermann REITZER\u201c <\/span>weiterlesen<\/a><\/p>\n","protected":false},"author":1,"featured_media":0,"parent":0,"menu_order":0,"comment_status":"closed","ping_status":"closed","template":"","meta":{"ngg_post_thumbnail":0,"footnotes":""},"class_list":["post-23852","page","type-page","status-publish","hentry"],"_links":{"self":[{"href":"https:\/\/www.evang-friedhof.at\/simmering\/wp-json\/wp\/v2\/pages\/23852","targetHints":{"allow":["GET"]}}],"collection":[{"href":"https:\/\/www.evang-friedhof.at\/simmering\/wp-json\/wp\/v2\/pages"}],"about":[{"href":"https:\/\/www.evang-friedhof.at\/simmering\/wp-json\/wp\/v2\/types\/page"}],"author":[{"embeddable":true,"href":"https:\/\/www.evang-friedhof.at\/simmering\/wp-json\/wp\/v2\/users\/1"}],"replies":[{"embeddable":true,"href":"https:\/\/www.evang-friedhof.at\/simmering\/wp-json\/wp\/v2\/comments?post=23852"}],"version-history":[{"count":1,"href":"https:\/\/www.evang-friedhof.at\/simmering\/wp-json\/wp\/v2\/pages\/23852\/revisions"}],"predecessor-version":[{"id":23854,"href":"https:\/\/www.evang-friedhof.at\/simmering\/wp-json\/wp\/v2\/pages\/23852\/revisions\/23854"}],"wp:attachment":[{"href":"https:\/\/www.evang-friedhof.at\/simmering\/wp-json\/wp\/v2\/media?parent=23852"}],"curies":[{"name":"wp","href":"https:\/\/api.w.org\/{rel}","templated":true}]}}