{"id":23845,"date":"2022-11-02T16:39:40","date_gmt":"2022-11-02T15:39:40","guid":{"rendered":"https:\/\/www.evang-friedhof.at\/simmering\/?page_id=23845"},"modified":"2022-11-02T16:39:40","modified_gmt":"2022-11-02T15:39:40","slug":"johann-rathausky","status":"publish","type":"page","link":"https:\/\/www.evang-friedhof.at\/simmering\/johann-rathausky\/","title":{"rendered":"Johann RATHAUSKY"},"content":{"rendered":"<p><a href=\"http:\/\/www.evang-friedhof.at\/simmering\/wp-content\/uploads\/2022\/11\/2-579-Ratausky.jpg\"><img loading=\"lazy\" decoding=\"async\" class=\"alignleft size-medium wp-image-23846\" src=\"http:\/\/www.evang-friedhof.at\/simmering\/wp-content\/uploads\/2022\/11\/2-579-Ratausky-225x300.jpg\" alt=\"\" width=\"225\" height=\"300\" srcset=\"https:\/\/www.evang-friedhof.at\/simmering\/wp-content\/uploads\/2022\/11\/2-579-Ratausky-225x300.jpg 225w, https:\/\/www.evang-friedhof.at\/simmering\/wp-content\/uploads\/2022\/11\/2-579-Ratausky-350x467.jpg 350w, https:\/\/www.evang-friedhof.at\/simmering\/wp-content\/uploads\/2022\/11\/2-579-Ratausky.jpg 768w\" sizes=\"auto, (max-width: 225px) 100vw, 225px\" \/><\/a>Bildhauer<\/p>\n<p>geb.: 24. 11. 1858, Wien<br \/>\ngest.: 16. 07. 1912, Wien<\/p>\n<p>Johann Rathausky studierte in Wien an der Akademie der bildenden K\u00fcnste in der Meisterklasse von Carl Kundmann. Ab 1890 war er Mitglied der Genossenschaft der Bildenden K\u00fcnstler Wiens, wandte sich zur Jahrhundertwende davon ab und z\u00e4hlte zu den Begr\u00fcndern des Hagenbundes. Doch kehrte er 1905 in die Genossenschaft zur\u00fcck.<\/p>\n<p>W\u00e4hrend seine fr\u00fchen Werke im Geiste Neobarock entstanden, wandte er sich um 1900 einem gem\u00e4\u00dfigten Naturalismus zu. Au\u00dfer Fassadenfiguren f\u00fcr die Versorgungsheimkirche, dem Relief \u201eDie Trauer um Abel\u201c in der Vorhalle der Luegerkirche und Grabdenkm\u00e4lern auf dem Wiener Zentralfriedhof, befinden sich seine bedeutenden Werke au\u00dferhalb Wiens, wie beispielsweise die Denkmale f\u00fcr Adalbert Stifter und Kaiserin Elisabeth in Linz (1902).<\/p>\n<p>Der K\u00fcnstler experimentierte aber auch mit Polychromie und neuen Materialien, wie Terralith.<\/p>\n<p>Johann Rathausky beteiligte sich regelm\u00e4\u00dfig an Ausstellungen des K\u00fcnstlerhauses, an Wettbewerben und internationalen Ausstellungen. F\u00fcr sein Schaffen wurde er vielfach geehrt und ausgezeichnet, so erhielt er unter anderem 1895 die Gro\u00dfe Goldene Staatsmedaille und 1905 die Silberne Medaille auf der Weltausstellung in Paris.<\/p>\n<p>Lit.:<br \/>\nAkad. d. Wiss. (Hrsg.): \u00d6sterreichisches Biographisches Lexikon, Bd. 8, Wien 1983, S. 431f<br \/>\nCzeike Felix: Historisches Lexikon Wien Bd.4, Wien 1995, S. 637<br \/>\nHavelka Hans: Der Wiener Zentralfriedhof, Wien 1989, S. 128, 145<\/p>\n","protected":false},"excerpt":{"rendered":"<p>Bildhauer geb.: 24. 11. 1858, Wien gest.: 16. 07. 1912, Wien Johann Rathausky studierte in Wien an der Akademie der bildenden K\u00fcnste in der Meisterklasse von Carl Kundmann. Ab 1890 war er Mitglied der Genossenschaft der Bildenden K\u00fcnstler Wiens, wandte sich zur Jahrhundertwende davon ab und z\u00e4hlte zu den Begr\u00fcndern des Hagenbundes. Doch kehrte er &hellip; <\/p>\n<p class=\"link-more\"><a href=\"https:\/\/www.evang-friedhof.at\/simmering\/johann-rathausky\/\" class=\"more-link\"><span class=\"screen-reader-text\">\u201eJohann RATHAUSKY\u201c <\/span>weiterlesen<\/a><\/p>\n","protected":false},"author":1,"featured_media":0,"parent":0,"menu_order":0,"comment_status":"closed","ping_status":"closed","template":"","meta":{"ngg_post_thumbnail":0,"footnotes":""},"class_list":["post-23845","page","type-page","status-publish","hentry"],"_links":{"self":[{"href":"https:\/\/www.evang-friedhof.at\/simmering\/wp-json\/wp\/v2\/pages\/23845","targetHints":{"allow":["GET"]}}],"collection":[{"href":"https:\/\/www.evang-friedhof.at\/simmering\/wp-json\/wp\/v2\/pages"}],"about":[{"href":"https:\/\/www.evang-friedhof.at\/simmering\/wp-json\/wp\/v2\/types\/page"}],"author":[{"embeddable":true,"href":"https:\/\/www.evang-friedhof.at\/simmering\/wp-json\/wp\/v2\/users\/1"}],"replies":[{"embeddable":true,"href":"https:\/\/www.evang-friedhof.at\/simmering\/wp-json\/wp\/v2\/comments?post=23845"}],"version-history":[{"count":1,"href":"https:\/\/www.evang-friedhof.at\/simmering\/wp-json\/wp\/v2\/pages\/23845\/revisions"}],"predecessor-version":[{"id":23847,"href":"https:\/\/www.evang-friedhof.at\/simmering\/wp-json\/wp\/v2\/pages\/23845\/revisions\/23847"}],"wp:attachment":[{"href":"https:\/\/www.evang-friedhof.at\/simmering\/wp-json\/wp\/v2\/media?parent=23845"}],"curies":[{"name":"wp","href":"https:\/\/api.w.org\/{rel}","templated":true}]}}