{"id":23839,"date":"2022-11-02T16:38:53","date_gmt":"2022-11-02T15:38:53","guid":{"rendered":"https:\/\/www.evang-friedhof.at\/simmering\/?page_id=23839"},"modified":"2022-11-02T16:38:53","modified_gmt":"2022-11-02T15:38:53","slug":"ernst-proeckl","status":"publish","type":"page","link":"https:\/\/www.evang-friedhof.at\/simmering\/ernst-proeckl\/","title":{"rendered":"Ernst PR\u00d6CKL"},"content":{"rendered":"<p><a href=\"http:\/\/www.evang-friedhof.at\/simmering\/wp-content\/uploads\/2022\/11\/8-Av-9-Proeckl-2.jpg\"><img loading=\"lazy\" decoding=\"async\" class=\"alignleft size-medium wp-image-23840\" src=\"http:\/\/www.evang-friedhof.at\/simmering\/wp-content\/uploads\/2022\/11\/8-Av-9-Proeckl-2-225x300.jpg\" alt=\"\" width=\"225\" height=\"300\" srcset=\"https:\/\/www.evang-friedhof.at\/simmering\/wp-content\/uploads\/2022\/11\/8-Av-9-Proeckl-2-225x300.jpg 225w, https:\/\/www.evang-friedhof.at\/simmering\/wp-content\/uploads\/2022\/11\/8-Av-9-Proeckl-2-768x1024.jpg 768w, https:\/\/www.evang-friedhof.at\/simmering\/wp-content\/uploads\/2022\/11\/8-Av-9-Proeckl-2-350x467.jpg 350w, https:\/\/www.evang-friedhof.at\/simmering\/wp-content\/uploads\/2022\/11\/8-Av-9-Proeckl-2.jpg 1080w\" sizes=\"auto, (max-width: 225px) 100vw, 225px\" \/><\/a>Schauspieler, Regisseur<\/p>\n<p>geb.: 21. 06. 1888, Wien<br \/>\ngest. 4. 12. 1957, Wien<\/p>\n<p>Nach dem Besuch der Realschule ging Ernst Pr\u00f6ckl an die Wiener Akademie f\u00fcr Musik und Darstellende Kunst. Sein erstes Engagement fand er am Stadttheater in Mainz und \u00fcber das k\u00f6nigliche Schauspielhaus Dresden und das Schauspielhaus Frankfurt am Main kam er nach Berlin, wo er zwischen 1918 und 1933 an verschiedenen B\u00fchnen spielte. Zwischen 1933 und 1947 war er dann Mitglied des Ensembles des Volkstheaters in Wien und der \u201eInsel\u201c, ehe er ans Burgtheater berufen wurde. Der alte Sch\u00e4fer Corinnus in \u201eWie es Euch gef\u00e4llt\u201c, war die letzte Rolle in der er auftrat.<\/p>\n<p>Zu den Rollen von Ernst Pr\u00f6ckl z\u00e4hlten der Polonius im Hamlet oder der Squenz im Sommernachtstraum, aber auch im zeitgen\u00f6ssischen Repertoire wie der \u201eHexenjagd\u201c und dem \u201eHeiligen Experiment\u201c, manchmal auch nur in kleinen Partien zeigte er seine Charakterkunst.<\/p>\n<p>Neben seiner T\u00e4tigkeit als Schauspieler bet\u00e4tigte er sich als Sprecher beim Rundfunk zuerst bei der RAVAG und nach dem Zweiten Weltkrieg bei der Sendergruppe Rot Wei\u00df Rot. Auch in einigen Filmen wirkte er mit, so in \u201eDer letzte Akt\u201c 1955.<\/p>\n<p>Lit.:<br \/>\nWSTLA: Biographischer Akt<br \/>\n3. Wiener Theaterbuch, Wien 1959, S. 62<\/p>\n","protected":false},"excerpt":{"rendered":"<p>Schauspieler, Regisseur geb.: 21. 06. 1888, Wien gest. 4. 12. 1957, Wien Nach dem Besuch der Realschule ging Ernst Pr\u00f6ckl an die Wiener Akademie f\u00fcr Musik und Darstellende Kunst. Sein erstes Engagement fand er am Stadttheater in Mainz und \u00fcber das k\u00f6nigliche Schauspielhaus Dresden und das Schauspielhaus Frankfurt am Main kam er nach Berlin, wo &hellip; <\/p>\n<p class=\"link-more\"><a href=\"https:\/\/www.evang-friedhof.at\/simmering\/ernst-proeckl\/\" class=\"more-link\"><span class=\"screen-reader-text\">\u201eErnst PR\u00d6CKL\u201c <\/span>weiterlesen<\/a><\/p>\n","protected":false},"author":1,"featured_media":0,"parent":0,"menu_order":0,"comment_status":"closed","ping_status":"closed","template":"","meta":{"ngg_post_thumbnail":0,"footnotes":""},"class_list":["post-23839","page","type-page","status-publish","hentry"],"_links":{"self":[{"href":"https:\/\/www.evang-friedhof.at\/simmering\/wp-json\/wp\/v2\/pages\/23839","targetHints":{"allow":["GET"]}}],"collection":[{"href":"https:\/\/www.evang-friedhof.at\/simmering\/wp-json\/wp\/v2\/pages"}],"about":[{"href":"https:\/\/www.evang-friedhof.at\/simmering\/wp-json\/wp\/v2\/types\/page"}],"author":[{"embeddable":true,"href":"https:\/\/www.evang-friedhof.at\/simmering\/wp-json\/wp\/v2\/users\/1"}],"replies":[{"embeddable":true,"href":"https:\/\/www.evang-friedhof.at\/simmering\/wp-json\/wp\/v2\/comments?post=23839"}],"version-history":[{"count":1,"href":"https:\/\/www.evang-friedhof.at\/simmering\/wp-json\/wp\/v2\/pages\/23839\/revisions"}],"predecessor-version":[{"id":23841,"href":"https:\/\/www.evang-friedhof.at\/simmering\/wp-json\/wp\/v2\/pages\/23839\/revisions\/23841"}],"wp:attachment":[{"href":"https:\/\/www.evang-friedhof.at\/simmering\/wp-json\/wp\/v2\/media?parent=23839"}],"curies":[{"name":"wp","href":"https:\/\/api.w.org\/{rel}","templated":true}]}}