{"id":23836,"date":"2022-11-02T16:38:28","date_gmt":"2022-11-02T15:38:28","guid":{"rendered":"https:\/\/www.evang-friedhof.at\/simmering\/?page_id=23836"},"modified":"2022-11-02T16:38:28","modified_gmt":"2022-11-02T15:38:28","slug":"julius-price","status":"publish","type":"page","link":"https:\/\/www.evang-friedhof.at\/simmering\/julius-price\/","title":{"rendered":"Julius PRICE"},"content":{"rendered":"<p><a href=\"http:\/\/www.evang-friedhof.at\/simmering\/wp-content\/uploads\/2022\/11\/2-164-Price.jpg\"><img loading=\"lazy\" decoding=\"async\" class=\"alignleft size-medium wp-image-23837\" src=\"http:\/\/www.evang-friedhof.at\/simmering\/wp-content\/uploads\/2022\/11\/2-164-Price-225x300.jpg\" alt=\"\" width=\"225\" height=\"300\" srcset=\"https:\/\/www.evang-friedhof.at\/simmering\/wp-content\/uploads\/2022\/11\/2-164-Price-225x300.jpg 225w, https:\/\/www.evang-friedhof.at\/simmering\/wp-content\/uploads\/2022\/11\/2-164-Price-768x1024.jpg 768w, https:\/\/www.evang-friedhof.at\/simmering\/wp-content\/uploads\/2022\/11\/2-164-Price-350x467.jpg 350w, https:\/\/www.evang-friedhof.at\/simmering\/wp-content\/uploads\/2022\/11\/2-164-Price.jpg 1080w\" sizes=\"auto, (max-width: 225px) 100vw, 225px\" \/><\/a>T\u00e4nzer<\/p>\n<p>geb.: 12. 06. 1833, Nischnij &#8211; Nowgorod, Russland<br \/>\ngest.: 24. 01. 1893, Wien<\/p>\n<p>Vom Beruf der Eltern gepr\u00e4gt, ergriff auch Julius Price die T\u00e4nzerlaufbahn und wurde 1855 an die Wiener Hofoper als Solot\u00e4nzer und Mimiker engagiert. Er unterrichtete auch am Konservatorium und schuf als Choreograph die Ballette \u201eSaltarello\u201c, \u201eHarlekin als Elektriker\u201c und gemeinsam mit Karl Gro\u00df \u201e Der Vater der Deb\u00fctantin\u201c.<\/p>\n<p>Junk Viktor: Handbuch des Tanzes, Hildesheim 1977, S. 185<br \/>\nUlrich Paul S.: Theater, Tanz und Musik in Deutschlands B\u00fchnengeschehen, Bd.2, Berlin 1985, S. 1186<\/p>\n","protected":false},"excerpt":{"rendered":"<p>T\u00e4nzer geb.: 12. 06. 1833, Nischnij &#8211; Nowgorod, Russland gest.: 24. 01. 1893, Wien Vom Beruf der Eltern gepr\u00e4gt, ergriff auch Julius Price die T\u00e4nzerlaufbahn und wurde 1855 an die Wiener Hofoper als Solot\u00e4nzer und Mimiker engagiert. Er unterrichtete auch am Konservatorium und schuf als Choreograph die Ballette \u201eSaltarello\u201c, \u201eHarlekin als Elektriker\u201c und gemeinsam mit &hellip; <\/p>\n<p class=\"link-more\"><a href=\"https:\/\/www.evang-friedhof.at\/simmering\/julius-price\/\" class=\"more-link\"><span class=\"screen-reader-text\">\u201eJulius PRICE\u201c <\/span>weiterlesen<\/a><\/p>\n","protected":false},"author":1,"featured_media":0,"parent":0,"menu_order":0,"comment_status":"closed","ping_status":"closed","template":"","meta":{"ngg_post_thumbnail":0,"footnotes":""},"class_list":["post-23836","page","type-page","status-publish","hentry"],"_links":{"self":[{"href":"https:\/\/www.evang-friedhof.at\/simmering\/wp-json\/wp\/v2\/pages\/23836","targetHints":{"allow":["GET"]}}],"collection":[{"href":"https:\/\/www.evang-friedhof.at\/simmering\/wp-json\/wp\/v2\/pages"}],"about":[{"href":"https:\/\/www.evang-friedhof.at\/simmering\/wp-json\/wp\/v2\/types\/page"}],"author":[{"embeddable":true,"href":"https:\/\/www.evang-friedhof.at\/simmering\/wp-json\/wp\/v2\/users\/1"}],"replies":[{"embeddable":true,"href":"https:\/\/www.evang-friedhof.at\/simmering\/wp-json\/wp\/v2\/comments?post=23836"}],"version-history":[{"count":1,"href":"https:\/\/www.evang-friedhof.at\/simmering\/wp-json\/wp\/v2\/pages\/23836\/revisions"}],"predecessor-version":[{"id":23838,"href":"https:\/\/www.evang-friedhof.at\/simmering\/wp-json\/wp\/v2\/pages\/23836\/revisions\/23838"}],"wp:attachment":[{"href":"https:\/\/www.evang-friedhof.at\/simmering\/wp-json\/wp\/v2\/media?parent=23836"}],"curies":[{"name":"wp","href":"https:\/\/api.w.org\/{rel}","templated":true}]}}