{"id":23826,"date":"2022-11-02T16:37:13","date_gmt":"2022-11-02T15:37:13","guid":{"rendered":"https:\/\/www.evang-friedhof.at\/simmering\/?page_id=23826"},"modified":"2022-11-02T16:37:13","modified_gmt":"2022-11-02T15:37:13","slug":"dr-karl-peucker","status":"publish","type":"page","link":"https:\/\/www.evang-friedhof.at\/simmering\/dr-karl-peucker\/","title":{"rendered":"Dr. Karl PEUCKER"},"content":{"rendered":"<p><a href=\"http:\/\/www.evang-friedhof.at\/simmering\/wp-content\/uploads\/2022\/11\/4-416-Peucker.jpg\"><img loading=\"lazy\" decoding=\"async\" class=\"alignleft size-medium wp-image-23827\" src=\"http:\/\/www.evang-friedhof.at\/simmering\/wp-content\/uploads\/2022\/11\/4-416-Peucker-300x225.jpg\" alt=\"\" width=\"300\" height=\"225\" srcset=\"https:\/\/www.evang-friedhof.at\/simmering\/wp-content\/uploads\/2022\/11\/4-416-Peucker-300x225.jpg 300w, https:\/\/www.evang-friedhof.at\/simmering\/wp-content\/uploads\/2022\/11\/4-416-Peucker-1024x768.jpg 1024w, https:\/\/www.evang-friedhof.at\/simmering\/wp-content\/uploads\/2022\/11\/4-416-Peucker-768x576.jpg 768w, https:\/\/www.evang-friedhof.at\/simmering\/wp-content\/uploads\/2022\/11\/4-416-Peucker-350x263.jpg 350w, https:\/\/www.evang-friedhof.at\/simmering\/wp-content\/uploads\/2022\/11\/4-416-Peucker.jpg 1440w\" sizes=\"auto, (max-width: 300px) 100vw, 300px\" \/><\/a>Kartograph<\/p>\n<p>geb.: 15. 06. 1859, Bojanowo bei Posen, Polen<br \/>\ngest.: 23. 07.1940, Wien<\/p>\n<p>Karl Peucker verbrachte seine Jugend in Breslau und besuchte dort auch die Mittelschule, deren Absolvierung aber durch eine dreij\u00e4hrige T\u00e4tigkeit in der Landwirtschaft unterbrochen wurde. Nach dem Studium der Geographie an der Universit\u00e4t und der Promotion 1890 \u00fcbersiedelte er nach Wien und arbeitete als Kartograph. Zahlreiche Atlanten und Karten f\u00fcr Schule und Wissenschaft gingen auf seine Entw\u00fcrfe zur\u00fcck.<\/p>\n<p>Seine gro\u00dfe Leistung war die Verwendung von Farben f\u00fcr die Gel\u00e4ndedarstellung und die Entwicklung des Gesetzes von der adaptiv &#8211; perspektivischen Farbenplastik. \u00dcber dieses Thema ver\u00f6ffentlichte er zahlreiche Schriften, wie \u201eSchattenplastik und Farbenplastik\u201c.<\/p>\n<p>Nach seiner Habilitierung lehrte er als Dozent an der Hochschule f\u00fcr Welthandel.<\/p>\n<p>Lit.:<br \/>\nCzeike Felix: Biographisches Lexikon Wien, Bd. 4, Wien 1995, S. 533<br \/>\nPlaner Franz: Das Jahrbuch der Wiener Gesellschaft, Wien 1928, S. 257f<\/p>\n","protected":false},"excerpt":{"rendered":"<p>Kartograph geb.: 15. 06. 1859, Bojanowo bei Posen, Polen gest.: 23. 07.1940, Wien Karl Peucker verbrachte seine Jugend in Breslau und besuchte dort auch die Mittelschule, deren Absolvierung aber durch eine dreij\u00e4hrige T\u00e4tigkeit in der Landwirtschaft unterbrochen wurde. Nach dem Studium der Geographie an der Universit\u00e4t und der Promotion 1890 \u00fcbersiedelte er nach Wien und &hellip; <\/p>\n<p class=\"link-more\"><a href=\"https:\/\/www.evang-friedhof.at\/simmering\/dr-karl-peucker\/\" class=\"more-link\"><span class=\"screen-reader-text\">\u201eDr. Karl PEUCKER\u201c <\/span>weiterlesen<\/a><\/p>\n","protected":false},"author":1,"featured_media":0,"parent":0,"menu_order":0,"comment_status":"closed","ping_status":"closed","template":"","meta":{"ngg_post_thumbnail":0,"footnotes":""},"class_list":["post-23826","page","type-page","status-publish","hentry"],"_links":{"self":[{"href":"https:\/\/www.evang-friedhof.at\/simmering\/wp-json\/wp\/v2\/pages\/23826","targetHints":{"allow":["GET"]}}],"collection":[{"href":"https:\/\/www.evang-friedhof.at\/simmering\/wp-json\/wp\/v2\/pages"}],"about":[{"href":"https:\/\/www.evang-friedhof.at\/simmering\/wp-json\/wp\/v2\/types\/page"}],"author":[{"embeddable":true,"href":"https:\/\/www.evang-friedhof.at\/simmering\/wp-json\/wp\/v2\/users\/1"}],"replies":[{"embeddable":true,"href":"https:\/\/www.evang-friedhof.at\/simmering\/wp-json\/wp\/v2\/comments?post=23826"}],"version-history":[{"count":1,"href":"https:\/\/www.evang-friedhof.at\/simmering\/wp-json\/wp\/v2\/pages\/23826\/revisions"}],"predecessor-version":[{"id":23828,"href":"https:\/\/www.evang-friedhof.at\/simmering\/wp-json\/wp\/v2\/pages\/23826\/revisions\/23828"}],"wp:attachment":[{"href":"https:\/\/www.evang-friedhof.at\/simmering\/wp-json\/wp\/v2\/media?parent=23826"}],"curies":[{"name":"wp","href":"https:\/\/api.w.org\/{rel}","templated":true}]}}