{"id":23823,"date":"2022-11-02T16:36:51","date_gmt":"2022-11-02T15:36:51","guid":{"rendered":"https:\/\/www.evang-friedhof.at\/simmering\/?page_id=23823"},"modified":"2022-11-02T16:36:51","modified_gmt":"2022-11-02T15:36:51","slug":"gustav-pappenheim","status":"publish","type":"page","link":"https:\/\/www.evang-friedhof.at\/simmering\/gustav-pappenheim\/","title":{"rendered":"Gustav PAPPENHEIM"},"content":{"rendered":"<div class=\"description\"><a href=\"http:\/\/www.evang-friedhof.at\/simmering\/wp-content\/uploads\/2022\/11\/1-326-Pappenheim.jpg\"><img loading=\"lazy\" decoding=\"async\" class=\"alignleft size-medium wp-image-23824\" src=\"http:\/\/www.evang-friedhof.at\/simmering\/wp-content\/uploads\/2022\/11\/1-326-Pappenheim-225x300.jpg\" alt=\"\" width=\"225\" height=\"300\" srcset=\"https:\/\/www.evang-friedhof.at\/simmering\/wp-content\/uploads\/2022\/11\/1-326-Pappenheim-225x300.jpg 225w, https:\/\/www.evang-friedhof.at\/simmering\/wp-content\/uploads\/2022\/11\/1-326-Pappenheim-768x1024.jpg 768w, https:\/\/www.evang-friedhof.at\/simmering\/wp-content\/uploads\/2022\/11\/1-326-Pappenheim-350x467.jpg 350w, https:\/\/www.evang-friedhof.at\/simmering\/wp-content\/uploads\/2022\/11\/1-326-Pappenheim.jpg 1080w\" sizes=\"auto, (max-width: 225px) 100vw, 225px\" \/><\/a>Patentanwalt, Journalherausgeber<\/p>\n<p>geb.: 11. 01. 1838, Wien<br \/>\ngest.: 18. 06. 1907, Wien<\/p>\n<p>Gustav Pappenheim besuchte eine \u00f6sterreichische Mittelschule und nach der Reifepr\u00fcfung betrieb er Leipzig und Wien philosophische bzw. technische Studien. Schlie\u00dflich arbeitete er als Redakteur bzw. Mitarbeiter bei so verschiedenen Zeitungen und Zeitschriften wie \u201ePresse\u201c, \u201eWanderer\u201c, \u201eWiener Lloyd\u201c oder \u201eNeueste Nachrichten\u201c.<\/p>\n<p>Ab 1867 fungierte er als Zeitungsherausgeber brachte das \u201eOesterreichische Handelsjournal\u201c, die \u201e\u00d6sterreichisch &#8211; ungarische Metallarbeiter Zeitung\u201c sowie die \u201e\u00d6sterreichisch &#8211; ungarische M\u00fcllerzeitung\u201c heraus.<\/p>\n<p>Er verfasste auch popul\u00e4rwissenschaftliche national\u00f6konomische Brosch\u00fcren und schrieb ein \u201ePopul\u00e4res Lehrbuch der M\u00fcllerei\u201c, das in \u00d6sterreich und im Deutschen Reich als offizielles Lehrbuch eingesetzt war.<\/p>\n<p>1899 wurde er beim k.k. Handelsgericht als Patentanwalt beeidet und besa\u00df auch ein konzessioniertes Patentb\u00fcro.<\/p>\n<p>Lit.:<br \/>\nKosel Hermann Cl.: Deutsch &#8211; \u00d6sterreichisches K\u00fcnstler und Schriftstellerlexikon, Bd. 1, Wien 1902, S. 405.<\/p><\/div>\n","protected":false},"excerpt":{"rendered":"<p>Patentanwalt, Journalherausgeber geb.: 11. 01. 1838, Wien gest.: 18. 06. 1907, Wien Gustav Pappenheim besuchte eine \u00f6sterreichische Mittelschule und nach der Reifepr\u00fcfung betrieb er Leipzig und Wien philosophische bzw. technische Studien. Schlie\u00dflich arbeitete er als Redakteur bzw. Mitarbeiter bei so verschiedenen Zeitungen und Zeitschriften wie \u201ePresse\u201c, \u201eWanderer\u201c, \u201eWiener Lloyd\u201c oder \u201eNeueste Nachrichten\u201c. Ab 1867 fungierte &hellip; <\/p>\n<p class=\"link-more\"><a href=\"https:\/\/www.evang-friedhof.at\/simmering\/gustav-pappenheim\/\" class=\"more-link\"><span class=\"screen-reader-text\">\u201eGustav PAPPENHEIM\u201c <\/span>weiterlesen<\/a><\/p>\n","protected":false},"author":1,"featured_media":0,"parent":0,"menu_order":0,"comment_status":"closed","ping_status":"closed","template":"","meta":{"ngg_post_thumbnail":0,"footnotes":""},"class_list":["post-23823","page","type-page","status-publish","hentry"],"_links":{"self":[{"href":"https:\/\/www.evang-friedhof.at\/simmering\/wp-json\/wp\/v2\/pages\/23823","targetHints":{"allow":["GET"]}}],"collection":[{"href":"https:\/\/www.evang-friedhof.at\/simmering\/wp-json\/wp\/v2\/pages"}],"about":[{"href":"https:\/\/www.evang-friedhof.at\/simmering\/wp-json\/wp\/v2\/types\/page"}],"author":[{"embeddable":true,"href":"https:\/\/www.evang-friedhof.at\/simmering\/wp-json\/wp\/v2\/users\/1"}],"replies":[{"embeddable":true,"href":"https:\/\/www.evang-friedhof.at\/simmering\/wp-json\/wp\/v2\/comments?post=23823"}],"version-history":[{"count":1,"href":"https:\/\/www.evang-friedhof.at\/simmering\/wp-json\/wp\/v2\/pages\/23823\/revisions"}],"predecessor-version":[{"id":23825,"href":"https:\/\/www.evang-friedhof.at\/simmering\/wp-json\/wp\/v2\/pages\/23823\/revisions\/23825"}],"wp:attachment":[{"href":"https:\/\/www.evang-friedhof.at\/simmering\/wp-json\/wp\/v2\/media?parent=23823"}],"curies":[{"name":"wp","href":"https:\/\/api.w.org\/{rel}","templated":true}]}}