{"id":23818,"date":"2022-11-02T16:36:09","date_gmt":"2022-11-02T15:36:09","guid":{"rendered":"https:\/\/www.evang-friedhof.at\/simmering\/?page_id=23818"},"modified":"2022-11-02T16:36:09","modified_gmt":"2022-11-02T15:36:09","slug":"franz-naval-eigentlich-pogacnik","status":"publish","type":"page","link":"https:\/\/www.evang-friedhof.at\/simmering\/franz-naval-eigentlich-pogacnik\/","title":{"rendered":"Franz NAVAL (eigentlich: Pogacnik)"},"content":{"rendered":"<p><a href=\"http:\/\/www.evang-friedhof.at\/simmering\/wp-content\/uploads\/2022\/11\/9-1-36-Naval-2.jpg\"><img loading=\"lazy\" decoding=\"async\" class=\"alignleft size-medium wp-image-23819\" src=\"http:\/\/www.evang-friedhof.at\/simmering\/wp-content\/uploads\/2022\/11\/9-1-36-Naval-2-225x300.jpg\" alt=\"\" width=\"225\" height=\"300\" srcset=\"https:\/\/www.evang-friedhof.at\/simmering\/wp-content\/uploads\/2022\/11\/9-1-36-Naval-2-225x300.jpg 225w, https:\/\/www.evang-friedhof.at\/simmering\/wp-content\/uploads\/2022\/11\/9-1-36-Naval-2-768x1024.jpg 768w, https:\/\/www.evang-friedhof.at\/simmering\/wp-content\/uploads\/2022\/11\/9-1-36-Naval-2-350x467.jpg 350w, https:\/\/www.evang-friedhof.at\/simmering\/wp-content\/uploads\/2022\/11\/9-1-36-Naval-2.jpg 1080w\" sizes=\"auto, (max-width: 225px) 100vw, 225px\" \/><\/a>Operns\u00e4nger<\/p>\n<p>geb.: 20. 10. 1865, Laibach (Ljubljana) heute Slowenien<br \/>\ngest.: 9. 08. 1939, Wien<\/p>\n<p>Der lyrische Tenor erhielt seine Ausbildung zuerst in Laibach vollendete sie aber bei Joseph G\u00e4nsbacher in Wien. Sein Deb\u00fct feierte der S\u00e4nger1888 am Stadttheater in Frankfurt \/ Main und sang ab 1895 in Berlin an der Hofoper. 1898 erhielt er ein Engagement an der Wiener Hofoper, die er jedoch infolge eines Zerw\u00fcrfnisses mit Gustav Mahler 1902 wieder verlie\u00df. Vom Wiener Publikum verabschiedete er sich als Richard im Maskenball (1902) bzw. in einem Abschiedskonzert im Musikverein.<\/p>\n<p>Es folgte 1903\/4 eine Saison an der Metropolitan Opera in New York und anschlie\u00dfend eine neuerliche Verpflichtung in Berlin an der Hofoper bzw. ab 1908 der Komischen Oper.<\/p>\n<p>Franz Naval war in seiner Zeit auch ein bedeutender Lieds\u00e4nger. Nach dem Ende seiner S\u00e4ngerlaufbahn lebte er als Gesangsp\u00e4dagoge in Wien.<\/p>\n<p>Lit.:<br \/>\nCzeike Felix: Historisches Lexikon Wien, Bd. 4, Wien 1995 S. 358<br \/>\nKutsch Karl J., Riemens Leo: Gro\u00dfes S\u00e4ngerlexikon, Bd. 2, Bern 1987, S. 2078<\/p>\n","protected":false},"excerpt":{"rendered":"<p>Operns\u00e4nger geb.: 20. 10. 1865, Laibach (Ljubljana) heute Slowenien gest.: 9. 08. 1939, Wien Der lyrische Tenor erhielt seine Ausbildung zuerst in Laibach vollendete sie aber bei Joseph G\u00e4nsbacher in Wien. Sein Deb\u00fct feierte der S\u00e4nger1888 am Stadttheater in Frankfurt \/ Main und sang ab 1895 in Berlin an der Hofoper. 1898 erhielt er ein &hellip; <\/p>\n<p class=\"link-more\"><a href=\"https:\/\/www.evang-friedhof.at\/simmering\/franz-naval-eigentlich-pogacnik\/\" class=\"more-link\"><span class=\"screen-reader-text\">\u201eFranz NAVAL (eigentlich: Pogacnik)\u201c <\/span>weiterlesen<\/a><\/p>\n","protected":false},"author":1,"featured_media":0,"parent":0,"menu_order":0,"comment_status":"closed","ping_status":"closed","template":"","meta":{"ngg_post_thumbnail":0,"footnotes":""},"class_list":["post-23818","page","type-page","status-publish","hentry"],"_links":{"self":[{"href":"https:\/\/www.evang-friedhof.at\/simmering\/wp-json\/wp\/v2\/pages\/23818","targetHints":{"allow":["GET"]}}],"collection":[{"href":"https:\/\/www.evang-friedhof.at\/simmering\/wp-json\/wp\/v2\/pages"}],"about":[{"href":"https:\/\/www.evang-friedhof.at\/simmering\/wp-json\/wp\/v2\/types\/page"}],"author":[{"embeddable":true,"href":"https:\/\/www.evang-friedhof.at\/simmering\/wp-json\/wp\/v2\/users\/1"}],"replies":[{"embeddable":true,"href":"https:\/\/www.evang-friedhof.at\/simmering\/wp-json\/wp\/v2\/comments?post=23818"}],"version-history":[{"count":1,"href":"https:\/\/www.evang-friedhof.at\/simmering\/wp-json\/wp\/v2\/pages\/23818\/revisions"}],"predecessor-version":[{"id":23820,"href":"https:\/\/www.evang-friedhof.at\/simmering\/wp-json\/wp\/v2\/pages\/23818\/revisions\/23820"}],"wp:attachment":[{"href":"https:\/\/www.evang-friedhof.at\/simmering\/wp-json\/wp\/v2\/media?parent=23818"}],"curies":[{"name":"wp","href":"https:\/\/api.w.org\/{rel}","templated":true}]}}