{"id":23815,"date":"2022-11-02T16:35:45","date_gmt":"2022-11-02T15:35:45","guid":{"rendered":"https:\/\/www.evang-friedhof.at\/simmering\/?page_id=23815"},"modified":"2022-11-02T16:35:45","modified_gmt":"2022-11-02T15:35:45","slug":"gustav-muenstedt","status":"publish","type":"page","link":"https:\/\/www.evang-friedhof.at\/simmering\/gustav-muenstedt\/","title":{"rendered":"Gustav M\u00dcNSTEDT"},"content":{"rendered":"<p><a href=\"http:\/\/www.evang-friedhof.at\/simmering\/wp-content\/uploads\/2022\/11\/3-77-Muenstedt-1.jpg\"><img loading=\"lazy\" decoding=\"async\" class=\"alignleft size-medium wp-image-23816\" src=\"http:\/\/www.evang-friedhof.at\/simmering\/wp-content\/uploads\/2022\/11\/3-77-Muenstedt-1-300x225.jpg\" alt=\"\" width=\"300\" height=\"225\" srcset=\"https:\/\/www.evang-friedhof.at\/simmering\/wp-content\/uploads\/2022\/11\/3-77-Muenstedt-1-300x225.jpg 300w, https:\/\/www.evang-friedhof.at\/simmering\/wp-content\/uploads\/2022\/11\/3-77-Muenstedt-1-1024x768.jpg 1024w, https:\/\/www.evang-friedhof.at\/simmering\/wp-content\/uploads\/2022\/11\/3-77-Muenstedt-1-768x576.jpg 768w, https:\/\/www.evang-friedhof.at\/simmering\/wp-content\/uploads\/2022\/11\/3-77-Muenstedt-1-350x263.jpg 350w, https:\/\/www.evang-friedhof.at\/simmering\/wp-content\/uploads\/2022\/11\/3-77-Muenstedt-1.jpg 1440w\" sizes=\"auto, (max-width: 300px) 100vw, 300px\" \/><\/a>Schausteller<\/p>\n<p>geb.: 27. 09. 1845<br \/>\ngest.: 22. 07. 1933, Wien<\/p>\n<p>Gustav M\u00fcnstedt errichtete nach der Donauregulierung im Prater das Hyppodrom Washington und er\u00f6ffnete 1877 eine Vergn\u00fcgungshalle, die er Zentralhalle benannte, in der Singspiele und gymnastische Produktionen vorgef\u00fchrt wurden. In den 80 er Jahren betrieb M\u00fcnstedt ein mechanisches Bergwerk, ein Schiffskarussel und lie\u00df Riesen und Liliputaner sowie bekannte Tierb\u00e4ndiger auftreten. Als Chef der M\u00fcnstedt &#8211; Kolibri, einer Liliputanertruppe bereiste er fast ganz Europa.<\/p>\n<p>Im Jahr 1901 bot er den Zuschauern \u201elebender Bilder\u201c und ab 1902 gestaltete er seinen Betrieb, der sich in der N\u00e4he von Pr\u00e4uschers Panoptikum befand, in ein Kino um. Seine Unternehmung vermachte M\u00fcnstedt 1933 den beiden Liliputanern Nikolaus und Andr\u00e9 Marcell. Im Zuge eines Bombenangriffes wurde das Kino zerst\u00f6rt, jedoch anstelle des ebenfalls abgebrannten Ph\u00f6nix &#8211; Schaupalastes wieder aufgebaut.<\/p>\n<p>Lit.:<br \/>\nCzeike Felix: Historisches Lexikon Wien, Bd. 4, Wien 1995 S. 322<br \/>\nHavelka Hand: Der Wiener Zentralfriedhof, Wien 1989, S. 129<\/p>\n","protected":false},"excerpt":{"rendered":"<p>Schausteller geb.: 27. 09. 1845 gest.: 22. 07. 1933, Wien Gustav M\u00fcnstedt errichtete nach der Donauregulierung im Prater das Hyppodrom Washington und er\u00f6ffnete 1877 eine Vergn\u00fcgungshalle, die er Zentralhalle benannte, in der Singspiele und gymnastische Produktionen vorgef\u00fchrt wurden. In den 80 er Jahren betrieb M\u00fcnstedt ein mechanisches Bergwerk, ein Schiffskarussel und lie\u00df Riesen und Liliputaner &hellip; <\/p>\n<p class=\"link-more\"><a href=\"https:\/\/www.evang-friedhof.at\/simmering\/gustav-muenstedt\/\" class=\"more-link\"><span class=\"screen-reader-text\">\u201eGustav M\u00dcNSTEDT\u201c <\/span>weiterlesen<\/a><\/p>\n","protected":false},"author":1,"featured_media":0,"parent":0,"menu_order":0,"comment_status":"closed","ping_status":"closed","template":"","meta":{"ngg_post_thumbnail":0,"footnotes":""},"class_list":["post-23815","page","type-page","status-publish","hentry"],"_links":{"self":[{"href":"https:\/\/www.evang-friedhof.at\/simmering\/wp-json\/wp\/v2\/pages\/23815","targetHints":{"allow":["GET"]}}],"collection":[{"href":"https:\/\/www.evang-friedhof.at\/simmering\/wp-json\/wp\/v2\/pages"}],"about":[{"href":"https:\/\/www.evang-friedhof.at\/simmering\/wp-json\/wp\/v2\/types\/page"}],"author":[{"embeddable":true,"href":"https:\/\/www.evang-friedhof.at\/simmering\/wp-json\/wp\/v2\/users\/1"}],"replies":[{"embeddable":true,"href":"https:\/\/www.evang-friedhof.at\/simmering\/wp-json\/wp\/v2\/comments?post=23815"}],"version-history":[{"count":1,"href":"https:\/\/www.evang-friedhof.at\/simmering\/wp-json\/wp\/v2\/pages\/23815\/revisions"}],"predecessor-version":[{"id":23817,"href":"https:\/\/www.evang-friedhof.at\/simmering\/wp-json\/wp\/v2\/pages\/23815\/revisions\/23817"}],"wp:attachment":[{"href":"https:\/\/www.evang-friedhof.at\/simmering\/wp-json\/wp\/v2\/media?parent=23815"}],"curies":[{"name":"wp","href":"https:\/\/api.w.org\/{rel}","templated":true}]}}