{"id":23812,"date":"2022-11-02T16:35:26","date_gmt":"2022-11-02T15:35:26","guid":{"rendered":"https:\/\/www.evang-friedhof.at\/simmering\/?page_id=23812"},"modified":"2022-11-02T16:35:26","modified_gmt":"2022-11-02T15:35:26","slug":"max-monsky","status":"publish","type":"page","link":"https:\/\/www.evang-friedhof.at\/simmering\/max-monsky\/","title":{"rendered":"Max MONSKY"},"content":{"rendered":"<p><a href=\"http:\/\/www.evang-friedhof.at\/simmering\/wp-content\/uploads\/2022\/11\/8-Av-30-Monsky-3.jpg\"><img loading=\"lazy\" decoding=\"async\" class=\"alignleft size-medium wp-image-23813\" src=\"http:\/\/www.evang-friedhof.at\/simmering\/wp-content\/uploads\/2022\/11\/8-Av-30-Monsky-3-225x300.jpg\" alt=\"\" width=\"225\" height=\"300\" srcset=\"https:\/\/www.evang-friedhof.at\/simmering\/wp-content\/uploads\/2022\/11\/8-Av-30-Monsky-3-225x300.jpg 225w, https:\/\/www.evang-friedhof.at\/simmering\/wp-content\/uploads\/2022\/11\/8-Av-30-Monsky-3-768x1024.jpg 768w, https:\/\/www.evang-friedhof.at\/simmering\/wp-content\/uploads\/2022\/11\/8-Av-30-Monsky-3-350x467.jpg 350w, https:\/\/www.evang-friedhof.at\/simmering\/wp-content\/uploads\/2022\/11\/8-Av-30-Monsky-3.jpg 1080w\" sizes=\"auto, (max-width: 225px) 100vw, 225px\" \/><\/a>Generalsekret\u00e4r der Inneren Mission<\/p>\n<p>geb.: 1876, Ostpreu\u00dfen<br \/>\ngest.:<\/p>\n<p>Max Monsky gab im Jahr 1912 seine Pfarrer in Krems auf um sich vollinhaltlich der Evangelisation und Gemeinschaftspflege zu widmen und gr\u00fcndete die \u201eEvangelische Gesellschaft in \u00d6sterreich\u201c, deren Generalsekret\u00e4r er wurde. Das Versammlungslokal lag im siebenten Bezirk am Urban Loritz Platz.<\/p>\n<p>Einen ersten H\u00f6hepunkt bildete die 400 Jahrfeier der Reformation, deren Festakt unter dem Vorsitz von Carl Alphons Witz &#8211; Oberlin am 24. September 1917 im Reichstagssaal des Parlaments abgehalten werden konnte. Am folgenden Tag hielt der Generalsekret\u00e4r ein Referat \u00fcber \u201eDie Grundlehre von dem allgemeinen Priestertum aller Gl\u00e4ubigen in ihrer Bedeutung f\u00fcr die Gegenwart.\u201c<\/p>\n<p>Von der Macht des Wortes \u00fcberzeugt, wagte er noch 1949 als er bereits im Ruhestand war, den Versuch \u00f6ffentlicher Stra\u00dfenpredigten.<\/p>\n<p>Lit.:<br \/>\nJaquemar: Innere Mission, Wien 1951, S. 45, 86, 141f<br \/>\nNeuer Krakauer Schreib &#8211; Kalender f\u00fcr das Schaltjahr nach der Geburt Jesu Christi 1912, Wien 1912, S. 38<\/p>\n","protected":false},"excerpt":{"rendered":"<p>Generalsekret\u00e4r der Inneren Mission geb.: 1876, Ostpreu\u00dfen gest.: Max Monsky gab im Jahr 1912 seine Pfarrer in Krems auf um sich vollinhaltlich der Evangelisation und Gemeinschaftspflege zu widmen und gr\u00fcndete die \u201eEvangelische Gesellschaft in \u00d6sterreich\u201c, deren Generalsekret\u00e4r er wurde. Das Versammlungslokal lag im siebenten Bezirk am Urban Loritz Platz. Einen ersten H\u00f6hepunkt bildete die 400 &hellip; <\/p>\n<p class=\"link-more\"><a href=\"https:\/\/www.evang-friedhof.at\/simmering\/max-monsky\/\" class=\"more-link\"><span class=\"screen-reader-text\">\u201eMax MONSKY\u201c <\/span>weiterlesen<\/a><\/p>\n","protected":false},"author":1,"featured_media":0,"parent":0,"menu_order":0,"comment_status":"closed","ping_status":"closed","template":"","meta":{"ngg_post_thumbnail":0,"footnotes":""},"class_list":["post-23812","page","type-page","status-publish","hentry"],"_links":{"self":[{"href":"https:\/\/www.evang-friedhof.at\/simmering\/wp-json\/wp\/v2\/pages\/23812","targetHints":{"allow":["GET"]}}],"collection":[{"href":"https:\/\/www.evang-friedhof.at\/simmering\/wp-json\/wp\/v2\/pages"}],"about":[{"href":"https:\/\/www.evang-friedhof.at\/simmering\/wp-json\/wp\/v2\/types\/page"}],"author":[{"embeddable":true,"href":"https:\/\/www.evang-friedhof.at\/simmering\/wp-json\/wp\/v2\/users\/1"}],"replies":[{"embeddable":true,"href":"https:\/\/www.evang-friedhof.at\/simmering\/wp-json\/wp\/v2\/comments?post=23812"}],"version-history":[{"count":1,"href":"https:\/\/www.evang-friedhof.at\/simmering\/wp-json\/wp\/v2\/pages\/23812\/revisions"}],"predecessor-version":[{"id":23814,"href":"https:\/\/www.evang-friedhof.at\/simmering\/wp-json\/wp\/v2\/pages\/23812\/revisions\/23814"}],"wp:attachment":[{"href":"https:\/\/www.evang-friedhof.at\/simmering\/wp-json\/wp\/v2\/media?parent=23812"}],"curies":[{"name":"wp","href":"https:\/\/api.w.org\/{rel}","templated":true}]}}