{"id":23809,"date":"2022-11-02T16:35:02","date_gmt":"2022-11-02T15:35:02","guid":{"rendered":"https:\/\/www.evang-friedhof.at\/simmering\/?page_id=23809"},"modified":"2022-11-02T16:35:02","modified_gmt":"2022-11-02T15:35:02","slug":"dr-edmund-mojsisovics-edler-von-mojsvar","status":"publish","type":"page","link":"https:\/\/www.evang-friedhof.at\/simmering\/dr-edmund-mojsisovics-edler-von-mojsvar\/","title":{"rendered":"Dr. Edmund MOJSISOVICS Edler von Mojsvar"},"content":{"rendered":"<p><a href=\"http:\/\/www.evang-friedhof.at\/simmering\/wp-content\/uploads\/2022\/11\/1-R-5-Mojsisovic.jpg\"><img loading=\"lazy\" decoding=\"async\" class=\"alignleft size-medium wp-image-23810\" src=\"http:\/\/www.evang-friedhof.at\/simmering\/wp-content\/uploads\/2022\/11\/1-R-5-Mojsisovic-225x300.jpg\" alt=\"\" width=\"225\" height=\"300\" srcset=\"https:\/\/www.evang-friedhof.at\/simmering\/wp-content\/uploads\/2022\/11\/1-R-5-Mojsisovic-225x300.jpg 225w, https:\/\/www.evang-friedhof.at\/simmering\/wp-content\/uploads\/2022\/11\/1-R-5-Mojsisovic-768x1024.jpg 768w, https:\/\/www.evang-friedhof.at\/simmering\/wp-content\/uploads\/2022\/11\/1-R-5-Mojsisovic-350x467.jpg 350w, https:\/\/www.evang-friedhof.at\/simmering\/wp-content\/uploads\/2022\/11\/1-R-5-Mojsisovic.jpg 1080w\" sizes=\"auto, (max-width: 225px) 100vw, 225px\" \/><\/a>Geologe und Alpinist<\/p>\n<p>geb.: 18. 10. 1839, Wien<br \/>\ngest.: 2. 10. 1907, Mallnitz<\/p>\n<p>Edmund war der Sohn des Primararztes am Wiener Allgemeinen Krankenhaus Georg von M. und Bruder des Zoologen August von Mojsisovics. Er studiert Rechtswissenschaften an den Universit\u00e4ten Wien und Graz und promovierte 1864. Auf seinen zahlreichen Wanderungen in den Alpen widmete sich Edmund Mojsisovics geologischen und geographischen Studien. Zu seinen speziellen Interessen z\u00e4hlte auch die Erdbebenforschung. Seit 1865 wirkte er an der Geologischen Reichsanstalt und wurde 1870 zum Chefgeologen und Bergrat, 1879 zum Oberbergrat und 1892 zum Vizedirektor ernannt.<\/p>\n<p>1871 habilitierte sich Edmund Mojsisovics an der Wiener Universit\u00e4t f\u00fcr spezielle Geologie und wurde schlie\u00dflich 1891 Wirkliches Mitglied der Akademie der Wissenschaften. Ab 1897 leitete er die von der Akademie ins Leben gerufene Erdbebenkommission.<\/p>\n<p>Zahlreiche Ehrungen zeugen von der internationalen Wertsch\u00e4tzung seiner Leistungen, so erhielt er unter anderem 1892 den Orden der Eisernen Krone, 1904 ein Ehrendoktorat der Universit\u00e4t Cambridge bzw. 1905 das Komturkreuz des Franz Josephs &#8211; Ordens.<\/p>\n<p>Zu den wichtigen Ver\u00f6ffentlichungen z\u00e4hlen die ab 1880 erscheinenden \u201eBeitr\u00e4ge zur Pal\u00e4ontologie \u00d6sterreich &#8211; Ungarns\u201c, \u201eDas Gebirge um Hallstatt\u201c, \u201eDolomitenriffe von S\u00fcdtirol und Venetien\u201c, \u201eGrundlinien der Geologie von Bosnien &#8211; Herzegowina\u201c oder die \u201eCephalopoden der Hallst\u00e4tter Kalke\u201c.<\/p>\n<p>Seine Liebe zum Alpinismus stand 1862 Pate bei der Gr\u00fcndung des \u201e\u00d6sterreichischen Alpenvereins\u201c zusammen mit Guido Freiherr v. Sommaruga und Paul Grohmann, dessen Kassier er von 1862 bis 1865 war. 1869 hatte er auch Anteil an der Gr\u00fcndung des Deutschen Alpenvereins und unterst\u00fctzte die 1873 vollzogene Vereinigung zum Deutsch &#8211; \u00d6sterreichischen Alpenverein.<\/p>\n<p>Auf seine Leistungen und Verdienste weist auch sein Grabmal hin, denn vor dem Mosaik einer Alpenlandschaft steht die Marmorb\u00fcste des Verstorbenen und davor eine Frauengestalt, die in der einen Hand eine Eule als Symbol der Wissenschaft und in der anderen einen Lorbeerkranz h\u00e4lt.<\/p>\n<p>Lit.:<br \/>\nCzeike Felix: Historisches Lexikon Wien, Bd. 4, Wien 1995 S. 286<br \/>\nHavelka Hans: Der Wiener Zentralfriedhof, Wien 1989, S. 130<br \/>\nKleindel Walter: Das gro\u00dfe Buch der \u00d6sterreicher, Wien 1987 S. 351<br \/>\nMecenseffy Grete: Evangelische Lehrer an der Wiener Universit\u00e4t, Wien 1967, S. 245ff<\/p>\n","protected":false},"excerpt":{"rendered":"<p>Geologe und Alpinist geb.: 18. 10. 1839, Wien gest.: 2. 10. 1907, Mallnitz Edmund war der Sohn des Primararztes am Wiener Allgemeinen Krankenhaus Georg von M. und Bruder des Zoologen August von Mojsisovics. Er studiert Rechtswissenschaften an den Universit\u00e4ten Wien und Graz und promovierte 1864. Auf seinen zahlreichen Wanderungen in den Alpen widmete sich Edmund &hellip; <\/p>\n<p class=\"link-more\"><a href=\"https:\/\/www.evang-friedhof.at\/simmering\/dr-edmund-mojsisovics-edler-von-mojsvar\/\" class=\"more-link\"><span class=\"screen-reader-text\">\u201eDr. Edmund MOJSISOVICS Edler von Mojsvar\u201c <\/span>weiterlesen<\/a><\/p>\n","protected":false},"author":1,"featured_media":0,"parent":0,"menu_order":0,"comment_status":"closed","ping_status":"closed","template":"","meta":{"ngg_post_thumbnail":0,"footnotes":""},"class_list":["post-23809","page","type-page","status-publish","hentry"],"_links":{"self":[{"href":"https:\/\/www.evang-friedhof.at\/simmering\/wp-json\/wp\/v2\/pages\/23809","targetHints":{"allow":["GET"]}}],"collection":[{"href":"https:\/\/www.evang-friedhof.at\/simmering\/wp-json\/wp\/v2\/pages"}],"about":[{"href":"https:\/\/www.evang-friedhof.at\/simmering\/wp-json\/wp\/v2\/types\/page"}],"author":[{"embeddable":true,"href":"https:\/\/www.evang-friedhof.at\/simmering\/wp-json\/wp\/v2\/users\/1"}],"replies":[{"embeddable":true,"href":"https:\/\/www.evang-friedhof.at\/simmering\/wp-json\/wp\/v2\/comments?post=23809"}],"version-history":[{"count":1,"href":"https:\/\/www.evang-friedhof.at\/simmering\/wp-json\/wp\/v2\/pages\/23809\/revisions"}],"predecessor-version":[{"id":23811,"href":"https:\/\/www.evang-friedhof.at\/simmering\/wp-json\/wp\/v2\/pages\/23809\/revisions\/23811"}],"wp:attachment":[{"href":"https:\/\/www.evang-friedhof.at\/simmering\/wp-json\/wp\/v2\/media?parent=23809"}],"curies":[{"name":"wp","href":"https:\/\/api.w.org\/{rel}","templated":true}]}}