{"id":23803,"date":"2022-11-02T16:33:24","date_gmt":"2022-11-02T15:33:24","guid":{"rendered":"https:\/\/www.evang-friedhof.at\/simmering\/?page_id=23803"},"modified":"2022-11-02T16:33:24","modified_gmt":"2022-11-02T15:33:24","slug":"viktoria-anna-modl-geborene-belling","status":"publish","type":"page","link":"https:\/\/www.evang-friedhof.at\/simmering\/viktoria-anna-modl-geborene-belling\/","title":{"rendered":"Viktoria (Anna) MODL (geborene Belling )"},"content":{"rendered":"<p><a href=\"http:\/\/www.evang-friedhof.at\/simmering\/wp-content\/uploads\/2022\/11\/3-95-Belling-1.jpg\"><img loading=\"lazy\" decoding=\"async\" class=\"alignleft size-medium wp-image-23804\" src=\"http:\/\/www.evang-friedhof.at\/simmering\/wp-content\/uploads\/2022\/11\/3-95-Belling-1-225x300.jpg\" alt=\"\" width=\"225\" height=\"300\" srcset=\"https:\/\/www.evang-friedhof.at\/simmering\/wp-content\/uploads\/2022\/11\/3-95-Belling-1-225x300.jpg 225w, https:\/\/www.evang-friedhof.at\/simmering\/wp-content\/uploads\/2022\/11\/3-95-Belling-1-768x1024.jpg 768w, https:\/\/www.evang-friedhof.at\/simmering\/wp-content\/uploads\/2022\/11\/3-95-Belling-1-350x467.jpg 350w, https:\/\/www.evang-friedhof.at\/simmering\/wp-content\/uploads\/2022\/11\/3-95-Belling-1.jpg 1080w\" sizes=\"auto, (max-width: 225px) 100vw, 225px\" \/><\/a>Regisseurin<\/p>\n<p>geb.: 16. 05. 1872, Breslau<br \/>\ngest.: 7. 09. 1942, Wien<\/p>\n<p>Viktoria Belling war die Tochter von Tom Belling (1843 &#8211; 1900), der die Figur des \u201eDummen August\u201c kreiert hatte und lange Jahre im Zirkus Renz aufgetreten war. Sie bet\u00e4tigte sich anf\u00e4nglich wie ihre Br\u00fcder Gobert, Tom jr. und Clemens sowie Ihre Schwester Ella im Zirkus als Reiterin, Seilt\u00e4nzerin, Jongleuse und Trapezk\u00fcnstlerin. Frank Wedekind, der sie im Zirkus Herzog in Z\u00fcrich gesehen hatte, verewigte sie in einigen Gedichten. Die beiden Schwestern sollen auch die Vorbilder f\u00fcr Luisa und Radina in \u201eKarl Hauptmanns \u201eTobias Bundschuh\u201c sein.<\/p>\n<p>1889 kam sie zum ersten Mal nach Wien und gastierte im Variet\u00e9 Ronacher und lernte bei dieser Gelegenheit den Volkss\u00e4nger und Komiker Josef Modl (1860 &#8211; 1915) kennen, den sie 1894 ehelichte.<\/p>\n<p>Ab 1904 f\u00fchrte sie w\u00e4hrend der Sommermonate mit ihrem Mann das Karlsbader Orpheum. Die beiden machten aus dem im Niedergang befindlichen Etablissement ein international angesehenes Unternehmen. Nach dem Tod ihres Mannes legte sie die Direktion zur\u00fcck und arbeitete in verschiedensten Berufen einige Jahre in den USA. 1930 kehrte sie nach Wien zur\u00fcck.<\/p>\n<p>Lit.:<br \/>\nAkad. d. Wiss. (Hrsg.): \u00d6sterreichisches Biographisches Lexikon, Bd. 6, Wien 1975, S. 337.<br \/>\nCzeike Felix: Historisches Lexikon Wien, Bd. 1, Wien 1992, S. 316.<\/p>\n","protected":false},"excerpt":{"rendered":"<p>Regisseurin geb.: 16. 05. 1872, Breslau gest.: 7. 09. 1942, Wien Viktoria Belling war die Tochter von Tom Belling (1843 &#8211; 1900), der die Figur des \u201eDummen August\u201c kreiert hatte und lange Jahre im Zirkus Renz aufgetreten war. Sie bet\u00e4tigte sich anf\u00e4nglich wie ihre Br\u00fcder Gobert, Tom jr. und Clemens sowie Ihre Schwester Ella im &hellip; <\/p>\n<p class=\"link-more\"><a href=\"https:\/\/www.evang-friedhof.at\/simmering\/viktoria-anna-modl-geborene-belling\/\" class=\"more-link\"><span class=\"screen-reader-text\">\u201eViktoria (Anna) MODL (geborene Belling )\u201c <\/span>weiterlesen<\/a><\/p>\n","protected":false},"author":1,"featured_media":0,"parent":0,"menu_order":0,"comment_status":"closed","ping_status":"closed","template":"","meta":{"ngg_post_thumbnail":0,"footnotes":""},"class_list":["post-23803","page","type-page","status-publish","hentry"],"_links":{"self":[{"href":"https:\/\/www.evang-friedhof.at\/simmering\/wp-json\/wp\/v2\/pages\/23803","targetHints":{"allow":["GET"]}}],"collection":[{"href":"https:\/\/www.evang-friedhof.at\/simmering\/wp-json\/wp\/v2\/pages"}],"about":[{"href":"https:\/\/www.evang-friedhof.at\/simmering\/wp-json\/wp\/v2\/types\/page"}],"author":[{"embeddable":true,"href":"https:\/\/www.evang-friedhof.at\/simmering\/wp-json\/wp\/v2\/users\/1"}],"replies":[{"embeddable":true,"href":"https:\/\/www.evang-friedhof.at\/simmering\/wp-json\/wp\/v2\/comments?post=23803"}],"version-history":[{"count":1,"href":"https:\/\/www.evang-friedhof.at\/simmering\/wp-json\/wp\/v2\/pages\/23803\/revisions"}],"predecessor-version":[{"id":23805,"href":"https:\/\/www.evang-friedhof.at\/simmering\/wp-json\/wp\/v2\/pages\/23803\/revisions\/23805"}],"wp:attachment":[{"href":"https:\/\/www.evang-friedhof.at\/simmering\/wp-json\/wp\/v2\/media?parent=23803"}],"curies":[{"name":"wp","href":"https:\/\/api.w.org\/{rel}","templated":true}]}}