{"id":23801,"date":"2022-11-02T16:32:55","date_gmt":"2022-11-02T15:32:55","guid":{"rendered":"https:\/\/www.evang-friedhof.at\/simmering\/?page_id=23801"},"modified":"2022-11-02T16:32:55","modified_gmt":"2022-11-02T15:32:55","slug":"otto-maria-miethke-gutenegg","status":"publish","type":"page","link":"https:\/\/www.evang-friedhof.at\/simmering\/otto-maria-miethke-gutenegg\/","title":{"rendered":"Otto Maria MIETHKE &#8211; GUTENEGG"},"content":{"rendered":"<div class=\"description\"><a href=\"http:\/\/www.evang-friedhof.at\/simmering\/wp-content\/uploads\/2022\/11\/marmor-grabstein-mit-blumen-dekor-v1079.jpg\"><img loading=\"lazy\" decoding=\"async\" class=\"alignleft size-medium wp-image-23658\" src=\"http:\/\/www.evang-friedhof.at\/simmering\/wp-content\/uploads\/2022\/11\/marmor-grabstein-mit-blumen-dekor-v1079-300x300.jpg\" alt=\"\" width=\"300\" height=\"300\" srcset=\"https:\/\/www.evang-friedhof.at\/simmering\/wp-content\/uploads\/2022\/11\/marmor-grabstein-mit-blumen-dekor-v1079-300x300.jpg 300w, https:\/\/www.evang-friedhof.at\/simmering\/wp-content\/uploads\/2022\/11\/marmor-grabstein-mit-blumen-dekor-v1079-150x150.jpg 150w, https:\/\/www.evang-friedhof.at\/simmering\/wp-content\/uploads\/2022\/11\/marmor-grabstein-mit-blumen-dekor-v1079-100x100.jpg 100w, https:\/\/www.evang-friedhof.at\/simmering\/wp-content\/uploads\/2022\/11\/marmor-grabstein-mit-blumen-dekor-v1079-250x250.jpg 250w, https:\/\/www.evang-friedhof.at\/simmering\/wp-content\/uploads\/2022\/11\/marmor-grabstein-mit-blumen-dekor-v1079.jpg 310w\" sizes=\"auto, (max-width: 300px) 100vw, 300px\" \/><\/a>Maler und Illustrator<\/p>\n<p>geb.: 13. 03. 1881, Wien<br \/>\ngest.: 8. 03. 1922, Wien<\/p>\n<p>Der Sohn des Wiener Kunsth\u00e4ndlers H. O. Miethke, war 1901 bis 1902 Sch\u00fcler bei Kolo Moser, ging aber dann zu Heinrich Knirr nach M\u00fcnchen. W\u00e4hrend seines Aufenthaltes in London wurde er vom Krieg \u00fcberrascht und war von 1914 &#8211; 1918 interniert.<\/p>\n<p>Der K\u00fcnstler schuf Zeichnungen f\u00fcr die Zeitschrift \u201eDie Opale\u201c und entwarf 1908 den Buchschmuck zu Fjodor Sollogubs \u201eBuch der M\u00e4rchen\u201c.<\/p>\n<p>Lit.:<br \/>\nFuchs Heinrich: Die \u00f6sterreichischen Maler der Geburtsjahrg\u00e4nge 1881 &#8211; 1900, Bd. 2, Wien 1977, S. K19<\/p><\/div>\n","protected":false},"excerpt":{"rendered":"<p>Maler und Illustrator geb.: 13. 03. 1881, Wien gest.: 8. 03. 1922, Wien Der Sohn des Wiener Kunsth\u00e4ndlers H. O. Miethke, war 1901 bis 1902 Sch\u00fcler bei Kolo Moser, ging aber dann zu Heinrich Knirr nach M\u00fcnchen. W\u00e4hrend seines Aufenthaltes in London wurde er vom Krieg \u00fcberrascht und war von 1914 &#8211; 1918 interniert. Der &hellip; <\/p>\n<p class=\"link-more\"><a href=\"https:\/\/www.evang-friedhof.at\/simmering\/otto-maria-miethke-gutenegg\/\" class=\"more-link\"><span class=\"screen-reader-text\">\u201eOtto Maria MIETHKE &#8211; GUTENEGG\u201c <\/span>weiterlesen<\/a><\/p>\n","protected":false},"author":1,"featured_media":0,"parent":0,"menu_order":0,"comment_status":"closed","ping_status":"closed","template":"","meta":{"ngg_post_thumbnail":0,"footnotes":""},"class_list":["post-23801","page","type-page","status-publish","hentry"],"_links":{"self":[{"href":"https:\/\/www.evang-friedhof.at\/simmering\/wp-json\/wp\/v2\/pages\/23801","targetHints":{"allow":["GET"]}}],"collection":[{"href":"https:\/\/www.evang-friedhof.at\/simmering\/wp-json\/wp\/v2\/pages"}],"about":[{"href":"https:\/\/www.evang-friedhof.at\/simmering\/wp-json\/wp\/v2\/types\/page"}],"author":[{"embeddable":true,"href":"https:\/\/www.evang-friedhof.at\/simmering\/wp-json\/wp\/v2\/users\/1"}],"replies":[{"embeddable":true,"href":"https:\/\/www.evang-friedhof.at\/simmering\/wp-json\/wp\/v2\/comments?post=23801"}],"version-history":[{"count":1,"href":"https:\/\/www.evang-friedhof.at\/simmering\/wp-json\/wp\/v2\/pages\/23801\/revisions"}],"predecessor-version":[{"id":23802,"href":"https:\/\/www.evang-friedhof.at\/simmering\/wp-json\/wp\/v2\/pages\/23801\/revisions\/23802"}],"wp:attachment":[{"href":"https:\/\/www.evang-friedhof.at\/simmering\/wp-json\/wp\/v2\/media?parent=23801"}],"curies":[{"name":"wp","href":"https:\/\/api.w.org\/{rel}","templated":true}]}}