{"id":23798,"date":"2022-11-02T16:32:35","date_gmt":"2022-11-02T15:32:35","guid":{"rendered":"https:\/\/www.evang-friedhof.at\/simmering\/?page_id=23798"},"modified":"2022-11-02T16:32:35","modified_gmt":"2022-11-02T15:32:35","slug":"heinrich-meder","status":"publish","type":"page","link":"https:\/\/www.evang-friedhof.at\/simmering\/heinrich-meder\/","title":{"rendered":"Heinrich MEDER"},"content":{"rendered":"<div class=\"description\"><a href=\"http:\/\/www.evang-friedhof.at\/simmering\/wp-content\/uploads\/2022\/11\/P-30-Meder-1-1.jpg\"><img loading=\"lazy\" decoding=\"async\" class=\"alignleft size-medium wp-image-23799\" src=\"http:\/\/www.evang-friedhof.at\/simmering\/wp-content\/uploads\/2022\/11\/P-30-Meder-1-1-225x300.jpg\" alt=\"\" width=\"225\" height=\"300\" srcset=\"https:\/\/www.evang-friedhof.at\/simmering\/wp-content\/uploads\/2022\/11\/P-30-Meder-1-1-225x300.jpg 225w, https:\/\/www.evang-friedhof.at\/simmering\/wp-content\/uploads\/2022\/11\/P-30-Meder-1-1-768x1024.jpg 768w, https:\/\/www.evang-friedhof.at\/simmering\/wp-content\/uploads\/2022\/11\/P-30-Meder-1-1-350x467.jpg 350w, https:\/\/www.evang-friedhof.at\/simmering\/wp-content\/uploads\/2022\/11\/P-30-Meder-1-1.jpg 1080w\" sizes=\"auto, (max-width: 225px) 100vw, 225px\" \/><\/a>Pfarrer<\/p>\n<p>geb.: 7. 11. 1904, Neu &#8211; Verbas\/ Jugoslawien<br \/>\ngest.: 11. 08. 1985, Wien<\/p>\n<p>Nach seiner Ausbildung war er Vikar in Zagreb (Agram) und ab 1941 Senior und Kirchenpr\u00e4sident der Batschka. Im Gefolge der Ereignisse am Ende des Zweiten Weltkrieges gelangte er nach \u00d6sterreich und arbeitete in der Fl\u00fcchtlingsseelsorge. Ab dem 1. M\u00e4rz 1947 war Pfarrer in Wien &#8211; Leopoldstadt und \u00fcbte dieses Amt zwanzig Jahre aus. Er gr\u00fcndete die gemeinn\u00fctzige Wohnungs &#8211; und Siedlungsgenossenschaft \u201eNeusiedler\u201c.<\/p>\n<p>Lit.:<br \/>\nAmtsblatt f\u00fcr die evangelischen Kirchen in \u00d6sterreich, August 1985.<\/p><\/div>\n","protected":false},"excerpt":{"rendered":"<p>Pfarrer geb.: 7. 11. 1904, Neu &#8211; Verbas\/ Jugoslawien gest.: 11. 08. 1985, Wien Nach seiner Ausbildung war er Vikar in Zagreb (Agram) und ab 1941 Senior und Kirchenpr\u00e4sident der Batschka. Im Gefolge der Ereignisse am Ende des Zweiten Weltkrieges gelangte er nach \u00d6sterreich und arbeitete in der Fl\u00fcchtlingsseelsorge. Ab dem 1. M\u00e4rz 1947 war &hellip; <\/p>\n<p class=\"link-more\"><a href=\"https:\/\/www.evang-friedhof.at\/simmering\/heinrich-meder\/\" class=\"more-link\"><span class=\"screen-reader-text\">\u201eHeinrich MEDER\u201c <\/span>weiterlesen<\/a><\/p>\n","protected":false},"author":1,"featured_media":0,"parent":0,"menu_order":0,"comment_status":"closed","ping_status":"closed","template":"","meta":{"ngg_post_thumbnail":0,"footnotes":""},"class_list":["post-23798","page","type-page","status-publish","hentry"],"_links":{"self":[{"href":"https:\/\/www.evang-friedhof.at\/simmering\/wp-json\/wp\/v2\/pages\/23798","targetHints":{"allow":["GET"]}}],"collection":[{"href":"https:\/\/www.evang-friedhof.at\/simmering\/wp-json\/wp\/v2\/pages"}],"about":[{"href":"https:\/\/www.evang-friedhof.at\/simmering\/wp-json\/wp\/v2\/types\/page"}],"author":[{"embeddable":true,"href":"https:\/\/www.evang-friedhof.at\/simmering\/wp-json\/wp\/v2\/users\/1"}],"replies":[{"embeddable":true,"href":"https:\/\/www.evang-friedhof.at\/simmering\/wp-json\/wp\/v2\/comments?post=23798"}],"version-history":[{"count":1,"href":"https:\/\/www.evang-friedhof.at\/simmering\/wp-json\/wp\/v2\/pages\/23798\/revisions"}],"predecessor-version":[{"id":23800,"href":"https:\/\/www.evang-friedhof.at\/simmering\/wp-json\/wp\/v2\/pages\/23798\/revisions\/23800"}],"wp:attachment":[{"href":"https:\/\/www.evang-friedhof.at\/simmering\/wp-json\/wp\/v2\/media?parent=23798"}],"curies":[{"name":"wp","href":"https:\/\/api.w.org\/{rel}","templated":true}]}}