{"id":23794,"date":"2022-11-02T16:31:56","date_gmt":"2022-11-02T15:31:56","guid":{"rendered":"https:\/\/www.evang-friedhof.at\/simmering\/?page_id=23794"},"modified":"2022-11-02T16:31:56","modified_gmt":"2022-11-02T15:31:56","slug":"hans-massmann","status":"publish","type":"page","link":"https:\/\/www.evang-friedhof.at\/simmering\/hans-massmann\/","title":{"rendered":"Hans MASSMANN"},"content":{"rendered":"<p><a href=\"http:\/\/www.evang-friedhof.at\/simmering\/wp-content\/uploads\/2022\/11\/7-Av-18-Massmann.jpg\"><img loading=\"lazy\" decoding=\"async\" class=\"alignleft size-medium wp-image-23795\" src=\"http:\/\/www.evang-friedhof.at\/simmering\/wp-content\/uploads\/2022\/11\/7-Av-18-Massmann-300x225.jpg\" alt=\"\" width=\"300\" height=\"225\" srcset=\"https:\/\/www.evang-friedhof.at\/simmering\/wp-content\/uploads\/2022\/11\/7-Av-18-Massmann-300x225.jpg 300w, https:\/\/www.evang-friedhof.at\/simmering\/wp-content\/uploads\/2022\/11\/7-Av-18-Massmann-1024x768.jpg 1024w, https:\/\/www.evang-friedhof.at\/simmering\/wp-content\/uploads\/2022\/11\/7-Av-18-Massmann-768x576.jpg 768w, https:\/\/www.evang-friedhof.at\/simmering\/wp-content\/uploads\/2022\/11\/7-Av-18-Massmann-350x263.jpg 350w, https:\/\/www.evang-friedhof.at\/simmering\/wp-content\/uploads\/2022\/11\/7-Av-18-Massmann.jpg 1440w\" sizes=\"auto, (max-width: 300px) 100vw, 300px\" \/><\/a>Maler und Radierer<\/p>\n<p>geb.: 10. 07. 1887, Bukarest, Rum\u00e4nien<br \/>\ngest.: 4. 04. 1973, Wien<\/p>\n<p>Der Portrait, Landschafts &#8211; und Genremaler sowie Radierer erhielt seine Ausbildung an der Wiener Akademie der bildenden K\u00fcnste unter Christian Griepenkerl und Kasimir Pochwalski. Zwei seiner Bilder, \u201eKinderreigen\u201c und \u201eVerschneite Alpen\u201c wurden vom \u00f6sterreichischen Staat und weitere Werke, darunter das \u201eWinterbild aus dem 19. Bezirk\u201c von der Stadt Wien angekauft. Hans Massmann war seit 1919 Mitglied des Wiener K\u00fcnstlerhauses an dessen Ausstellungen er sich regelm\u00e4\u00dfig beteiligte. 1957 wurde ihm der \u201eGoldene Lorbeer\u201c verliehen.<\/p>\n<p>Lit.:<br \/>\nFuchs Heinrich: Die \u00f6sterreichischen Maler der Geburtsjahrg\u00e4nge 1881 &#8211; 1900, Bd. 2, Wien 1977, S. K9<\/p>\n","protected":false},"excerpt":{"rendered":"<p>Maler und Radierer geb.: 10. 07. 1887, Bukarest, Rum\u00e4nien gest.: 4. 04. 1973, Wien Der Portrait, Landschafts &#8211; und Genremaler sowie Radierer erhielt seine Ausbildung an der Wiener Akademie der bildenden K\u00fcnste unter Christian Griepenkerl und Kasimir Pochwalski. Zwei seiner Bilder, \u201eKinderreigen\u201c und \u201eVerschneite Alpen\u201c wurden vom \u00f6sterreichischen Staat und weitere Werke, darunter das \u201eWinterbild &hellip; <\/p>\n<p class=\"link-more\"><a href=\"https:\/\/www.evang-friedhof.at\/simmering\/hans-massmann\/\" class=\"more-link\"><span class=\"screen-reader-text\">\u201eHans MASSMANN\u201c <\/span>weiterlesen<\/a><\/p>\n","protected":false},"author":1,"featured_media":0,"parent":0,"menu_order":0,"comment_status":"closed","ping_status":"closed","template":"","meta":{"ngg_post_thumbnail":0,"footnotes":""},"class_list":["post-23794","page","type-page","status-publish","hentry"],"_links":{"self":[{"href":"https:\/\/www.evang-friedhof.at\/simmering\/wp-json\/wp\/v2\/pages\/23794","targetHints":{"allow":["GET"]}}],"collection":[{"href":"https:\/\/www.evang-friedhof.at\/simmering\/wp-json\/wp\/v2\/pages"}],"about":[{"href":"https:\/\/www.evang-friedhof.at\/simmering\/wp-json\/wp\/v2\/types\/page"}],"author":[{"embeddable":true,"href":"https:\/\/www.evang-friedhof.at\/simmering\/wp-json\/wp\/v2\/users\/1"}],"replies":[{"embeddable":true,"href":"https:\/\/www.evang-friedhof.at\/simmering\/wp-json\/wp\/v2\/comments?post=23794"}],"version-history":[{"count":1,"href":"https:\/\/www.evang-friedhof.at\/simmering\/wp-json\/wp\/v2\/pages\/23794\/revisions"}],"predecessor-version":[{"id":23796,"href":"https:\/\/www.evang-friedhof.at\/simmering\/wp-json\/wp\/v2\/pages\/23794\/revisions\/23796"}],"wp:attachment":[{"href":"https:\/\/www.evang-friedhof.at\/simmering\/wp-json\/wp\/v2\/media?parent=23794"}],"curies":[{"name":"wp","href":"https:\/\/api.w.org\/{rel}","templated":true}]}}