{"id":23780,"date":"2022-11-02T16:29:47","date_gmt":"2022-11-02T15:29:47","guid":{"rendered":"https:\/\/www.evang-friedhof.at\/simmering\/?page_id=23780"},"modified":"2022-11-02T16:29:47","modified_gmt":"2022-11-02T15:29:47","slug":"josef-lewinsky","status":"publish","type":"page","link":"https:\/\/www.evang-friedhof.at\/simmering\/josef-lewinsky\/","title":{"rendered":"Josef LEWINSKY"},"content":{"rendered":"<p><a href=\"http:\/\/www.evang-friedhof.at\/simmering\/wp-content\/uploads\/2022\/11\/1-489-Lewinsky.jpg\"><img loading=\"lazy\" decoding=\"async\" class=\"alignleft size-medium wp-image-23781\" src=\"http:\/\/www.evang-friedhof.at\/simmering\/wp-content\/uploads\/2022\/11\/1-489-Lewinsky-225x300.jpg\" alt=\"\" width=\"225\" height=\"300\" srcset=\"https:\/\/www.evang-friedhof.at\/simmering\/wp-content\/uploads\/2022\/11\/1-489-Lewinsky-225x300.jpg 225w, https:\/\/www.evang-friedhof.at\/simmering\/wp-content\/uploads\/2022\/11\/1-489-Lewinsky-768x1024.jpg 768w, https:\/\/www.evang-friedhof.at\/simmering\/wp-content\/uploads\/2022\/11\/1-489-Lewinsky-350x467.jpg 350w, https:\/\/www.evang-friedhof.at\/simmering\/wp-content\/uploads\/2022\/11\/1-489-Lewinsky.jpg 1080w\" sizes=\"auto, (max-width: 225px) 100vw, 225px\" \/><\/a>Schauspieler<\/p>\n<p>geb.: 20. 09. 1835, Wien<br \/>\ngest.: 27. 02. 1907, Wien<\/p>\n<p>Der Sohn eines K\u00fcrschners besuchte das Schottengymnasium und sang als Chorknabe in der Schottenkirche. Er sollte nach dem Willen des Vaters Jurist werden, doch nach dem Tod des Vaters brach er 1852 die Schule ab und wurde Statist am Wiener Hofburgtheater. Nach seiner Schauspielausbildung deb\u00fctierte er 1854 am Theater an der Wien und kehrte nach Engagements in Bielitz (Bilsko), Troppau (Opava) und Br\u00fcnn (Brno) 1858 nach Wien zur\u00fcck, wo er von Direktor Heinrich Laube ans Burgtheater engagiert wurde. Als exzellenter Sprecher faszinierte er sein Publikum unter anderem als Franz Moor (Die R\u00e4uber) und Mephisto (Faust) oder auch bei Rezitationsabenden.<\/p>\n<p>Sp\u00e4ter wirkte Lewinsky auch als Spielleiter am Burgtheater. 1910 erschienen die \u201eKleinen Schriften dramaturgischen und theatergeschichtlichen Inhalts\u201c, die von seiner Gattin Olga Lewinsky &#8211; Precheisen den \u201eSchriften der Gesellschaft f\u00fcr Theatergeschichte\u201c aus dem Nachlass publiziert wurden.<\/p>\n<p>Lit.:<br \/>\nBergauer Josef: Auf den Spuren ber\u00fchmter Menschen in Wien, Wien 1949, S.46, 132, 220, 236<br \/>\nDer Gro\u00dfe Brockhaus Bd. 11, Leipzig 193215, S. 366<br \/>\nEisenberg Ludwig: Gro\u00dfes Biographisches Lexikon der Deutschen B\u00fchne im XIX. Jahrhundert, Leipzig 1903, S. 597ff<br \/>\nKleindel Walter: Das gro\u00dfe Buch der \u00d6sterreicher, Wien 1987, S. 293<\/p>\n","protected":false},"excerpt":{"rendered":"<p>Schauspieler geb.: 20. 09. 1835, Wien gest.: 27. 02. 1907, Wien Der Sohn eines K\u00fcrschners besuchte das Schottengymnasium und sang als Chorknabe in der Schottenkirche. Er sollte nach dem Willen des Vaters Jurist werden, doch nach dem Tod des Vaters brach er 1852 die Schule ab und wurde Statist am Wiener Hofburgtheater. Nach seiner Schauspielausbildung &hellip; <\/p>\n<p class=\"link-more\"><a href=\"https:\/\/www.evang-friedhof.at\/simmering\/josef-lewinsky\/\" class=\"more-link\"><span class=\"screen-reader-text\">\u201eJosef LEWINSKY\u201c <\/span>weiterlesen<\/a><\/p>\n","protected":false},"author":1,"featured_media":0,"parent":0,"menu_order":0,"comment_status":"closed","ping_status":"closed","template":"","meta":{"ngg_post_thumbnail":0,"footnotes":""},"class_list":["post-23780","page","type-page","status-publish","hentry"],"_links":{"self":[{"href":"https:\/\/www.evang-friedhof.at\/simmering\/wp-json\/wp\/v2\/pages\/23780","targetHints":{"allow":["GET"]}}],"collection":[{"href":"https:\/\/www.evang-friedhof.at\/simmering\/wp-json\/wp\/v2\/pages"}],"about":[{"href":"https:\/\/www.evang-friedhof.at\/simmering\/wp-json\/wp\/v2\/types\/page"}],"author":[{"embeddable":true,"href":"https:\/\/www.evang-friedhof.at\/simmering\/wp-json\/wp\/v2\/users\/1"}],"replies":[{"embeddable":true,"href":"https:\/\/www.evang-friedhof.at\/simmering\/wp-json\/wp\/v2\/comments?post=23780"}],"version-history":[{"count":1,"href":"https:\/\/www.evang-friedhof.at\/simmering\/wp-json\/wp\/v2\/pages\/23780\/revisions"}],"predecessor-version":[{"id":23782,"href":"https:\/\/www.evang-friedhof.at\/simmering\/wp-json\/wp\/v2\/pages\/23780\/revisions\/23782"}],"wp:attachment":[{"href":"https:\/\/www.evang-friedhof.at\/simmering\/wp-json\/wp\/v2\/media?parent=23780"}],"curies":[{"name":"wp","href":"https:\/\/api.w.org\/{rel}","templated":true}]}}