{"id":23774,"date":"2022-11-02T16:28:49","date_gmt":"2022-11-02T15:28:49","guid":{"rendered":"https:\/\/www.evang-friedhof.at\/simmering\/?page_id=23774"},"modified":"2022-11-02T16:28:49","modified_gmt":"2022-11-02T15:28:49","slug":"theodor-edler-von-lerch","status":"publish","type":"page","link":"https:\/\/www.evang-friedhof.at\/simmering\/theodor-edler-von-lerch\/","title":{"rendered":"Theodor Edler von LERCH"},"content":{"rendered":"<p><a href=\"http:\/\/www.evang-friedhof.at\/simmering\/wp-content\/uploads\/2022\/11\/6-19-Lerch-1.jpg\"><img loading=\"lazy\" decoding=\"async\" class=\"alignleft size-medium wp-image-23775\" src=\"http:\/\/www.evang-friedhof.at\/simmering\/wp-content\/uploads\/2022\/11\/6-19-Lerch-1-300x225.jpg\" alt=\"\" width=\"300\" height=\"225\" srcset=\"https:\/\/www.evang-friedhof.at\/simmering\/wp-content\/uploads\/2022\/11\/6-19-Lerch-1-300x225.jpg 300w, https:\/\/www.evang-friedhof.at\/simmering\/wp-content\/uploads\/2022\/11\/6-19-Lerch-1-1024x768.jpg 1024w, https:\/\/www.evang-friedhof.at\/simmering\/wp-content\/uploads\/2022\/11\/6-19-Lerch-1-768x576.jpg 768w, https:\/\/www.evang-friedhof.at\/simmering\/wp-content\/uploads\/2022\/11\/6-19-Lerch-1-350x263.jpg 350w, https:\/\/www.evang-friedhof.at\/simmering\/wp-content\/uploads\/2022\/11\/6-19-Lerch-1.jpg 1440w\" sizes=\"auto, (max-width: 300px) 100vw, 300px\" \/><\/a>Generalmajor, Schipionier<\/p>\n<p>geb.: 31. 08. 1869, Pressburg (Pozsoni)(Bratislava) heute Slowakei<br \/>\ngest.: 24. 12. 1945, Wien<\/p>\n<p>Der Sohn des k. u. k. Oberst Ludwig Edler von Lerch erhielt seine Ausbildung an der Theresianischen Milit\u00e4rakademie und nachfolgend an der Kriegsschule. Als Oberleutnant kam er nach Czernowitz und ab 1897 als Generalstabsoffizier nach Lemberg. 1902 erfolgte seine Versetzung nach Wien in das Operationsb\u00fcro des Generalstabs. 1908 wurde er zum Major bef\u00f6rdert.<\/p>\n<p>Seit 1904 befasste sich Lerch mit dem Schilauf und nahm in Lilienfeld Einzelunterricht bei Matthias Zdarsky. Zahlreiche alpine Erstbesteigungen mit Schiern k\u00fcnden von seinem hohen K\u00f6nnen. Seine Vielseitigkeit zwingt auch, dass er seit 1904 auch Mitglied des Wiener Rudervereins war.<\/p>\n<p>Auf der Weltausstellung 1908 in Dresden wurde sein Interesse f\u00fcr Japan geweckt und so unternahm er eine Reise nach Japan, bei der er die auf den Erfahrungen des russ. &#8211; japan. Krieges aufbauende japanische Truppenausbildung studierte. Er verbrachte die Jahre 1910 bis 1912 als Instruktionsoffizier bei der japanischen Armee und wurde dort zum wichtigsten Bahnbrecher des milit\u00e4rischen und zivilen Schilaufs. 1911 machte er die erste Schibesteigung des Fudjijama.<\/p>\n<p>1912 kehrte er \u00fcber Korea, die Mandschurei, Peking und Indien nach Wien zur\u00fcck. Im ersten Weltkrieg arbeitete Oberst Lerch zuerst als Generalstabschef in Galizien und ab 1916 haupts\u00e4chlich an der Isonzofront.<\/p>\n<p>Nach seiner Abr\u00fcstung und Pensionierung als Generalmajor unternahm er einerseits eine Reihe von Reisen und hielt im In &#8211; und Ausland zum Teil auch im Rundfunk Vortr\u00e4ge<\/p>\n<p>Bis 1925 besa\u00df er eine technische Unternehmung und vertrat deutsche und chinesische Firmen.<\/p>\n<p>Theodor Lerch erhielt zahlreiche in &#8211; und ausl\u00e4ndische Auszeichnungen und Ehrenzeichen unter denen der Kaiser Franz Joseph Orden oder das EK I herausragten. Auf dem Berg Kanaya bei Takata im NW Japans steht ein Bronzestandbild Lerchs auf Schiern.<\/p>\n<p>Lit.:<br \/>\nBamberger Richard und Maria, Bruckm\u00fcller Ernst, Gutkas Karl (Hrsg.):<br \/>\n\u00d6sterreich Lexikon Bd. 1, Wien 1995, S. 704<br \/>\nCzeike Felix: Historisches Lexikon Wien, Bd.4, Wien 1994 S. 42<\/p>\n","protected":false},"excerpt":{"rendered":"<p>Generalmajor, Schipionier geb.: 31. 08. 1869, Pressburg (Pozsoni)(Bratislava) heute Slowakei gest.: 24. 12. 1945, Wien Der Sohn des k. u. k. Oberst Ludwig Edler von Lerch erhielt seine Ausbildung an der Theresianischen Milit\u00e4rakademie und nachfolgend an der Kriegsschule. Als Oberleutnant kam er nach Czernowitz und ab 1897 als Generalstabsoffizier nach Lemberg. 1902 erfolgte seine Versetzung &hellip; <\/p>\n<p class=\"link-more\"><a href=\"https:\/\/www.evang-friedhof.at\/simmering\/theodor-edler-von-lerch\/\" class=\"more-link\"><span class=\"screen-reader-text\">\u201eTheodor Edler von LERCH\u201c <\/span>weiterlesen<\/a><\/p>\n","protected":false},"author":1,"featured_media":0,"parent":0,"menu_order":0,"comment_status":"closed","ping_status":"closed","template":"","meta":{"ngg_post_thumbnail":0,"footnotes":""},"class_list":["post-23774","page","type-page","status-publish","hentry"],"_links":{"self":[{"href":"https:\/\/www.evang-friedhof.at\/simmering\/wp-json\/wp\/v2\/pages\/23774","targetHints":{"allow":["GET"]}}],"collection":[{"href":"https:\/\/www.evang-friedhof.at\/simmering\/wp-json\/wp\/v2\/pages"}],"about":[{"href":"https:\/\/www.evang-friedhof.at\/simmering\/wp-json\/wp\/v2\/types\/page"}],"author":[{"embeddable":true,"href":"https:\/\/www.evang-friedhof.at\/simmering\/wp-json\/wp\/v2\/users\/1"}],"replies":[{"embeddable":true,"href":"https:\/\/www.evang-friedhof.at\/simmering\/wp-json\/wp\/v2\/comments?post=23774"}],"version-history":[{"count":1,"href":"https:\/\/www.evang-friedhof.at\/simmering\/wp-json\/wp\/v2\/pages\/23774\/revisions"}],"predecessor-version":[{"id":23776,"href":"https:\/\/www.evang-friedhof.at\/simmering\/wp-json\/wp\/v2\/pages\/23774\/revisions\/23776"}],"wp:attachment":[{"href":"https:\/\/www.evang-friedhof.at\/simmering\/wp-json\/wp\/v2\/media?parent=23774"}],"curies":[{"name":"wp","href":"https:\/\/api.w.org\/{rel}","templated":true}]}}