{"id":23771,"date":"2022-11-02T16:27:20","date_gmt":"2022-11-02T15:27:20","guid":{"rendered":"https:\/\/www.evang-friedhof.at\/simmering\/?page_id=23771"},"modified":"2022-11-02T16:27:20","modified_gmt":"2022-11-02T15:27:20","slug":"hermine-minnie-langhein","status":"publish","type":"page","link":"https:\/\/www.evang-friedhof.at\/simmering\/hermine-minnie-langhein\/","title":{"rendered":"Hermine (Minnie) LANGHEIN"},"content":{"rendered":"<p><a href=\"http:\/\/www.evang-friedhof.at\/simmering\/wp-content\/uploads\/2022\/11\/2-431-Langhein.jpg\"><img loading=\"lazy\" decoding=\"async\" class=\"alignleft size-medium wp-image-23772\" src=\"http:\/\/www.evang-friedhof.at\/simmering\/wp-content\/uploads\/2022\/11\/2-431-Langhein-225x300.jpg\" alt=\"\" width=\"225\" height=\"300\" srcset=\"https:\/\/www.evang-friedhof.at\/simmering\/wp-content\/uploads\/2022\/11\/2-431-Langhein-225x300.jpg 225w, https:\/\/www.evang-friedhof.at\/simmering\/wp-content\/uploads\/2022\/11\/2-431-Langhein-768x1024.jpg 768w, https:\/\/www.evang-friedhof.at\/simmering\/wp-content\/uploads\/2022\/11\/2-431-Langhein-350x467.jpg 350w, https:\/\/www.evang-friedhof.at\/simmering\/wp-content\/uploads\/2022\/11\/2-431-Langhein.jpg 1080w\" sizes=\"auto, (max-width: 225px) 100vw, 225px\" \/><\/a>Genremalerin<\/p>\n<p>geb.: 18. 04. 1877, Wien<br \/>\ngest.: 8. 09. 1949, Wien (14.9.)<\/p>\n<p>Sie stellte 1919 auf der Winterausstellung des K\u00fcnstlerhauses in Wien das Temperagem\u00e4lde \u201eSchneewittchen bei den sieben Zwergen\u201c aus. Im selben Jahr findet sich ihr Name unter den Mitgliedern der Vereinigung bildender K\u00fcnstlerinnen \u00d6sterreichs.<\/p>\n<p>Lit.:<br \/>\nFuchs Heinrich: Die \u00f6sterreichischen Maler des 19. Jahrhunderts, Erg\u00e4nzungsband 2, Wien 1979, S. K10<\/p>\n","protected":false},"excerpt":{"rendered":"<p>Genremalerin geb.: 18. 04. 1877, Wien gest.: 8. 09. 1949, Wien (14.9.) Sie stellte 1919 auf der Winterausstellung des K\u00fcnstlerhauses in Wien das Temperagem\u00e4lde \u201eSchneewittchen bei den sieben Zwergen\u201c aus. Im selben Jahr findet sich ihr Name unter den Mitgliedern der Vereinigung bildender K\u00fcnstlerinnen \u00d6sterreichs. Lit.: Fuchs Heinrich: Die \u00f6sterreichischen Maler des 19. Jahrhunderts, Erg\u00e4nzungsband &hellip; <\/p>\n<p class=\"link-more\"><a href=\"https:\/\/www.evang-friedhof.at\/simmering\/hermine-minnie-langhein\/\" class=\"more-link\"><span class=\"screen-reader-text\">\u201eHermine (Minnie) LANGHEIN\u201c <\/span>weiterlesen<\/a><\/p>\n","protected":false},"author":1,"featured_media":0,"parent":0,"menu_order":0,"comment_status":"closed","ping_status":"closed","template":"","meta":{"ngg_post_thumbnail":0,"footnotes":""},"class_list":["post-23771","page","type-page","status-publish","hentry"],"_links":{"self":[{"href":"https:\/\/www.evang-friedhof.at\/simmering\/wp-json\/wp\/v2\/pages\/23771","targetHints":{"allow":["GET"]}}],"collection":[{"href":"https:\/\/www.evang-friedhof.at\/simmering\/wp-json\/wp\/v2\/pages"}],"about":[{"href":"https:\/\/www.evang-friedhof.at\/simmering\/wp-json\/wp\/v2\/types\/page"}],"author":[{"embeddable":true,"href":"https:\/\/www.evang-friedhof.at\/simmering\/wp-json\/wp\/v2\/users\/1"}],"replies":[{"embeddable":true,"href":"https:\/\/www.evang-friedhof.at\/simmering\/wp-json\/wp\/v2\/comments?post=23771"}],"version-history":[{"count":1,"href":"https:\/\/www.evang-friedhof.at\/simmering\/wp-json\/wp\/v2\/pages\/23771\/revisions"}],"predecessor-version":[{"id":23773,"href":"https:\/\/www.evang-friedhof.at\/simmering\/wp-json\/wp\/v2\/pages\/23771\/revisions\/23773"}],"wp:attachment":[{"href":"https:\/\/www.evang-friedhof.at\/simmering\/wp-json\/wp\/v2\/media?parent=23771"}],"curies":[{"name":"wp","href":"https:\/\/api.w.org\/{rel}","templated":true}]}}