{"id":23768,"date":"2022-11-02T16:26:37","date_gmt":"2022-11-02T15:26:37","guid":{"rendered":"https:\/\/www.evang-friedhof.at\/simmering\/?page_id=23768"},"modified":"2022-11-02T16:26:37","modified_gmt":"2022-11-02T15:26:37","slug":"siegmund-lallemand","status":"publish","type":"page","link":"https:\/\/www.evang-friedhof.at\/simmering\/siegmund-lallemand\/","title":{"rendered":"Siegmund L\u00b4ALLEMAND"},"content":{"rendered":"<p><a href=\"http:\/\/www.evang-friedhof.at\/simmering\/wp-content\/uploads\/2022\/11\/G-32-L-Allemand.jpg\"><img loading=\"lazy\" decoding=\"async\" class=\"alignleft size-medium wp-image-23769\" src=\"http:\/\/www.evang-friedhof.at\/simmering\/wp-content\/uploads\/2022\/11\/G-32-L-Allemand-225x300.jpg\" alt=\"\" width=\"225\" height=\"300\" srcset=\"https:\/\/www.evang-friedhof.at\/simmering\/wp-content\/uploads\/2022\/11\/G-32-L-Allemand-225x300.jpg 225w, https:\/\/www.evang-friedhof.at\/simmering\/wp-content\/uploads\/2022\/11\/G-32-L-Allemand-768x1024.jpg 768w, https:\/\/www.evang-friedhof.at\/simmering\/wp-content\/uploads\/2022\/11\/G-32-L-Allemand-350x467.jpg 350w, https:\/\/www.evang-friedhof.at\/simmering\/wp-content\/uploads\/2022\/11\/G-32-L-Allemand.jpg 1080w\" sizes=\"auto, (max-width: 225px) 100vw, 225px\" \/><\/a>Maler<\/p>\n<p>geb.: 8. 08. 1840, Wien<br \/>\ngest.: 24. 10. 1910, Wien<\/p>\n<p>Siegmund L\u00b4Allemand war der Neffe des Malers Friedrich L\u00b4Allemand, der auf dem Matzleinsdorfer evangelischen Friedhof bestattet liegt. Seine Ausbildung erfuhr der K\u00fcnstler bei seinem Onkel bzw. an der Akademie bei Christian Ruben.<\/p>\n<p>In seinen Gem\u00e4lden stellte der K\u00fcnstler bedeutende Ereignisse der \u00f6sterreichischen Kriegsgeschichte wie \u201eDie Schlacht bei Kolin\u201c dar und nahm als Kriegsmaler am Schleswig &#8211; Holsteinischen Krieg (\u201eDas Gefecht bei Oversee\u201c, 1864) und am Italienfeldzug (1866) teil. Viele seiner Bilder befinden sich im Besitz des Heeresgeschichtlichen Museums.<\/p>\n<p>Daneben portr\u00e4tierte er Mitglieder des Kaiserhauses (Kaiser Franz Joseph I.), des Hochadels und der Generalit\u00e4t.<\/p>\n<p>Lit.:<br \/>\nDer Gro\u00dfe Brockhaus, Bd. 11, Leipzig 193215, S. 48<br \/>\nEvangelischer Presseverband (Hrsg.): Prominentengr\u00e4ber Evangelischer Friedhof Wien Matzleinsdorf, Wien 1998, S. 54<br \/>\nHavelka Hans: Der Wiener Zentralfriedhof, Wien 1989, S. 132<br \/>\nKleindel Walter: Das gro\u00dfe Buch der \u00d6sterreicher, Wien 1987, S. 272<\/p>\n","protected":false},"excerpt":{"rendered":"<p>Maler geb.: 8. 08. 1840, Wien gest.: 24. 10. 1910, Wien Siegmund L\u00b4Allemand war der Neffe des Malers Friedrich L\u00b4Allemand, der auf dem Matzleinsdorfer evangelischen Friedhof bestattet liegt. Seine Ausbildung erfuhr der K\u00fcnstler bei seinem Onkel bzw. an der Akademie bei Christian Ruben. In seinen Gem\u00e4lden stellte der K\u00fcnstler bedeutende Ereignisse der \u00f6sterreichischen Kriegsgeschichte wie &hellip; <\/p>\n<p class=\"link-more\"><a href=\"https:\/\/www.evang-friedhof.at\/simmering\/siegmund-lallemand\/\" class=\"more-link\"><span class=\"screen-reader-text\">\u201eSiegmund L\u00b4ALLEMAND\u201c <\/span>weiterlesen<\/a><\/p>\n","protected":false},"author":1,"featured_media":0,"parent":0,"menu_order":0,"comment_status":"closed","ping_status":"closed","template":"","meta":{"ngg_post_thumbnail":0,"footnotes":""},"class_list":["post-23768","page","type-page","status-publish","hentry"],"_links":{"self":[{"href":"https:\/\/www.evang-friedhof.at\/simmering\/wp-json\/wp\/v2\/pages\/23768","targetHints":{"allow":["GET"]}}],"collection":[{"href":"https:\/\/www.evang-friedhof.at\/simmering\/wp-json\/wp\/v2\/pages"}],"about":[{"href":"https:\/\/www.evang-friedhof.at\/simmering\/wp-json\/wp\/v2\/types\/page"}],"author":[{"embeddable":true,"href":"https:\/\/www.evang-friedhof.at\/simmering\/wp-json\/wp\/v2\/users\/1"}],"replies":[{"embeddable":true,"href":"https:\/\/www.evang-friedhof.at\/simmering\/wp-json\/wp\/v2\/comments?post=23768"}],"version-history":[{"count":1,"href":"https:\/\/www.evang-friedhof.at\/simmering\/wp-json\/wp\/v2\/pages\/23768\/revisions"}],"predecessor-version":[{"id":23770,"href":"https:\/\/www.evang-friedhof.at\/simmering\/wp-json\/wp\/v2\/pages\/23768\/revisions\/23770"}],"wp:attachment":[{"href":"https:\/\/www.evang-friedhof.at\/simmering\/wp-json\/wp\/v2\/media?parent=23768"}],"curies":[{"name":"wp","href":"https:\/\/api.w.org\/{rel}","templated":true}]}}