{"id":23761,"date":"2022-11-02T16:25:13","date_gmt":"2022-11-02T15:25:13","guid":{"rendered":"https:\/\/www.evang-friedhof.at\/simmering\/?page_id=23761"},"modified":"2022-11-02T16:25:13","modified_gmt":"2022-11-02T15:25:13","slug":"rudolf-kristofics-binder","status":"publish","type":"page","link":"https:\/\/www.evang-friedhof.at\/simmering\/rudolf-kristofics-binder\/","title":{"rendered":"Rudolf KRISTOFICS &#8211; BINDER"},"content":{"rendered":"<p><a href=\"http:\/\/www.evang-friedhof.at\/simmering\/wp-content\/uploads\/2022\/11\/G-45a-Kristofic-Binder.jpg\"><img loading=\"lazy\" decoding=\"async\" class=\"alignleft size-medium wp-image-23762\" src=\"http:\/\/www.evang-friedhof.at\/simmering\/wp-content\/uploads\/2022\/11\/G-45a-Kristofic-Binder-225x300.jpg\" alt=\"\" width=\"225\" height=\"300\" srcset=\"https:\/\/www.evang-friedhof.at\/simmering\/wp-content\/uploads\/2022\/11\/G-45a-Kristofic-Binder-225x300.jpg 225w, https:\/\/www.evang-friedhof.at\/simmering\/wp-content\/uploads\/2022\/11\/G-45a-Kristofic-Binder-768x1024.jpg 768w, https:\/\/www.evang-friedhof.at\/simmering\/wp-content\/uploads\/2022\/11\/G-45a-Kristofic-Binder-350x467.jpg 350w, https:\/\/www.evang-friedhof.at\/simmering\/wp-content\/uploads\/2022\/11\/G-45a-Kristofic-Binder.jpg 1080w\" sizes=\"auto, (max-width: 225px) 100vw, 225px\" \/><\/a>Kaufmann, Abgeordneter zum Nationalrat<\/p>\n<p>geb.: 24. 01. 1896, Chakathurn (Cakovec), heute Kroatien<br \/>\ngest.: 22.10. 1969, Wien<\/p>\n<p>Rudolf Kristofics &#8211; Binder absolvierte nach dem Besuch der B\u00fcrgerschule und der Handelsakademie die Hochschule f\u00fcr Welthandel und schloss sein Studium als Diplomkaufmann ab.<\/p>\n<p>Seine berufliche Karriere verlief \u00e4u\u00dferst vielseitig. Einerseits war er ein erfolgreicher Kaufmann, der als Adjunkt auf dem Besitz des Grafen Festetits begann und sich \u00fcber die Funktion eines Disponenten der Firma Atlantis zum Filialleiter in Zagreb (Agram) und Bankbeamten hocharbeitete. In Wien zur\u00fcck trat er in die Vinzenz Binder OHG Wien ein und war ab 1932 der Alleininhaber. Mit der \u00dcbernahme der Firma V. Buid seines Schwiegervaters startete er seine Karriere als selbst\u00e4ndiger Unternehmer. Er wurde Vorstandsvorsitzender und gesch\u00e4ftsf\u00fchrender Direktor der Wollwarenverkaufs AG Wien &#8211; G\u00fcnselsdorf und besa\u00df unter anderem das Warenhaus \u201eBi &#8211; Kri\u201c und war Mitinhaber an den Firmen Mayer &amp; Co bzw. Landau &amp; Co.<\/p>\n<p>Anderseits brachte es seine T\u00e4tigkeit mit sich, dass er als Funktion\u00e4r in diversen Standesorganisationen des Handels und der Kaufmannschaft t\u00e4tig war. Er \u00fcbte mehr als zwanzig Jahre die Funktion des Obmanns der Selbst\u00e4ndigen Krankenkasse des Handels aus und war auch Obmann der Sektion Handel der Bundeskammer der gewerblichen Wirtschaft und Pr\u00e4sident der Kammer f\u00fcr Handel, Gewerbe und Industrie.<\/p>\n<p>Rudolf Kristofics &#8211; Binder war auch Obmann der ABC Allgemeinen Beamten Waren Kredit GmbH und Vorstandsmitglied der Wiener Genossenschaftsbank. Der Club der \u00f6sterreichischen Kaufleute w\u00e4hlte ihren Gr\u00fcnder zum Ehrenpr\u00e4sidenten.<\/p>\n<p>F\u00fcr seinen Einsatz im Dienste der Wirtschaft erhielt er den Titel Kommerzialrat sowie das Gro\u00dfe Ehrenzeichen f\u00fcr Verdienste um die Republik \u00d6sterreich.<\/p>\n<p>1938 wurde er von der GESTAPO in Schutzhaft genommen. Von 1945 bis 1949 sa\u00df er als Abgeordneter der \u00d6VP im \u00f6sterreichischen Nationalrat.<\/p>\n<p>Im ersten Weltkrieg diente Kristofics &#8211; Binder im Infanterieregiment Nr. 48 und r\u00fcstete versehen mit mehreren Kriegsauszeichnungen als Leutnant der Reserve ab.<\/p>\n<p>Lit.:<br \/>\nOrgel Wilhelm: Wer ist wer, Wien 1953, S. 123<br \/>\nParlamentsdirektion Wien (Hrsg.): Biographisches Handbuch der \u00f6sterreichischen Parlamentarier 1918 &#8211; 1993, Wien 1993, S. 312 Wr. Zeitung v. 28.10.1969 S.4<br \/>\nWr. Zeitung v. 29.10.1969 S.14<\/p>\n","protected":false},"excerpt":{"rendered":"<p>Kaufmann, Abgeordneter zum Nationalrat geb.: 24. 01. 1896, Chakathurn (Cakovec), heute Kroatien gest.: 22.10. 1969, Wien Rudolf Kristofics &#8211; Binder absolvierte nach dem Besuch der B\u00fcrgerschule und der Handelsakademie die Hochschule f\u00fcr Welthandel und schloss sein Studium als Diplomkaufmann ab. Seine berufliche Karriere verlief \u00e4u\u00dferst vielseitig. Einerseits war er ein erfolgreicher Kaufmann, der als Adjunkt &hellip; <\/p>\n<p class=\"link-more\"><a href=\"https:\/\/www.evang-friedhof.at\/simmering\/rudolf-kristofics-binder\/\" class=\"more-link\"><span class=\"screen-reader-text\">\u201eRudolf KRISTOFICS &#8211; BINDER\u201c <\/span>weiterlesen<\/a><\/p>\n","protected":false},"author":1,"featured_media":0,"parent":0,"menu_order":0,"comment_status":"closed","ping_status":"closed","template":"","meta":{"ngg_post_thumbnail":0,"footnotes":""},"class_list":["post-23761","page","type-page","status-publish","hentry"],"_links":{"self":[{"href":"https:\/\/www.evang-friedhof.at\/simmering\/wp-json\/wp\/v2\/pages\/23761","targetHints":{"allow":["GET"]}}],"collection":[{"href":"https:\/\/www.evang-friedhof.at\/simmering\/wp-json\/wp\/v2\/pages"}],"about":[{"href":"https:\/\/www.evang-friedhof.at\/simmering\/wp-json\/wp\/v2\/types\/page"}],"author":[{"embeddable":true,"href":"https:\/\/www.evang-friedhof.at\/simmering\/wp-json\/wp\/v2\/users\/1"}],"replies":[{"embeddable":true,"href":"https:\/\/www.evang-friedhof.at\/simmering\/wp-json\/wp\/v2\/comments?post=23761"}],"version-history":[{"count":1,"href":"https:\/\/www.evang-friedhof.at\/simmering\/wp-json\/wp\/v2\/pages\/23761\/revisions"}],"predecessor-version":[{"id":23763,"href":"https:\/\/www.evang-friedhof.at\/simmering\/wp-json\/wp\/v2\/pages\/23761\/revisions\/23763"}],"wp:attachment":[{"href":"https:\/\/www.evang-friedhof.at\/simmering\/wp-json\/wp\/v2\/media?parent=23761"}],"curies":[{"name":"wp","href":"https:\/\/api.w.org\/{rel}","templated":true}]}}