{"id":23755,"date":"2022-11-02T16:21:09","date_gmt":"2022-11-02T15:21:09","guid":{"rendered":"https:\/\/www.evang-friedhof.at\/simmering\/?page_id=23755"},"modified":"2022-11-02T16:21:21","modified_gmt":"2022-11-02T15:21:21","slug":"anny-konetzni-eigentlich-konerczny","status":"publish","type":"page","link":"https:\/\/www.evang-friedhof.at\/simmering\/anny-konetzni-eigentlich-konerczny\/","title":{"rendered":"Anny KONETZNI (eigentlich Konerczny)"},"content":{"rendered":"<p><img loading=\"lazy\" decoding=\"async\" class=\"alignleft size-medium wp-image-23658\" src=\"http:\/\/www.evang-friedhof.at\/simmering\/wp-content\/uploads\/2022\/11\/marmor-grabstein-mit-blumen-dekor-v1079-300x300.jpg\" alt=\"\" width=\"300\" height=\"300\" srcset=\"https:\/\/www.evang-friedhof.at\/simmering\/wp-content\/uploads\/2022\/11\/marmor-grabstein-mit-blumen-dekor-v1079-300x300.jpg 300w, https:\/\/www.evang-friedhof.at\/simmering\/wp-content\/uploads\/2022\/11\/marmor-grabstein-mit-blumen-dekor-v1079-150x150.jpg 150w, https:\/\/www.evang-friedhof.at\/simmering\/wp-content\/uploads\/2022\/11\/marmor-grabstein-mit-blumen-dekor-v1079-100x100.jpg 100w, https:\/\/www.evang-friedhof.at\/simmering\/wp-content\/uploads\/2022\/11\/marmor-grabstein-mit-blumen-dekor-v1079-250x250.jpg 250w, https:\/\/www.evang-friedhof.at\/simmering\/wp-content\/uploads\/2022\/11\/marmor-grabstein-mit-blumen-dekor-v1079.jpg 310w\" sizes=\"auto, (max-width: 300px) 100vw, 300px\" \/><a href=\"http:\/\/www.evang-friedhof.at\/simmering\/wp-content\/uploads\/2022\/11\/G-63-1.jpg\"><img loading=\"lazy\" decoding=\"async\" class=\"size-medium wp-image-23756 alignright\" src=\"http:\/\/www.evang-friedhof.at\/simmering\/wp-content\/uploads\/2022\/11\/G-63-1-225x300.jpg\" alt=\"\" width=\"225\" height=\"300\" srcset=\"https:\/\/www.evang-friedhof.at\/simmering\/wp-content\/uploads\/2022\/11\/G-63-1-225x300.jpg 225w, https:\/\/www.evang-friedhof.at\/simmering\/wp-content\/uploads\/2022\/11\/G-63-1-350x467.jpg 350w, https:\/\/www.evang-friedhof.at\/simmering\/wp-content\/uploads\/2022\/11\/G-63-1.jpg 768w\" sizes=\"auto, (max-width: 225px) 100vw, 225px\" \/><\/a>S\u00e4ngerin<\/p>\n<p>geb.: 12. 02.1902, Ungarisch &#8211; Wei\u00dfkirchen (Bela Crkva) heute Jugoslawien<br \/>\ngest.: 6. 09.1968, Wien<\/p>\n<p>Nach ihrem Studium am Wiener Konservatorium bei Erik Schmedes und in Berlin bei Jacques St\u00fcckgold begann Anny Konetzni 1923 als Choristin an der Wiener Volksoper, wurde aber als stimmlos entlassen.<\/p>\n<p>Das eigentliche Deb\u00fct als Altistin erfolgte 1926 an der Wiener Volksoper in der Rolle des Adriano in Rienzi von Richard Wagner. Nach Engagements an den Stadttheatern von Augsburg und Elberfeld, wurde sie 1929 als Sopran an das Stadttheater Chemnitz engagiert und sang von 1931 &#8211; 1934 an der Berliner Staatsoper.<\/p>\n<p>Dem Wiener Publikum stellte sie sich 1933 als Br\u00fcnnhilde in der Walk\u00fcre von Richard Wagner vor und geh\u00f6rte dann von 1933- 1955 dem Ensemble der Wiener Staatsoper an. Zusammen mit ihrer Schwester Hilde z\u00e4hlte sie zu den Spitzens\u00e4ngerinnen der Staatsoper. Daneben war sie ab 1935 auch bei den Salzburger Festspielen besch\u00e4ftigt (Isolde, Marschallin) und sang bei Gastspielen an allen wichtigen B\u00fchnen Europas, aber auch in den USA und S\u00fcdamerika. Zwischen 1934 und 1954 wirkte die K\u00fcnstlerin auch als Dozentin an der Wiener Musikakademie. In der Hauptsache verk\u00f6rperte Anny Konetzni die dramatischen Sopranpartien in den Werken von Wagner und Strauss.<\/p>\n<p>F\u00fcr ihre Leistungen wurde sie 1935 zur \u00f6sterreichischen Kammers\u00e4ngerin, und 1955 zum Ehrenmitglied der Wiener Staatsoper ernannt. Verheiratet war sie mit dem Mediziner Dr. Albert Wiedmann.<\/p>\n<p>Lit.:<br \/>\nCzeike Felix: Historisches Lexikon Wien, Bd.3 , Wien 1994, S. 565.<br \/>\nKleindel Walter: Das gro\u00dfe Buch der \u00d6sterreicher, Wien 1987 S. 252.<br \/>\nKutsch Karl J., Riemens Leo: Das Gro\u00dfe S\u00e4ngerlexikon, Bd. 1, Bern 1987, S. 1537.<\/p>\n","protected":false},"excerpt":{"rendered":"<p>S\u00e4ngerin geb.: 12. 02.1902, Ungarisch &#8211; Wei\u00dfkirchen (Bela Crkva) heute Jugoslawien gest.: 6. 09.1968, Wien Nach ihrem Studium am Wiener Konservatorium bei Erik Schmedes und in Berlin bei Jacques St\u00fcckgold begann Anny Konetzni 1923 als Choristin an der Wiener Volksoper, wurde aber als stimmlos entlassen. Das eigentliche Deb\u00fct als Altistin erfolgte 1926 an der Wiener &hellip; <\/p>\n<p class=\"link-more\"><a href=\"https:\/\/www.evang-friedhof.at\/simmering\/anny-konetzni-eigentlich-konerczny\/\" class=\"more-link\"><span class=\"screen-reader-text\">\u201eAnny KONETZNI (eigentlich Konerczny)\u201c <\/span>weiterlesen<\/a><\/p>\n","protected":false},"author":1,"featured_media":0,"parent":0,"menu_order":0,"comment_status":"closed","ping_status":"closed","template":"","meta":{"ngg_post_thumbnail":0,"footnotes":""},"class_list":["post-23755","page","type-page","status-publish","hentry"],"_links":{"self":[{"href":"https:\/\/www.evang-friedhof.at\/simmering\/wp-json\/wp\/v2\/pages\/23755","targetHints":{"allow":["GET"]}}],"collection":[{"href":"https:\/\/www.evang-friedhof.at\/simmering\/wp-json\/wp\/v2\/pages"}],"about":[{"href":"https:\/\/www.evang-friedhof.at\/simmering\/wp-json\/wp\/v2\/types\/page"}],"author":[{"embeddable":true,"href":"https:\/\/www.evang-friedhof.at\/simmering\/wp-json\/wp\/v2\/users\/1"}],"replies":[{"embeddable":true,"href":"https:\/\/www.evang-friedhof.at\/simmering\/wp-json\/wp\/v2\/comments?post=23755"}],"version-history":[{"count":2,"href":"https:\/\/www.evang-friedhof.at\/simmering\/wp-json\/wp\/v2\/pages\/23755\/revisions"}],"predecessor-version":[{"id":23758,"href":"https:\/\/www.evang-friedhof.at\/simmering\/wp-json\/wp\/v2\/pages\/23755\/revisions\/23758"}],"wp:attachment":[{"href":"https:\/\/www.evang-friedhof.at\/simmering\/wp-json\/wp\/v2\/media?parent=23755"}],"curies":[{"name":"wp","href":"https:\/\/api.w.org\/{rel}","templated":true}]}}