{"id":23752,"date":"2022-11-02T16:19:05","date_gmt":"2022-11-02T15:19:05","guid":{"rendered":"https:\/\/www.evang-friedhof.at\/simmering\/?page_id=23752"},"modified":"2022-11-02T16:19:05","modified_gmt":"2022-11-02T15:19:05","slug":"josef-kolder","status":"publish","type":"page","link":"https:\/\/www.evang-friedhof.at\/simmering\/josef-kolder\/","title":{"rendered":"Josef KOLDER"},"content":{"rendered":"<div class=\"description\"><a href=\"http:\/\/www.evang-friedhof.at\/simmering\/wp-content\/uploads\/2022\/11\/P-12-Kolder.jpg\"><img loading=\"lazy\" decoding=\"async\" class=\"alignleft size-medium wp-image-23753\" src=\"http:\/\/www.evang-friedhof.at\/simmering\/wp-content\/uploads\/2022\/11\/P-12-Kolder-225x300.jpg\" alt=\"\" width=\"225\" height=\"300\" srcset=\"https:\/\/www.evang-friedhof.at\/simmering\/wp-content\/uploads\/2022\/11\/P-12-Kolder-225x300.jpg 225w, https:\/\/www.evang-friedhof.at\/simmering\/wp-content\/uploads\/2022\/11\/P-12-Kolder-768x1024.jpg 768w, https:\/\/www.evang-friedhof.at\/simmering\/wp-content\/uploads\/2022\/11\/P-12-Kolder-350x467.jpg 350w, https:\/\/www.evang-friedhof.at\/simmering\/wp-content\/uploads\/2022\/11\/P-12-Kolder.jpg 1080w\" sizes=\"auto, (max-width: 225px) 100vw, 225px\" \/><\/a>Pfarrer<\/p>\n<p>geb.: 13. 02. 1893, Teschen (Cieszyn) heute Polen<br \/>\ngest.: 23. 09. 1949, Wien<\/p>\n<p>Josef Kolder unterrichtete ab 1921 in Wien und M\u00f6dling Religion und verfasst in dieser Zeit auch das Lehrbuch f\u00fcr Kirchengeschichte \u201eGlaube und Kirche in der Geschichte\u201c. 1936 \u00fcbernahm er als Rektor die F\u00fchrung des evangelischen Gymnasiums. 1946 wurde er gesch\u00e4ftsf\u00fchrender Pfarrer der Gemeinde A.B. Wien Innere Stadt und blieb dies bis zu seinem fr\u00fchen Tod.<\/p>\n<p>Lit.:<br \/>\nRassl Hermann: Des Herrn Wort bleibt in Ewigkeit, 200 Jahre evangelische Gemeinde in Wien, Wien 1993, S. 64<\/p><\/div>\n","protected":false},"excerpt":{"rendered":"<p>Pfarrer geb.: 13. 02. 1893, Teschen (Cieszyn) heute Polen gest.: 23. 09. 1949, Wien Josef Kolder unterrichtete ab 1921 in Wien und M\u00f6dling Religion und verfasst in dieser Zeit auch das Lehrbuch f\u00fcr Kirchengeschichte \u201eGlaube und Kirche in der Geschichte\u201c. 1936 \u00fcbernahm er als Rektor die F\u00fchrung des evangelischen Gymnasiums. 1946 wurde er gesch\u00e4ftsf\u00fchrender Pfarrer &hellip; <\/p>\n<p class=\"link-more\"><a href=\"https:\/\/www.evang-friedhof.at\/simmering\/josef-kolder\/\" class=\"more-link\"><span class=\"screen-reader-text\">\u201eJosef KOLDER\u201c <\/span>weiterlesen<\/a><\/p>\n","protected":false},"author":1,"featured_media":0,"parent":0,"menu_order":0,"comment_status":"closed","ping_status":"closed","template":"","meta":{"ngg_post_thumbnail":0,"footnotes":""},"class_list":["post-23752","page","type-page","status-publish","hentry"],"_links":{"self":[{"href":"https:\/\/www.evang-friedhof.at\/simmering\/wp-json\/wp\/v2\/pages\/23752","targetHints":{"allow":["GET"]}}],"collection":[{"href":"https:\/\/www.evang-friedhof.at\/simmering\/wp-json\/wp\/v2\/pages"}],"about":[{"href":"https:\/\/www.evang-friedhof.at\/simmering\/wp-json\/wp\/v2\/types\/page"}],"author":[{"embeddable":true,"href":"https:\/\/www.evang-friedhof.at\/simmering\/wp-json\/wp\/v2\/users\/1"}],"replies":[{"embeddable":true,"href":"https:\/\/www.evang-friedhof.at\/simmering\/wp-json\/wp\/v2\/comments?post=23752"}],"version-history":[{"count":1,"href":"https:\/\/www.evang-friedhof.at\/simmering\/wp-json\/wp\/v2\/pages\/23752\/revisions"}],"predecessor-version":[{"id":23754,"href":"https:\/\/www.evang-friedhof.at\/simmering\/wp-json\/wp\/v2\/pages\/23752\/revisions\/23754"}],"wp:attachment":[{"href":"https:\/\/www.evang-friedhof.at\/simmering\/wp-json\/wp\/v2\/media?parent=23752"}],"curies":[{"name":"wp","href":"https:\/\/api.w.org\/{rel}","templated":true}]}}