{"id":23749,"date":"2022-11-02T16:18:41","date_gmt":"2022-11-02T15:18:41","guid":{"rendered":"https:\/\/www.evang-friedhof.at\/simmering\/?page_id=23749"},"modified":"2022-11-02T16:18:41","modified_gmt":"2022-11-02T15:18:41","slug":"karl-kolarik","status":"publish","type":"page","link":"https:\/\/www.evang-friedhof.at\/simmering\/karl-kolarik\/","title":{"rendered":"Karl KOLARIK"},"content":{"rendered":"<div class=\"description\"><a href=\"http:\/\/www.evang-friedhof.at\/simmering\/wp-content\/uploads\/2022\/11\/1-296-Kolarik-1.jpg\"><img loading=\"lazy\" decoding=\"async\" class=\"alignleft size-medium wp-image-23750\" src=\"http:\/\/www.evang-friedhof.at\/simmering\/wp-content\/uploads\/2022\/11\/1-296-Kolarik-1-300x225.jpg\" alt=\"\" width=\"300\" height=\"225\" srcset=\"https:\/\/www.evang-friedhof.at\/simmering\/wp-content\/uploads\/2022\/11\/1-296-Kolarik-1-300x225.jpg 300w, https:\/\/www.evang-friedhof.at\/simmering\/wp-content\/uploads\/2022\/11\/1-296-Kolarik-1-768x576.jpg 768w, https:\/\/www.evang-friedhof.at\/simmering\/wp-content\/uploads\/2022\/11\/1-296-Kolarik-1-350x263.jpg 350w, https:\/\/www.evang-friedhof.at\/simmering\/wp-content\/uploads\/2022\/11\/1-296-Kolarik-1.jpg 1024w\" sizes=\"auto, (max-width: 300px) 100vw, 300px\" \/><\/a>Gastwirt<\/p>\n<p>geb.: 22. 10. 1901<br \/>\ngest.: 26. 04. 1993, Wien<\/p>\n<p>Karl Kolarik \u00fcbernahm mit 19 Jahren die Gastwirtschaft \u201eSchweizerhaus\u201c im Wiener Prater und machte sie zu einer bekannten Praterattraktion. Daneben fungierte er unter der Firma Kolarik &amp; Buben als Importeur von Budweiser Bier, das er auch in seinem Betrieb ausschenkte. Diese Unternehmung wurde zu einer Biergro\u00dfhandlung f\u00fcr die Einfuhr von haupts\u00e4chlich tschechischen, deutschen, englischen und irischen Sorten ausgeweitet<\/p>\n<p>F\u00fcr seine Verdienste wurde er mit dem Titel Kommerzialrat ausgezeichnet.<\/p>\n<p>Lit.:<br \/>\nCzeike Felix: Historisches Lexikon Wien, Wien 1997, Bd. 5, S. 757. Die Presse v. 4. 5. 1993, S. 15.<\/p><\/div>\n","protected":false},"excerpt":{"rendered":"<p>Gastwirt geb.: 22. 10. 1901 gest.: 26. 04. 1993, Wien Karl Kolarik \u00fcbernahm mit 19 Jahren die Gastwirtschaft \u201eSchweizerhaus\u201c im Wiener Prater und machte sie zu einer bekannten Praterattraktion. Daneben fungierte er unter der Firma Kolarik &amp; Buben als Importeur von Budweiser Bier, das er auch in seinem Betrieb ausschenkte. Diese Unternehmung wurde zu einer &hellip; <\/p>\n<p class=\"link-more\"><a href=\"https:\/\/www.evang-friedhof.at\/simmering\/karl-kolarik\/\" class=\"more-link\"><span class=\"screen-reader-text\">\u201eKarl KOLARIK\u201c <\/span>weiterlesen<\/a><\/p>\n","protected":false},"author":1,"featured_media":0,"parent":0,"menu_order":0,"comment_status":"closed","ping_status":"closed","template":"","meta":{"ngg_post_thumbnail":0,"footnotes":""},"class_list":["post-23749","page","type-page","status-publish","hentry"],"_links":{"self":[{"href":"https:\/\/www.evang-friedhof.at\/simmering\/wp-json\/wp\/v2\/pages\/23749","targetHints":{"allow":["GET"]}}],"collection":[{"href":"https:\/\/www.evang-friedhof.at\/simmering\/wp-json\/wp\/v2\/pages"}],"about":[{"href":"https:\/\/www.evang-friedhof.at\/simmering\/wp-json\/wp\/v2\/types\/page"}],"author":[{"embeddable":true,"href":"https:\/\/www.evang-friedhof.at\/simmering\/wp-json\/wp\/v2\/users\/1"}],"replies":[{"embeddable":true,"href":"https:\/\/www.evang-friedhof.at\/simmering\/wp-json\/wp\/v2\/comments?post=23749"}],"version-history":[{"count":1,"href":"https:\/\/www.evang-friedhof.at\/simmering\/wp-json\/wp\/v2\/pages\/23749\/revisions"}],"predecessor-version":[{"id":23751,"href":"https:\/\/www.evang-friedhof.at\/simmering\/wp-json\/wp\/v2\/pages\/23749\/revisions\/23751"}],"wp:attachment":[{"href":"https:\/\/www.evang-friedhof.at\/simmering\/wp-json\/wp\/v2\/media?parent=23749"}],"curies":[{"name":"wp","href":"https:\/\/api.w.org\/{rel}","templated":true}]}}