{"id":23746,"date":"2022-11-02T16:18:18","date_gmt":"2022-11-02T15:18:18","guid":{"rendered":"https:\/\/www.evang-friedhof.at\/simmering\/?page_id=23746"},"modified":"2022-11-02T16:18:18","modified_gmt":"2022-11-02T15:18:18","slug":"max-koffmahn","status":"publish","type":"page","link":"https:\/\/www.evang-friedhof.at\/simmering\/max-koffmahn\/","title":{"rendered":"Max KOFFMAHN"},"content":{"rendered":"<p><a href=\"http:\/\/www.evang-friedhof.at\/simmering\/wp-content\/uploads\/2022\/11\/1-482-Koffmahn.jpg\"><img loading=\"lazy\" decoding=\"async\" class=\"alignleft size-medium wp-image-23747\" src=\"http:\/\/www.evang-friedhof.at\/simmering\/wp-content\/uploads\/2022\/11\/1-482-Koffmahn-300x225.jpg\" alt=\"\" width=\"300\" height=\"225\" srcset=\"https:\/\/www.evang-friedhof.at\/simmering\/wp-content\/uploads\/2022\/11\/1-482-Koffmahn-300x225.jpg 300w, https:\/\/www.evang-friedhof.at\/simmering\/wp-content\/uploads\/2022\/11\/1-482-Koffmahn-1024x768.jpg 1024w, https:\/\/www.evang-friedhof.at\/simmering\/wp-content\/uploads\/2022\/11\/1-482-Koffmahn-768x576.jpg 768w, https:\/\/www.evang-friedhof.at\/simmering\/wp-content\/uploads\/2022\/11\/1-482-Koffmahn-350x263.jpg 350w, https:\/\/www.evang-friedhof.at\/simmering\/wp-content\/uploads\/2022\/11\/1-482-Koffmahn.jpg 1440w\" sizes=\"auto, (max-width: 300px) 100vw, 300px\" \/><\/a>Industrieller<\/p>\n<p>geb.: 15. 02. 1855, Warschau, Polen<br \/>\ngest.: 14. 04. 1933, Wien<\/p>\n<p>Max Koffmahn, der Sohn eines deutschen Gro\u00dfkaufmanns, besuchte das Gymnasium in Breslau und ging nach dem Abitur nach Ungarn, um bei der Arbeit in Zucker &#8211; und Zementindustrie eine wirtschaftlich &#8211; technische Praxis zu erwerben.<\/p>\n<p>1882 gr\u00fcndete er in Wien &#8211; W\u00e4hring die Kisten -und Holzwarenfabrik Max Koffmahn, er wurde damit zum Begr\u00fcnder der Kistenindustrie in \u00d6sterreich. Um auf dem Laufenden zu bleiben unternahm er zahlreiche Studienreisen nach Deutschland, Frankreich, Gro\u00dfbritannien und den USA. Als die Fabrik zu klein wurde, errichtete er 1888 im 10. Bezirk eine neue gr\u00f6\u00dfere Fabrik und als auch diese nicht mehr der gestiegenen Nachfrage entsprach ein neues Werk in Atzgersdorf. Die Unternehmung wurde 1922 in eine Aktiengesellschaft umgewandelt.<\/p>\n<p>F\u00fcr seine 1906 gestorbene Gattin lie\u00df er Grabmahl errichten, das mit einem \u00e4gyptischen Scheintor und einem griechischen Denker verziert ist.<\/p>\n<p>Er war lange Jahre Obmann der Wiener Sektion des Bundes \u00d6sterreichischer Industrieller. F\u00fcr seine Verdienste wurde er mit dem Titel Kommerzialrat ausgezeichnet.<\/p>\n<p>Ab 1915 war er als weltliches Mitglied im Presbyterium der evangelischen Gemeinde A.B. t\u00e4tig.<\/p>\n<p>Lit.:<br \/>\nArchiv der evangelischen Gemeinde A.B., Z 101\/1915<br \/>\nDEHIO &#8211; Handbuch Wien X &#8211; XXIII. Bezirk, Wien 1996, S. 117<br \/>\nPlaner Franz: Jahrbuch der Wiener Gesellschaft 1929, Wien 1929, S. 327f<\/p>\n","protected":false},"excerpt":{"rendered":"<p>Industrieller geb.: 15. 02. 1855, Warschau, Polen gest.: 14. 04. 1933, Wien Max Koffmahn, der Sohn eines deutschen Gro\u00dfkaufmanns, besuchte das Gymnasium in Breslau und ging nach dem Abitur nach Ungarn, um bei der Arbeit in Zucker &#8211; und Zementindustrie eine wirtschaftlich &#8211; technische Praxis zu erwerben. 1882 gr\u00fcndete er in Wien &#8211; W\u00e4hring die &hellip; <\/p>\n<p class=\"link-more\"><a href=\"https:\/\/www.evang-friedhof.at\/simmering\/max-koffmahn\/\" class=\"more-link\"><span class=\"screen-reader-text\">\u201eMax KOFFMAHN\u201c <\/span>weiterlesen<\/a><\/p>\n","protected":false},"author":1,"featured_media":0,"parent":0,"menu_order":0,"comment_status":"closed","ping_status":"closed","template":"","meta":{"ngg_post_thumbnail":0,"footnotes":""},"class_list":["post-23746","page","type-page","status-publish","hentry"],"_links":{"self":[{"href":"https:\/\/www.evang-friedhof.at\/simmering\/wp-json\/wp\/v2\/pages\/23746","targetHints":{"allow":["GET"]}}],"collection":[{"href":"https:\/\/www.evang-friedhof.at\/simmering\/wp-json\/wp\/v2\/pages"}],"about":[{"href":"https:\/\/www.evang-friedhof.at\/simmering\/wp-json\/wp\/v2\/types\/page"}],"author":[{"embeddable":true,"href":"https:\/\/www.evang-friedhof.at\/simmering\/wp-json\/wp\/v2\/users\/1"}],"replies":[{"embeddable":true,"href":"https:\/\/www.evang-friedhof.at\/simmering\/wp-json\/wp\/v2\/comments?post=23746"}],"version-history":[{"count":1,"href":"https:\/\/www.evang-friedhof.at\/simmering\/wp-json\/wp\/v2\/pages\/23746\/revisions"}],"predecessor-version":[{"id":23748,"href":"https:\/\/www.evang-friedhof.at\/simmering\/wp-json\/wp\/v2\/pages\/23746\/revisions\/23748"}],"wp:attachment":[{"href":"https:\/\/www.evang-friedhof.at\/simmering\/wp-json\/wp\/v2\/media?parent=23746"}],"curies":[{"name":"wp","href":"https:\/\/api.w.org\/{rel}","templated":true}]}}