{"id":23740,"date":"2022-11-02T16:16:19","date_gmt":"2022-11-02T15:16:19","guid":{"rendered":"https:\/\/www.evang-friedhof.at\/simmering\/?page_id=23740"},"modified":"2022-11-02T16:16:19","modified_gmt":"2022-11-02T15:16:19","slug":"hermann-potocnik-noordnung","status":"publish","type":"page","link":"https:\/\/www.evang-friedhof.at\/simmering\/hermann-potocnik-noordnung\/","title":{"rendered":"Hermann Poto\u010dnik NOORDNUNG"},"content":{"rendered":"<p><a href=\"http:\/\/www.evang-friedhof.at\/simmering\/wp-content\/uploads\/2022\/11\/12-5-35-Potocnik-2.jpg\"><img loading=\"lazy\" decoding=\"async\" class=\"alignleft size-medium wp-image-23741\" src=\"http:\/\/www.evang-friedhof.at\/simmering\/wp-content\/uploads\/2022\/11\/12-5-35-Potocnik-2-225x300.jpg\" alt=\"\" width=\"225\" height=\"300\" srcset=\"https:\/\/www.evang-friedhof.at\/simmering\/wp-content\/uploads\/2022\/11\/12-5-35-Potocnik-2-225x300.jpg 225w, https:\/\/www.evang-friedhof.at\/simmering\/wp-content\/uploads\/2022\/11\/12-5-35-Potocnik-2-768x1024.jpg 768w, https:\/\/www.evang-friedhof.at\/simmering\/wp-content\/uploads\/2022\/11\/12-5-35-Potocnik-2-350x467.jpg 350w, https:\/\/www.evang-friedhof.at\/simmering\/wp-content\/uploads\/2022\/11\/12-5-35-Potocnik-2.jpg 1080w\" sizes=\"auto, (max-width: 225px) 100vw, 225px\" \/><\/a>Einer der Begr\u00fcnder der Raumfahrttechnik<\/p>\n<p>Geb.: 22.12.1892 in Pola\/Istrien<br \/>\nGest.: 27.09.1929 in Wien<\/p>\n<p>Poto\u010dnik war der Sohn des k.u.k. Marinestabsarztes Dr. Josef Poto\u010dnik, geboren in Windisch-Gratz (heute Slovenj Grades in Slowenien), und Maria Poto\u010dnik, geboren Kokoschinegg, aus Marburg (heute Maribor in Slowenien).<\/p>\n<p>1894, als der Vater starb, traf die Mutter die Entscheidung, mit den drei Kindern nach Marburg in der Steiermark zu ziehen, wo Hermann Poto\u010dnik im Jahr 1903 die f\u00fcnfkl\u00e4ssige Knabenvolksschule abschloss. Nach seiner Matura besuchte er die Technische Milit\u00e4rakademie in M\u00f6dling und wurde 1913 als Ingenieur und Unterleutnant, spezialisiert auf Eisenbahn- und Br\u00fcckenbau, ausgemustert.<br \/>\n1919 wechselte er vom r\u00f6misch-katholischen Glauben zur evangelischen Kirche A.B.<br \/>\n1918 begann er das Studium an der Maschinenbauschule der Technischen Hochschule in Wien, Unterabteilung f\u00fcr Elektrotechnik, und absolvierte es 1925 als Diplomingenieur. Ende 1928 ver\u00f6ffentlichte Poto\u010dnik unter dem Pseudonym Hermann Noordung sein einziges Buch, Das Problem der Befahrung des Weltraums. Der Raketen-Motor, das sein Berliner Verleger Richard Carl Schmidt mit dem offiziellen Erscheinungsjahr 1929 drucken lie\u00df. Darin offenbarte Poto\u010dnik seine Pl\u00e4ne zur Eroberung des Alls und Erschaffung von Erdbedingungen. Das Werk enth\u00e4lt zahlreiche originelle Ideen, beispielsweise \u00fcber die Erzeugung k\u00fcnstlicher Schwerkraft in einer bemannten Raumstation, technische L\u00f6sungen zu Fragen der Raumfahrtmedizin, aber auch Warnungen vor den Gefahren, die der raumfahrttechnische Fortschritt mit sich bringt. Er schlie\u00dft mit dem philosophischen Gedanken \u00fcber die Selbstverwirklichung der Menschheit, die erst durch die \u00dcbertragung der irdischen Kultur auf Gro\u00dfteil von den bisherigen Errungenschaften der Raumfahrttechnik best\u00e4tigt. Sein Raketenmotor ist der Vorreiter des modernen D\u00fcsenmotors. Poto\u010dnik gilt auch als der Erfinder der Synchronbahn f\u00fcr geostation\u00e4re Satelliten.<\/p>\n<p>Hermann Poto\u010dnik starb am 27. August 1929. Drei Tage sp\u00e4ter wurde er in der evangelischen Abteilung des Wiener Zentralfriedhofs (Sektor 12, Reihe 6, Grabnummer 36) bestattet. Ende der 60er Jahre wurde das Grab aufgelassen. Durch Erkundigung wurde der Standort von Poto\u010dniks Grab im Jahr 2012 wiederentdeckt. Auf besonderes Ersuchen hat ihm die Verwaltung der evangelischen Friedhofsabteilung das benachbarte Grab Nr. 35 zugeteilt. Auf diesem Grab lie\u00df die Stadtgemeinde Maribor 2014 zu Ehren des Hermann Poto\u010dnik einen Gedenkstein \u2013 ein Kenotaph errichten.<\/p>\n","protected":false},"excerpt":{"rendered":"<p>Einer der Begr\u00fcnder der Raumfahrttechnik Geb.: 22.12.1892 in Pola\/Istrien Gest.: 27.09.1929 in Wien Poto\u010dnik war der Sohn des k.u.k. Marinestabsarztes Dr. Josef Poto\u010dnik, geboren in Windisch-Gratz (heute Slovenj Grades in Slowenien), und Maria Poto\u010dnik, geboren Kokoschinegg, aus Marburg (heute Maribor in Slowenien). 1894, als der Vater starb, traf die Mutter die Entscheidung, mit den drei &hellip; <\/p>\n<p class=\"link-more\"><a href=\"https:\/\/www.evang-friedhof.at\/simmering\/hermann-potocnik-noordnung\/\" class=\"more-link\"><span class=\"screen-reader-text\">\u201eHermann Poto\u010dnik NOORDNUNG\u201c <\/span>weiterlesen<\/a><\/p>\n","protected":false},"author":1,"featured_media":0,"parent":0,"menu_order":0,"comment_status":"closed","ping_status":"closed","template":"","meta":{"ngg_post_thumbnail":0,"footnotes":""},"class_list":["post-23740","page","type-page","status-publish","hentry"],"_links":{"self":[{"href":"https:\/\/www.evang-friedhof.at\/simmering\/wp-json\/wp\/v2\/pages\/23740","targetHints":{"allow":["GET"]}}],"collection":[{"href":"https:\/\/www.evang-friedhof.at\/simmering\/wp-json\/wp\/v2\/pages"}],"about":[{"href":"https:\/\/www.evang-friedhof.at\/simmering\/wp-json\/wp\/v2\/types\/page"}],"author":[{"embeddable":true,"href":"https:\/\/www.evang-friedhof.at\/simmering\/wp-json\/wp\/v2\/users\/1"}],"replies":[{"embeddable":true,"href":"https:\/\/www.evang-friedhof.at\/simmering\/wp-json\/wp\/v2\/comments?post=23740"}],"version-history":[{"count":1,"href":"https:\/\/www.evang-friedhof.at\/simmering\/wp-json\/wp\/v2\/pages\/23740\/revisions"}],"predecessor-version":[{"id":23742,"href":"https:\/\/www.evang-friedhof.at\/simmering\/wp-json\/wp\/v2\/pages\/23740\/revisions\/23742"}],"wp:attachment":[{"href":"https:\/\/www.evang-friedhof.at\/simmering\/wp-json\/wp\/v2\/media?parent=23740"}],"curies":[{"name":"wp","href":"https:\/\/api.w.org\/{rel}","templated":true}]}}