{"id":23734,"date":"2022-11-02T16:15:11","date_gmt":"2022-11-02T15:15:11","guid":{"rendered":"https:\/\/www.evang-friedhof.at\/simmering\/?page_id=23734"},"modified":"2022-11-02T16:15:11","modified_gmt":"2022-11-02T15:15:11","slug":"dr-josef-kallbrunner","status":"publish","type":"page","link":"https:\/\/www.evang-friedhof.at\/simmering\/dr-josef-kallbrunner\/","title":{"rendered":"Dr. Josef KALLBRUNNER"},"content":{"rendered":"<p><a href=\"http:\/\/www.evang-friedhof.at\/simmering\/wp-content\/uploads\/2022\/11\/10-5-20-Kallbrunner.jpg\"><img loading=\"lazy\" decoding=\"async\" class=\"alignleft size-medium wp-image-23735\" src=\"http:\/\/www.evang-friedhof.at\/simmering\/wp-content\/uploads\/2022\/11\/10-5-20-Kallbrunner-225x300.jpg\" alt=\"\" width=\"225\" height=\"300\" srcset=\"https:\/\/www.evang-friedhof.at\/simmering\/wp-content\/uploads\/2022\/11\/10-5-20-Kallbrunner-225x300.jpg 225w, https:\/\/www.evang-friedhof.at\/simmering\/wp-content\/uploads\/2022\/11\/10-5-20-Kallbrunner-768x1024.jpg 768w, https:\/\/www.evang-friedhof.at\/simmering\/wp-content\/uploads\/2022\/11\/10-5-20-Kallbrunner-350x467.jpg 350w, https:\/\/www.evang-friedhof.at\/simmering\/wp-content\/uploads\/2022\/11\/10-5-20-Kallbrunner.jpg 1080w\" sizes=\"auto, (max-width: 225px) 100vw, 225px\" \/><\/a>Archivar<\/p>\n<p>geb.: 23. 11. 1883, Langenlois, Nieder\u00f6sterreich<br \/>\ngest.: 29. 03. 1951, Wien<\/p>\n<p>Der Sohn des Apothekers Hermann Kallbrunner, Josef absolvierte das Gymnasium in Krems und studierte anschlie\u00dfend an der Wiener Universit\u00e4t. Nach seiner Promotion zum Doktor der Philosophie (1906) und der Absolvierung des Kurses am Institut f\u00fcr \u00f6sterreichische Geschichtsforschung, trat er in den staatlichen Archivdienst ein. Er begann im Staatsarchiv des Inneren und der Justiz und wirkte hier nur unterbrochen durch seinen Kriegseinsatz im Landsturm (1916 bis 1918) bis zu seinem Wechsel ins Hofkammerarchiv im Jahr 1926. 1918 wurde er zum Archivar und 1926 Oberarchivar im Hofkammerarchiv ernannt. 1930 avancierte er zum Direktor des Hofkammerarchivs.<\/p>\n<p>Der Schwerpunkt seiner wissenschaftlichen Forschung lag auf dem Gebiet der Wirtschafts &#8211; und Sozialgeschichte Wiens. Zu den Publikationen z\u00e4hlten \u201eDie Wiener Polizei im Zeitalter Maria Theresias\u201c und \u201eDas Wiener Hofquartierwesens und die Ma\u00dfnahmen gegen die Quartiersnot im 17. und 18. Jahrhundert\u201c. Josef Kallbrunner war auch Schriftleiter der Mitteilungen und des Jahrbuches des Vereins zur Geschichte der Stadt Wien und Herausgeber der Ver\u00f6ffentlichungen des Wiener Hofkammerarchivs.<\/p>\n<p>Lit.:<br \/>\nCzeike Felix: Historisches Lexikon Wien, Bd. 3, Wien 1994, S. 435.<br \/>\nEm\u00f6di Paul: Wer ist wer, Lexikon \u00f6sterreichischer Zeitgenossen, Wien 1937, S. 175.<br \/>\nPlaner Franz: Das Jahrbuch der Wiener Gesellschaft 1929, Wien 1929, S. 298.<\/p>\n","protected":false},"excerpt":{"rendered":"<p>Archivar geb.: 23. 11. 1883, Langenlois, Nieder\u00f6sterreich gest.: 29. 03. 1951, Wien Der Sohn des Apothekers Hermann Kallbrunner, Josef absolvierte das Gymnasium in Krems und studierte anschlie\u00dfend an der Wiener Universit\u00e4t. Nach seiner Promotion zum Doktor der Philosophie (1906) und der Absolvierung des Kurses am Institut f\u00fcr \u00f6sterreichische Geschichtsforschung, trat er in den staatlichen Archivdienst &hellip; <\/p>\n<p class=\"link-more\"><a href=\"https:\/\/www.evang-friedhof.at\/simmering\/dr-josef-kallbrunner\/\" class=\"more-link\"><span class=\"screen-reader-text\">\u201eDr. Josef KALLBRUNNER\u201c <\/span>weiterlesen<\/a><\/p>\n","protected":false},"author":1,"featured_media":0,"parent":0,"menu_order":0,"comment_status":"closed","ping_status":"closed","template":"","meta":{"ngg_post_thumbnail":0,"footnotes":""},"class_list":["post-23734","page","type-page","status-publish","hentry"],"_links":{"self":[{"href":"https:\/\/www.evang-friedhof.at\/simmering\/wp-json\/wp\/v2\/pages\/23734","targetHints":{"allow":["GET"]}}],"collection":[{"href":"https:\/\/www.evang-friedhof.at\/simmering\/wp-json\/wp\/v2\/pages"}],"about":[{"href":"https:\/\/www.evang-friedhof.at\/simmering\/wp-json\/wp\/v2\/types\/page"}],"author":[{"embeddable":true,"href":"https:\/\/www.evang-friedhof.at\/simmering\/wp-json\/wp\/v2\/users\/1"}],"replies":[{"embeddable":true,"href":"https:\/\/www.evang-friedhof.at\/simmering\/wp-json\/wp\/v2\/comments?post=23734"}],"version-history":[{"count":1,"href":"https:\/\/www.evang-friedhof.at\/simmering\/wp-json\/wp\/v2\/pages\/23734\/revisions"}],"predecessor-version":[{"id":23736,"href":"https:\/\/www.evang-friedhof.at\/simmering\/wp-json\/wp\/v2\/pages\/23734\/revisions\/23736"}],"wp:attachment":[{"href":"https:\/\/www.evang-friedhof.at\/simmering\/wp-json\/wp\/v2\/media?parent=23734"}],"curies":[{"name":"wp","href":"https:\/\/api.w.org\/{rel}","templated":true}]}}