{"id":23731,"date":"2022-11-02T16:14:43","date_gmt":"2022-11-02T15:14:43","guid":{"rendered":"https:\/\/www.evang-friedhof.at\/simmering\/?page_id=23731"},"modified":"2022-11-02T16:14:43","modified_gmt":"2022-11-02T15:14:43","slug":"erich-adolf-johanny","status":"publish","type":"page","link":"https:\/\/www.evang-friedhof.at\/simmering\/erich-adolf-johanny\/","title":{"rendered":"Erich Adolf JOHANNY"},"content":{"rendered":"<div class=\"description\"><a href=\"http:\/\/www.evang-friedhof.at\/simmering\/wp-content\/uploads\/2022\/11\/P-8-Johanny-3.jpg\"><img loading=\"lazy\" decoding=\"async\" class=\"alignleft size-medium wp-image-23732\" src=\"http:\/\/www.evang-friedhof.at\/simmering\/wp-content\/uploads\/2022\/11\/P-8-Johanny-3-225x300.jpg\" alt=\"\" width=\"225\" height=\"300\" srcset=\"https:\/\/www.evang-friedhof.at\/simmering\/wp-content\/uploads\/2022\/11\/P-8-Johanny-3-225x300.jpg 225w, https:\/\/www.evang-friedhof.at\/simmering\/wp-content\/uploads\/2022\/11\/P-8-Johanny-3-768x1024.jpg 768w, https:\/\/www.evang-friedhof.at\/simmering\/wp-content\/uploads\/2022\/11\/P-8-Johanny-3-350x467.jpg 350w, https:\/\/www.evang-friedhof.at\/simmering\/wp-content\/uploads\/2022\/11\/P-8-Johanny-3.jpg 1080w\" sizes=\"auto, (max-width: 225px) 100vw, 225px\" \/><\/a>Pfarrer<\/p>\n<p>geb.: 29. 05. 1861, Ple\u00df (Pszczyna) Preu\u00df. Schlesien heute Polen<br \/>\ngest.: 6. 03. 1912, Wien<\/p>\n<p>Der evangelische Theologe studierte an den Universit\u00e4ten Wien und Krakau. Er legte 1884 die Pfarramtspr\u00fcfung ab und promovierte 1886 zum Doktor der Philosophie in Krakau. 1885 wurde er Pfarrer in Gablonz (Jablonec) und kam 1889 als 1. Pfarrer nach Wien &#8211; W\u00e4hring. In seiner Amtszeit erfolgte 1898 der Bau der Lutherkirche durch Ludwig Bach und Theodor Sch\u00f6ne. Ab 1901 wirkte er als Pfarrer in Wien Innere Stadt. Gro\u00dfe Verdienste erwarb er sich f\u00fcr den Ausbau der Betreuung der westlich von Wien lebenden evangelischen Diaspora.<\/p>\n<p>Lit.:<br \/>\nAkad. d. Wiss. (Hrsg.): \u00d6strreichisches Biographisches Lexikon, Bd. 2, Graz 1965, S. 123<br \/>\nCzeike Felix: Historisches Lexikon Wien, Bd. 3, Wien 1994, S. 373<\/p><\/div>\n","protected":false},"excerpt":{"rendered":"<p>Pfarrer geb.: 29. 05. 1861, Ple\u00df (Pszczyna) Preu\u00df. Schlesien heute Polen gest.: 6. 03. 1912, Wien Der evangelische Theologe studierte an den Universit\u00e4ten Wien und Krakau. Er legte 1884 die Pfarramtspr\u00fcfung ab und promovierte 1886 zum Doktor der Philosophie in Krakau. 1885 wurde er Pfarrer in Gablonz (Jablonec) und kam 1889 als 1. Pfarrer nach &hellip; <\/p>\n<p class=\"link-more\"><a href=\"https:\/\/www.evang-friedhof.at\/simmering\/erich-adolf-johanny\/\" class=\"more-link\"><span class=\"screen-reader-text\">\u201eErich Adolf JOHANNY\u201c <\/span>weiterlesen<\/a><\/p>\n","protected":false},"author":1,"featured_media":0,"parent":0,"menu_order":0,"comment_status":"closed","ping_status":"closed","template":"","meta":{"ngg_post_thumbnail":0,"footnotes":""},"class_list":["post-23731","page","type-page","status-publish","hentry"],"_links":{"self":[{"href":"https:\/\/www.evang-friedhof.at\/simmering\/wp-json\/wp\/v2\/pages\/23731","targetHints":{"allow":["GET"]}}],"collection":[{"href":"https:\/\/www.evang-friedhof.at\/simmering\/wp-json\/wp\/v2\/pages"}],"about":[{"href":"https:\/\/www.evang-friedhof.at\/simmering\/wp-json\/wp\/v2\/types\/page"}],"author":[{"embeddable":true,"href":"https:\/\/www.evang-friedhof.at\/simmering\/wp-json\/wp\/v2\/users\/1"}],"replies":[{"embeddable":true,"href":"https:\/\/www.evang-friedhof.at\/simmering\/wp-json\/wp\/v2\/comments?post=23731"}],"version-history":[{"count":1,"href":"https:\/\/www.evang-friedhof.at\/simmering\/wp-json\/wp\/v2\/pages\/23731\/revisions"}],"predecessor-version":[{"id":23733,"href":"https:\/\/www.evang-friedhof.at\/simmering\/wp-json\/wp\/v2\/pages\/23731\/revisions\/23733"}],"wp:attachment":[{"href":"https:\/\/www.evang-friedhof.at\/simmering\/wp-json\/wp\/v2\/media?parent=23731"}],"curies":[{"name":"wp","href":"https:\/\/api.w.org\/{rel}","templated":true}]}}