{"id":23729,"date":"2022-11-02T16:14:14","date_gmt":"2022-11-02T15:14:14","guid":{"rendered":"https:\/\/www.evang-friedhof.at\/simmering\/?page_id=23729"},"modified":"2022-11-02T16:14:14","modified_gmt":"2022-11-02T15:14:14","slug":"gerhard-jax","status":"publish","type":"page","link":"https:\/\/www.evang-friedhof.at\/simmering\/gerhard-jax\/","title":{"rendered":"Gerhard JAX"},"content":{"rendered":"<p><a href=\"http:\/\/www.evang-friedhof.at\/simmering\/wp-content\/uploads\/2022\/11\/marmor-grabstein-mit-blumen-dekor-v1079.jpg\"><img loading=\"lazy\" decoding=\"async\" class=\"alignleft size-medium wp-image-23658\" src=\"http:\/\/www.evang-friedhof.at\/simmering\/wp-content\/uploads\/2022\/11\/marmor-grabstein-mit-blumen-dekor-v1079-300x300.jpg\" alt=\"\" width=\"300\" height=\"300\" srcset=\"https:\/\/www.evang-friedhof.at\/simmering\/wp-content\/uploads\/2022\/11\/marmor-grabstein-mit-blumen-dekor-v1079-300x300.jpg 300w, https:\/\/www.evang-friedhof.at\/simmering\/wp-content\/uploads\/2022\/11\/marmor-grabstein-mit-blumen-dekor-v1079-150x150.jpg 150w, https:\/\/www.evang-friedhof.at\/simmering\/wp-content\/uploads\/2022\/11\/marmor-grabstein-mit-blumen-dekor-v1079-100x100.jpg 100w, https:\/\/www.evang-friedhof.at\/simmering\/wp-content\/uploads\/2022\/11\/marmor-grabstein-mit-blumen-dekor-v1079-250x250.jpg 250w, https:\/\/www.evang-friedhof.at\/simmering\/wp-content\/uploads\/2022\/11\/marmor-grabstein-mit-blumen-dekor-v1079.jpg 310w\" sizes=\"auto, (max-width: 300px) 100vw, 300px\" \/><\/a>B\u00fchnenbildner<\/p>\n<p>geb.: 3. 08. 1944, Wien<br \/>\ngest.: 1. 01.1990, Wien<\/p>\n<p>Gerhard Jax studierte Architektur und kam in Kontakt mit der Theatertruppe \u201eDie Kom\u00f6dianten\u201c von Conny Hannes Meyer. In der Folge arbeitete er als B\u00fchnenbildner f\u00fcr diese Gruppe insbesondere ab 1974 in deren festen Domizil im Theater im K\u00fcnstlerhaus, das durch Umbau des franz\u00f6sischen Saales entstanden war.<\/p>\n<p>Daneben war er aber auch an anderen Theatern t\u00e4tig. 1984 erhielt er f\u00fcr seine Ausstattung von Claudels \u201eMittagswerk\u201c im Theater in der Josefstadt die Kainzmedaille verliehen.<\/p>\n<p>Er besch\u00e4ftigte sich aber nicht ausschlie\u00dflich mit der B\u00fchnenkunst sondern f\u00fcr das Schafbergbad in Wien schuf er eine Brunnenanlage. Sein Grabmal, das er selbst entworfen hatte, zeigt einen schr\u00e4g gestellten Kubus.<\/p>\n<p>Lit.:<br \/>\nWSTLA: Biographischer Akt.<\/p>\n","protected":false},"excerpt":{"rendered":"<p>B\u00fchnenbildner geb.: 3. 08. 1944, Wien gest.: 1. 01.1990, Wien Gerhard Jax studierte Architektur und kam in Kontakt mit der Theatertruppe \u201eDie Kom\u00f6dianten\u201c von Conny Hannes Meyer. In der Folge arbeitete er als B\u00fchnenbildner f\u00fcr diese Gruppe insbesondere ab 1974 in deren festen Domizil im Theater im K\u00fcnstlerhaus, das durch Umbau des franz\u00f6sischen Saales entstanden &hellip; <\/p>\n<p class=\"link-more\"><a href=\"https:\/\/www.evang-friedhof.at\/simmering\/gerhard-jax\/\" class=\"more-link\"><span class=\"screen-reader-text\">\u201eGerhard JAX\u201c <\/span>weiterlesen<\/a><\/p>\n","protected":false},"author":1,"featured_media":0,"parent":0,"menu_order":0,"comment_status":"closed","ping_status":"closed","template":"","meta":{"ngg_post_thumbnail":0,"footnotes":""},"class_list":["post-23729","page","type-page","status-publish","hentry"],"_links":{"self":[{"href":"https:\/\/www.evang-friedhof.at\/simmering\/wp-json\/wp\/v2\/pages\/23729","targetHints":{"allow":["GET"]}}],"collection":[{"href":"https:\/\/www.evang-friedhof.at\/simmering\/wp-json\/wp\/v2\/pages"}],"about":[{"href":"https:\/\/www.evang-friedhof.at\/simmering\/wp-json\/wp\/v2\/types\/page"}],"author":[{"embeddable":true,"href":"https:\/\/www.evang-friedhof.at\/simmering\/wp-json\/wp\/v2\/users\/1"}],"replies":[{"embeddable":true,"href":"https:\/\/www.evang-friedhof.at\/simmering\/wp-json\/wp\/v2\/comments?post=23729"}],"version-history":[{"count":1,"href":"https:\/\/www.evang-friedhof.at\/simmering\/wp-json\/wp\/v2\/pages\/23729\/revisions"}],"predecessor-version":[{"id":23730,"href":"https:\/\/www.evang-friedhof.at\/simmering\/wp-json\/wp\/v2\/pages\/23729\/revisions\/23730"}],"wp:attachment":[{"href":"https:\/\/www.evang-friedhof.at\/simmering\/wp-json\/wp\/v2\/media?parent=23729"}],"curies":[{"name":"wp","href":"https:\/\/api.w.org\/{rel}","templated":true}]}}