{"id":23726,"date":"2022-11-02T16:13:51","date_gmt":"2022-11-02T15:13:51","guid":{"rendered":"https:\/\/www.evang-friedhof.at\/simmering\/?page_id=23726"},"modified":"2022-11-02T16:13:51","modified_gmt":"2022-11-02T15:13:51","slug":"friedrich-jasper","status":"publish","type":"page","link":"https:\/\/www.evang-friedhof.at\/simmering\/friedrich-jasper\/","title":{"rendered":"Friedrich JASPER"},"content":{"rendered":"<p><a href=\"http:\/\/www.evang-friedhof.at\/simmering\/wp-content\/uploads\/2022\/11\/1-550-Jasper.jpg\"><img loading=\"lazy\" decoding=\"async\" class=\"alignleft size-medium wp-image-23727\" src=\"http:\/\/www.evang-friedhof.at\/simmering\/wp-content\/uploads\/2022\/11\/1-550-Jasper-300x225.jpg\" alt=\"\" width=\"300\" height=\"225\" srcset=\"https:\/\/www.evang-friedhof.at\/simmering\/wp-content\/uploads\/2022\/11\/1-550-Jasper-300x225.jpg 300w, https:\/\/www.evang-friedhof.at\/simmering\/wp-content\/uploads\/2022\/11\/1-550-Jasper-1024x768.jpg 1024w, https:\/\/www.evang-friedhof.at\/simmering\/wp-content\/uploads\/2022\/11\/1-550-Jasper-768x576.jpg 768w, https:\/\/www.evang-friedhof.at\/simmering\/wp-content\/uploads\/2022\/11\/1-550-Jasper-350x263.jpg 350w, https:\/\/www.evang-friedhof.at\/simmering\/wp-content\/uploads\/2022\/11\/1-550-Jasper.jpg 1440w\" sizes=\"auto, (max-width: 300px) 100vw, 300px\" \/><\/a>Buchdrucker<\/p>\n<p>geb.: 22. 01. 1847, Wien<br \/>\ngest.: 14. 04. 1938, Wien<\/p>\n<p>Nachdem Friedrich Jasper die Realschule absolviert hatte, erlernte er ab 1866 das Buchdruckergewerbe und \u00fcbernahm 1869 einen kleinen Betrieb, den er zu einer technisch und organisatorisch vorbildlichen Gro\u00dfdruckerei ausbaute. So f\u00fchrte er 1879 die Stereotypie ein.<\/p>\n<p>1872 gr\u00fcndete er den Deutsch &#8211; \u00d6sterreichischen Buchdruckerverein und war 1899 an der Schaffung des Reichsverbandes der \u00f6sterreichischen Buchdruckereibesitzer, sowie 1904 an der Organisation des \u00d6sterreichischen Buchdruckertages mitbeteiligt.<\/p>\n<p>Friedrich Jasper, der fast drei Jahrzehnte Gremialvorsteher der Buchdrucker war, widmete sich aber auch der Aus &#8211; und Weiterbildung des Nachwuchses durch die Gr\u00fcndung der Lehrlingsfachschule, die sp\u00e4ter in Gremial und Fortbildungsschule umbenannt wurde. Zu seinen Aktivit\u00e4ten z\u00e4hlte auch die Umwandlung der Wiener Versuchsanstalt f\u00fcr die Photographie zur Graphischen Lehr &#8211; und Versuchsanstalt sowie der Gr\u00fcndung der Sektion f\u00fcr Buchdruck an dieser Anstalt. Schlie\u00dflich beteiligte er sich an den Bestrebungen der Dudenradaktion zur Vereinheitlichung der deutschen Rechtschreibung.<\/p>\n<p>Lit.:<br \/>\nAkad. d. Wiss. (Hrsg.): \u00d6sterreichisches Biographisches Lexikon, Bd. 3, Graz 1961, S. 85<br \/>\nCzeike Felix: Historisches Lexikon Wien, Bd. 3, Wien 1994, S. 345<br \/>\nHavelka Hans: Der Wiener Zentralfriedhof, Wien 1989, S. 128<br \/>\nKleindel Walter: Das gro\u00dfe Buch der \u00d6sterreicher, Wien 1987, S. 219<\/p>\n","protected":false},"excerpt":{"rendered":"<p>Buchdrucker geb.: 22. 01. 1847, Wien gest.: 14. 04. 1938, Wien Nachdem Friedrich Jasper die Realschule absolviert hatte, erlernte er ab 1866 das Buchdruckergewerbe und \u00fcbernahm 1869 einen kleinen Betrieb, den er zu einer technisch und organisatorisch vorbildlichen Gro\u00dfdruckerei ausbaute. So f\u00fchrte er 1879 die Stereotypie ein. 1872 gr\u00fcndete er den Deutsch &#8211; \u00d6sterreichischen Buchdruckerverein &hellip; <\/p>\n<p class=\"link-more\"><a href=\"https:\/\/www.evang-friedhof.at\/simmering\/friedrich-jasper\/\" class=\"more-link\"><span class=\"screen-reader-text\">\u201eFriedrich JASPER\u201c <\/span>weiterlesen<\/a><\/p>\n","protected":false},"author":1,"featured_media":0,"parent":0,"menu_order":0,"comment_status":"closed","ping_status":"closed","template":"","meta":{"ngg_post_thumbnail":0,"footnotes":""},"class_list":["post-23726","page","type-page","status-publish","hentry"],"_links":{"self":[{"href":"https:\/\/www.evang-friedhof.at\/simmering\/wp-json\/wp\/v2\/pages\/23726","targetHints":{"allow":["GET"]}}],"collection":[{"href":"https:\/\/www.evang-friedhof.at\/simmering\/wp-json\/wp\/v2\/pages"}],"about":[{"href":"https:\/\/www.evang-friedhof.at\/simmering\/wp-json\/wp\/v2\/types\/page"}],"author":[{"embeddable":true,"href":"https:\/\/www.evang-friedhof.at\/simmering\/wp-json\/wp\/v2\/users\/1"}],"replies":[{"embeddable":true,"href":"https:\/\/www.evang-friedhof.at\/simmering\/wp-json\/wp\/v2\/comments?post=23726"}],"version-history":[{"count":1,"href":"https:\/\/www.evang-friedhof.at\/simmering\/wp-json\/wp\/v2\/pages\/23726\/revisions"}],"predecessor-version":[{"id":23728,"href":"https:\/\/www.evang-friedhof.at\/simmering\/wp-json\/wp\/v2\/pages\/23726\/revisions\/23728"}],"wp:attachment":[{"href":"https:\/\/www.evang-friedhof.at\/simmering\/wp-json\/wp\/v2\/media?parent=23726"}],"curies":[{"name":"wp","href":"https:\/\/api.w.org\/{rel}","templated":true}]}}