{"id":23723,"date":"2022-11-02T16:13:21","date_gmt":"2022-11-02T15:13:21","guid":{"rendered":"https:\/\/www.evang-friedhof.at\/simmering\/?page_id=23723"},"modified":"2022-11-02T16:13:21","modified_gmt":"2022-11-02T15:13:21","slug":"oskar-jascha","status":"publish","type":"page","link":"https:\/\/www.evang-friedhof.at\/simmering\/oskar-jascha\/","title":{"rendered":"Oskar JASCHA"},"content":{"rendered":"<p><a href=\"http:\/\/www.evang-friedhof.at\/simmering\/wp-content\/uploads\/2022\/11\/7-Gr-1-Jascha-4.jpg\"><img loading=\"lazy\" decoding=\"async\" class=\"alignleft size-medium wp-image-23724\" src=\"http:\/\/www.evang-friedhof.at\/simmering\/wp-content\/uploads\/2022\/11\/7-Gr-1-Jascha-4-300x225.jpg\" alt=\"\" width=\"300\" height=\"225\" srcset=\"https:\/\/www.evang-friedhof.at\/simmering\/wp-content\/uploads\/2022\/11\/7-Gr-1-Jascha-4-300x225.jpg 300w, https:\/\/www.evang-friedhof.at\/simmering\/wp-content\/uploads\/2022\/11\/7-Gr-1-Jascha-4-1024x768.jpg 1024w, https:\/\/www.evang-friedhof.at\/simmering\/wp-content\/uploads\/2022\/11\/7-Gr-1-Jascha-4-768x576.jpg 768w, https:\/\/www.evang-friedhof.at\/simmering\/wp-content\/uploads\/2022\/11\/7-Gr-1-Jascha-4-350x263.jpg 350w, https:\/\/www.evang-friedhof.at\/simmering\/wp-content\/uploads\/2022\/11\/7-Gr-1-Jascha-4.jpg 1440w\" sizes=\"auto, (max-width: 300px) 100vw, 300px\" \/><\/a>Komponist<\/p>\n<p>geb.: 4. 06. 1881<br \/>\ngest.: 9. 01.1948, Wien<\/p>\n<p>Oskar Jascha erhielt seine Ausbildung am Konservatorium und ging dann ins Engagement. Er war Kapellmeister am Theater an der Wien sowie im Stadttheater und komponierte zahlreiche Operetten, darunter \u201eDie Brasilianerin\u201c, die 1923 im Carltheater uraufgef\u00fchrt wurde und \u201eRevanche\u201c f\u00fcr das B\u00fcrgertheater. Er schrieb aber auch Singspiele wie, \u201eAde, du liebes Elternhaus\u201c oder \u201eIch hab mein Herz in Heidelberg verloren\u201c und Revuen, von denen \u201eIn Berlin ist was los\u201c 1905 am Carl Wei\u00df Theater in Berlin zum ersten Mal in Szene ging. Insgesamt umfasste sein Oeuvre rund 200 Werke.<\/p>\n<p>In den letzten Jahren seines Lebens arbeitete er am B\u00fcrgertheater und leitete auch Auff\u00fchrungen des Gro\u00dfen Rundfunkorchesters.<\/p>\n<p>Lit.:<br \/>\nCzeike Felix: Historisches Lexikon Wien, Bd. 4, Wien 1995, S. 464<br \/>\nStieger Franz: Opernlexikon, Teil II, Bd.2, Tutzing 1977, S. 534<br \/>\nWSTLA: Biographischer Akt<\/p>\n","protected":false},"excerpt":{"rendered":"<p>Komponist geb.: 4. 06. 1881 gest.: 9. 01.1948, Wien Oskar Jascha erhielt seine Ausbildung am Konservatorium und ging dann ins Engagement. Er war Kapellmeister am Theater an der Wien sowie im Stadttheater und komponierte zahlreiche Operetten, darunter \u201eDie Brasilianerin\u201c, die 1923 im Carltheater uraufgef\u00fchrt wurde und \u201eRevanche\u201c f\u00fcr das B\u00fcrgertheater. Er schrieb aber auch Singspiele &hellip; <\/p>\n<p class=\"link-more\"><a href=\"https:\/\/www.evang-friedhof.at\/simmering\/oskar-jascha\/\" class=\"more-link\"><span class=\"screen-reader-text\">\u201eOskar JASCHA\u201c <\/span>weiterlesen<\/a><\/p>\n","protected":false},"author":1,"featured_media":0,"parent":0,"menu_order":0,"comment_status":"closed","ping_status":"closed","template":"","meta":{"ngg_post_thumbnail":0,"footnotes":""},"class_list":["post-23723","page","type-page","status-publish","hentry"],"_links":{"self":[{"href":"https:\/\/www.evang-friedhof.at\/simmering\/wp-json\/wp\/v2\/pages\/23723","targetHints":{"allow":["GET"]}}],"collection":[{"href":"https:\/\/www.evang-friedhof.at\/simmering\/wp-json\/wp\/v2\/pages"}],"about":[{"href":"https:\/\/www.evang-friedhof.at\/simmering\/wp-json\/wp\/v2\/types\/page"}],"author":[{"embeddable":true,"href":"https:\/\/www.evang-friedhof.at\/simmering\/wp-json\/wp\/v2\/users\/1"}],"replies":[{"embeddable":true,"href":"https:\/\/www.evang-friedhof.at\/simmering\/wp-json\/wp\/v2\/comments?post=23723"}],"version-history":[{"count":1,"href":"https:\/\/www.evang-friedhof.at\/simmering\/wp-json\/wp\/v2\/pages\/23723\/revisions"}],"predecessor-version":[{"id":23725,"href":"https:\/\/www.evang-friedhof.at\/simmering\/wp-json\/wp\/v2\/pages\/23723\/revisions\/23725"}],"wp:attachment":[{"href":"https:\/\/www.evang-friedhof.at\/simmering\/wp-json\/wp\/v2\/media?parent=23723"}],"curies":[{"name":"wp","href":"https:\/\/api.w.org\/{rel}","templated":true}]}}